{"id":16996,"date":"2025-09-12T08:48:00","date_gmt":"2025-09-12T05:48:00","guid":{"rendered":"http:\/\/localhost\/verneri\/selko-dev\/?page_id=16996"},"modified":"2026-02-20T09:17:39","modified_gmt":"2026-02-20T07:17:39","slug":"fasd","status":"publish","type":"page","link":"https:\/\/verneri.net\/selko\/hyvinvointi\/vammaisuus\/fasd\/","title":{"rendered":"FASD"},"content":{"rendered":"<p>FASD tulee sanoista Fetal Alcohol Spectrum Disorders. FASD tarkoittaa sit\u00e4, ett\u00e4 on altistunut alkoholille raskauden aikana. <span data-olk-copy-source=\"MessageBody\"> FASD johtuu siit\u00e4, ett\u00e4 \u00e4iti on juonut alkoholia raskauden aikana.<\/span><\/p>\n<p>FASD voi vaikuttaa esimerkiksi<\/p>\n<ul>\n<li>oppimiseen<\/li>\n<li>hahmottamiseen<\/li>\n<li>ymm\u00e4rt\u00e4miseen<\/li>\n<li>keskittymiseen<\/li>\n<li>tarkkaavuuteen<\/li>\n<li>jaksamiseen<\/li>\n<li>tunteiden s\u00e4\u00e4telyyn<\/li>\n<li>muistiin.<\/li>\n<\/ul>\n<p>Haasteisiin voi saada monenlaista tukea. Tukea voi pyyt\u00e4\u00e4 esimerkiksi koulun terveydenhoitajalta tai terveyskeskuksesta.<\/p>\n<p class=\"xmsonormal\">Seuraavat sarjakuvat kertovat tilanteista, joissa FASD voi tulla esiin.<\/p>\n<h2>Kaaos p\u00e4\u00e4ss\u00e4<\/h2>\n<p><img loading=\"lazy\" decoding=\"async\" class=\"alignnone size-full wp-image-17078\" src=\"https:\/\/verneri.net\/selko\/wp-content\/uploads\/sites\/2\/2025\/09\/fasd-sarjakuva-01b.jpg\" alt=\"Kaaos p\u00e4\u00e4ss\u00e4 -niminen sarjakuva.\" width=\"800\" height=\"301\" srcset=\"https:\/\/verneri.net\/selko\/wp-content\/uploads\/sites\/2\/2025\/09\/fasd-sarjakuva-01b.jpg 800w, https:\/\/verneri.net\/selko\/wp-content\/uploads\/sites\/2\/2025\/09\/fasd-sarjakuva-01b-300x113.jpg 300w, https:\/\/verneri.net\/selko\/wp-content\/uploads\/sites\/2\/2025\/09\/fasd-sarjakuva-01b-768x289.jpg 768w\" sizes=\"(max-width: 800px) 100vw, 800px\" \/><\/p>\n<p>\u2013 M\u00e4 en ymm\u00e4rr\u00e4 mit\u00e4\u00e4n.<br \/>\n\u2013 Noi ohjeet on ihan sekavii.<br \/>\n\u2013 Pit\u00e4is varmaan kysyy opelta uudestaan\u2026<br \/>\n\u2013 Meen kysyyn, mit\u00e4 tehd\u00e4\u00e4n ekana!<\/p>\n<h2>Data ei siirry<\/h2>\n<p><img loading=\"lazy\" decoding=\"async\" class=\"alignnone size-full wp-image-17081\" src=\"https:\/\/verneri.net\/selko\/wp-content\/uploads\/sites\/2\/2025\/09\/fasd-sarjakuva-02.jpg\" alt=\"Data ei siirry -niminen sarjakuva.\" width=\"800\" height=\"301\" srcset=\"https:\/\/verneri.net\/selko\/wp-content\/uploads\/sites\/2\/2025\/09\/fasd-sarjakuva-02.jpg 800w, https:\/\/verneri.net\/selko\/wp-content\/uploads\/sites\/2\/2025\/09\/fasd-sarjakuva-02-300x113.jpg 300w, https:\/\/verneri.net\/selko\/wp-content\/uploads\/sites\/2\/2025\/09\/fasd-sarjakuva-02-768x289.jpg 768w\" sizes=\"(max-width: 800px) 100vw, 800px\" \/><\/p>\n<p>\u2013 Onko jotain h\u00e4t\u00e4n\u00e4?<br \/>\n\u2013 M\u00e4 en tajuu t\u00e4t\u00e4 teht\u00e4v\u00e4\u00e4! Osasin kyl koulussa, mutta nyt t\u00e4\u00e4 n\u00e4ytt\u00e4\u00e4 ihan erilt\u00e4!<br \/>\n\u2013 M\u00e4 autan sua tekem\u00e4\u00e4n sen. Ja pyyd\u00e4n sulle koulusta lis\u00e4\u00e4 apua matikkaan.<\/p>\n<h2>Kun p\u00e4re palaa<\/h2>\n<p><img loading=\"lazy\" decoding=\"async\" class=\"alignnone size-full wp-image-17080\" src=\"https:\/\/verneri.net\/selko\/wp-content\/uploads\/sites\/2\/2025\/09\/fasd-sarjakuva-03.jpg\" alt=\"Kun p\u00e4re palaa -niminen sarjakuva.\" width=\"800\" height=\"301\" srcset=\"https:\/\/verneri.net\/selko\/wp-content\/uploads\/sites\/2\/2025\/09\/fasd-sarjakuva-03.jpg 800w, https:\/\/verneri.net\/selko\/wp-content\/uploads\/sites\/2\/2025\/09\/fasd-sarjakuva-03-300x113.jpg 300w, https:\/\/verneri.net\/selko\/wp-content\/uploads\/sites\/2\/2025\/09\/fasd-sarjakuva-03-768x289.jpg 768w\" sizes=\"(max-width: 800px) 100vw, 800px\" \/><\/p>\n<p>\u2013 M\u00e4 joudun aika usein riitoihin ihmisten kans\u2026<br \/>\n\u2013 Multa vaan menee niin helposti hermot!<br \/>\n\u2013 Mulla oli ihan sama.<br \/>\n\u2013 Sit m\u00e4 tajusin, et hermot palaa, kun oon v\u00e4synyt. Kun lep\u00e4\u00e4 tarpeeks, se helpottaa.<br \/>\n\u2013 Hei kiitti vinkist\u00e4! M\u00e4 kokeilen tota.<\/p>\n<h2>Stop ved\u00e4tykselle<\/h2>\n<p><img loading=\"lazy\" decoding=\"async\" class=\"alignnone size-full wp-image-17079\" src=\"https:\/\/verneri.net\/selko\/wp-content\/uploads\/sites\/2\/2025\/09\/fasd-sarjakuva-04.jpg\" alt=\"Stop ved\u00e4tykselle -niminen sarjakuva.\" width=\"800\" height=\"301\" srcset=\"https:\/\/verneri.net\/selko\/wp-content\/uploads\/sites\/2\/2025\/09\/fasd-sarjakuva-04.jpg 800w, https:\/\/verneri.net\/selko\/wp-content\/uploads\/sites\/2\/2025\/09\/fasd-sarjakuva-04-300x113.jpg 300w, https:\/\/verneri.net\/selko\/wp-content\/uploads\/sites\/2\/2025\/09\/fasd-sarjakuva-04-768x289.jpg 768w\" sizes=\"(max-width: 800px) 100vw, 800px\" \/><\/p>\n<p>\u2013 Hei, m\u00e4 keksin hauskan jutun! K\u00e4y s\u00e4 p\u00f6llim\u00e4ss\u00e4 suklaata tuolta kaupasta meille kaikille.<br \/>\n\u2013 OK! M\u00e4 meen ja p\u00f6llin! Oottakaa t\u00e4ss\u00e4.<br \/>\n\u2013 Hei, oota. S\u00e4 voit joutuu vaikeuksiin, jos varastat.<br \/>\n\u2013 Sun ei tarvii suostuu kaikkeen, vaikka joku pyyt\u00e4is. Se ei aina oo fiksua.<\/p>\n<h2>FASD ei tartu<\/h2>\n<p><img loading=\"lazy\" decoding=\"async\" class=\"alignnone size-full wp-image-17077\" src=\"https:\/\/verneri.net\/selko\/wp-content\/uploads\/sites\/2\/2025\/09\/fasd-sarjakuva-05.jpg\" alt=\"FASD ei tartu -niminen sarjakuva.\" width=\"800\" height=\"301\" srcset=\"https:\/\/verneri.net\/selko\/wp-content\/uploads\/sites\/2\/2025\/09\/fasd-sarjakuva-05.jpg 800w, https:\/\/verneri.net\/selko\/wp-content\/uploads\/sites\/2\/2025\/09\/fasd-sarjakuva-05-300x113.jpg 300w, https:\/\/verneri.net\/selko\/wp-content\/uploads\/sites\/2\/2025\/09\/fasd-sarjakuva-05-768x289.jpg 768w\" sizes=\"(max-width: 800px) 100vw, 800px\" \/><\/p>\n<p>\u2013 M\u00e4 en kyll\u00e4 ikin\u00e4 halua lapsia.<br \/>\n\u2013 Ai miks?<br \/>\n\u2013 No ett\u00e4 ne ei saa t\u00e4t\u00e4 samaa vammaa!<br \/>\n\u2013 Hei, ei FASD periydy. Se voi tulla vaan, jos juo kun on raskaana.<br \/>\n\u2013 Ai ei vai?! No sit m\u00e4 voisin mietti\u00e4 lapsen saamista.<\/p>\n<h2>Tiesik\u00f6 mutsi<\/h2>\n<p><img loading=\"lazy\" decoding=\"async\" class=\"alignnone size-full wp-image-17076\" src=\"https:\/\/verneri.net\/selko\/wp-content\/uploads\/sites\/2\/2025\/09\/fasd-sarjakuva-06.jpg\" alt=\"Tiesik\u00f6 mutsi -niminen sarjakuva.\" width=\"800\" height=\"301\" srcset=\"https:\/\/verneri.net\/selko\/wp-content\/uploads\/sites\/2\/2025\/09\/fasd-sarjakuva-06.jpg 800w, https:\/\/verneri.net\/selko\/wp-content\/uploads\/sites\/2\/2025\/09\/fasd-sarjakuva-06-300x113.jpg 300w, https:\/\/verneri.net\/selko\/wp-content\/uploads\/sites\/2\/2025\/09\/fasd-sarjakuva-06-768x289.jpg 768w\" sizes=\"(max-width: 800px) 100vw, 800px\" \/><\/p>\n<p>\u2013 En tajuu, miten mun \u00e4iti on tehny t\u00e4n mulle. Oon niin vihanen sille!<br \/>\n\u2013 Joo, niin m\u00e4kin olin.<br \/>\n\u2013 Ja muillekin ihmisille. Miksei ne auttaneet mun \u00e4iti\u00e4, kun ei se ite osannu olla juomatta?<br \/>\n\u2013 Niin. Tiesik\u00f6h\u00e4n mutsi, et alkoholin juominen raskaana on vaarallista? Ehk\u00e4 m\u00e4 viel\u00e4 joskus voin antaa sille anteeksi.<\/p>\n<h2>Just hyv\u00e4<\/h2>\n<p><img loading=\"lazy\" decoding=\"async\" class=\"alignnone size-full wp-image-17075\" src=\"https:\/\/verneri.net\/selko\/wp-content\/uploads\/sites\/2\/2025\/09\/fasd-sarjakuva-07.jpg\" alt=\"Just hyv\u00e4 -niminen sarjakuva.\" width=\"800\" height=\"301\" srcset=\"https:\/\/verneri.net\/selko\/wp-content\/uploads\/sites\/2\/2025\/09\/fasd-sarjakuva-07.jpg 800w, https:\/\/verneri.net\/selko\/wp-content\/uploads\/sites\/2\/2025\/09\/fasd-sarjakuva-07-300x113.jpg 300w, https:\/\/verneri.net\/selko\/wp-content\/uploads\/sites\/2\/2025\/09\/fasd-sarjakuva-07-768x289.jpg 768w\" sizes=\"(max-width: 800px) 100vw, 800px\" \/><\/p>\n<p>\u2013 Mua harmittaa, kun oon n\u00e4in pienen kokoinen.<br \/>\n\u2013 Tuntuu, ettei lihaksetkaan kasva.<br \/>\n\u2013 Musta s\u00e4 oot tosi komee!<\/p>\n<h2>Tili miinuksella<\/h2>\n<p><img loading=\"lazy\" decoding=\"async\" class=\"alignnone size-full wp-image-17074\" src=\"https:\/\/verneri.net\/selko\/wp-content\/uploads\/sites\/2\/2025\/09\/fasd-sarjakuva-08.jpg\" alt=\"Tili miinuksella -niminen sarjakuva.\" width=\"800\" height=\"301\" srcset=\"https:\/\/verneri.net\/selko\/wp-content\/uploads\/sites\/2\/2025\/09\/fasd-sarjakuva-08.jpg 800w, https:\/\/verneri.net\/selko\/wp-content\/uploads\/sites\/2\/2025\/09\/fasd-sarjakuva-08-300x113.jpg 300w, https:\/\/verneri.net\/selko\/wp-content\/uploads\/sites\/2\/2025\/09\/fasd-sarjakuva-08-768x289.jpg 768w\" sizes=\"(max-width: 800px) 100vw, 800px\" \/><\/p>\n<p>\u2013 Siis mulla meni jo kaikki rahat shoppailuun. Pit\u00e4is p\u00e4rj\u00e4t\u00e4 viel\u00e4 kolme viikkoo\u2026<br \/>\n\u2013 M\u00e4kin ostin ennen mit\u00e4 sattuu, mut nyt oon v\u00e4h\u00e4n oppinu, kun katotaan \u00e4idin kaa, mihin rahat riitt\u00e4\u00e4.<br \/>\n\u2013 Ai riitt\u00e4\u00e4k\u00f6 sulla rahat koko kuukaudeks?<br \/>\n\u2013 Joo, kunhan saan v\u00e4h\u00e4n apua!<\/p>\n<h2>Homma hallussa<\/h2>\n<p><img loading=\"lazy\" decoding=\"async\" class=\"alignnone size-full wp-image-17073\" src=\"https:\/\/verneri.net\/selko\/wp-content\/uploads\/sites\/2\/2025\/09\/fasd-sarjakuva-09.jpg\" alt=\"Homma hallussa -niminen sarjakuva.\" width=\"800\" height=\"301\" srcset=\"https:\/\/verneri.net\/selko\/wp-content\/uploads\/sites\/2\/2025\/09\/fasd-sarjakuva-09.jpg 800w, https:\/\/verneri.net\/selko\/wp-content\/uploads\/sites\/2\/2025\/09\/fasd-sarjakuva-09-300x113.jpg 300w, https:\/\/verneri.net\/selko\/wp-content\/uploads\/sites\/2\/2025\/09\/fasd-sarjakuva-09-768x289.jpg 768w\" sizes=\"(max-width: 800px) 100vw, 800px\" \/><\/p>\n<p>\u2013 Mulla menee p\u00e4iv\u00e4 ihan sekaisin, jos en tii\u00e4 mit\u00e4 pit\u00e4\u00e4 tehd\u00e4.<br \/>\n\u2013 Mulla on t\u00e4\u00e4 [lukuj\u00e4rjestys]. Auttaa kun n\u00e4\u00e4n aina p\u00e4iv\u00e4n seuraavan homman kuvana.<br \/>\n\u2013 Hei, t\u00e4mm\u00f6nen vois jeesata muakin!<\/p>\n","protected":false},"excerpt":{"rendered":"<p>FASD tulee sanoista Fetal Alcohol Spectrum Disorders. FASD tarkoittaa sit\u00e4, ett\u00e4 on altistunut alkoholille raskauden aikana. FASD johtuu siit\u00e4, ett\u00e4 [&hellip;]<\/p>\n","protected":false},"author":2,"featured_media":17335,"parent":13,"menu_order":42,"comment_status":"closed","ping_status":"closed","template":"","meta":{"_acf_changed":false,"footnotes":""},"class_list":["post-16996","page","type-page","status-publish","has-post-thumbnail","hentry"],"acf":[],"_links":{"self":[{"href":"https:\/\/verneri.net\/selko\/wp-json\/wp\/v2\/pages\/16996","targetHints":{"allow":["GET"]}}],"collection":[{"href":"https:\/\/verneri.net\/selko\/wp-json\/wp\/v2\/pages"}],"about":[{"href":"https:\/\/verneri.net\/selko\/wp-json\/wp\/v2\/types\/page"}],"author":[{"embeddable":true,"href":"https:\/\/verneri.net\/selko\/wp-json\/wp\/v2\/users\/2"}],"replies":[{"embeddable":true,"href":"https:\/\/verneri.net\/selko\/wp-json\/wp\/v2\/comments?post=16996"}],"version-history":[{"count":0,"href":"https:\/\/verneri.net\/selko\/wp-json\/wp\/v2\/pages\/16996\/revisions"}],"up":[{"embeddable":true,"href":"https:\/\/verneri.net\/selko\/wp-json\/wp\/v2\/pages\/13"}],"wp:featuredmedia":[{"embeddable":true,"href":"https:\/\/verneri.net\/selko\/wp-json\/wp\/v2\/media\/17335"}],"wp:attachment":[{"href":"https:\/\/verneri.net\/selko\/wp-json\/wp\/v2\/media?parent=16996"}],"curies":[{"name":"wp","href":"https:\/\/api.w.org\/{rel}","templated":true}]}}