{"id":16997,"date":"2025-09-15T12:03:20","date_gmt":"2025-09-15T09:03:20","guid":{"rendered":"http:\/\/localhost\/verneri\/selko-dev\/?page_id=16997"},"modified":"2025-10-02T16:24:47","modified_gmt":"2025-10-02T13:24:47","slug":"tavalliseen-asumiseen","status":"publish","type":"page","link":"https:\/\/verneri.net\/selko\/hyvinvointi\/vammaisuus\/tutkimuksia-vammaisuudesta\/tavalliseen-asumiseen\/","title":{"rendered":"Tavalliseen asumiseen"},"content":{"rendered":"<p>Kehitysvammaliitto teki selvityksen kehitysvammaisten ihmisten tukiasumisesta. Tukiasumisessa kehitysvammainen ihminen asuu omassa kodissaan ja saa sinne tukea.<\/p>\n<p>T\u00e4ll\u00e4 sivulla on tiivistelm\u00e4 Kehitysvammaliiton selvityksest\u00e4.<\/p>\n<h2>Lis\u00e4\u00e4 asuntoja ja tukea<\/h2>\n<p>Moni kehitysvammainen henkil\u00f6 toivoo omaa kotia. Suuri osa heist\u00e4 asuu kuitenkin ryhm\u00e4kodissa. Siksi tarvitaan lis\u00e4\u00e4 asuntoja ja tukea, joka auttaa asumaan omassa kodissa.<\/p>\n<h2>Kuka voi asua omassa kodissa?<\/h2>\n<p>Oma koti sopii heille, jotka toivovat sit\u00e4.<\/p>\n<p>Vammaisilla ihmisill\u00e4 on oikeus p\u00e4\u00e4tt\u00e4\u00e4 omasta asumisesta. Omassa kodissa ei tarvitse osata kaikkea itse.<\/p>\n<p>Tukea ja apua voi saada esimerkiksi ty\u00f6ntekij\u00e4lt\u00e4, joka tulee k\u00e4ym\u00e4\u00e4n sovittuina aikoina. Tukea saa esimerkiksi itsest\u00e4 huolehtimiseen ja arkip\u00e4iv\u00e4n asioihin, kuten ruokien tekemiseen. On t\u00e4rke\u00e4\u00e4, ett\u00e4 tukea saa my\u00f6s vapaa-aikaan.<\/p>\n<p>Omassa kodissa ei ole pakko asua yksin. Siell\u00e4 voi asua esimerkiksi yhdess\u00e4 yst\u00e4v\u00e4n kanssa. Oma asunto voi olla my\u00f6s pieness\u00e4 asuntoryhm\u00e4ss\u00e4. Asuntoryhm\u00e4ss\u00e4 vammaisilla ihmisill\u00e4 on omat asunnot ja yhteisi\u00e4 tiloja.<\/p>\n<p>Toisen kanssa yhdess\u00e4 asuminen on oma valinta.<\/p>\n<h2>Kuka asuu naapurissa?<\/h2>\n<p>Osa vammaisista ihmisist\u00e4 ei halua asua paikassa, jossa asuu vain vammaisia ihmisi\u00e4. Siksi on t\u00e4rke\u00e4\u00e4, ett\u00e4 vammaiset ihmiset voivat asua samoissa paikoissa kuin muut ihmiset.<\/p>\n<p>Naapureihin voi tutustua. Tutustumiseen tarvitaan tukea ja paikkoja, joissa ihmiset voivat tehd\u00e4 asioita yhdess\u00e4. Olo on usein turvallisempi, kun l\u00e4hell\u00e4 asuu tuttuja ihmisi\u00e4.<\/p>\n<p>Oma koti voi olla my\u00f6s yhteis\u00f6llisess\u00e4 asumisessa. Yhteis\u00f6llisess\u00e4 asumisessa asukkailla on omat asunnot, yhteisi\u00e4 tiloja ja yhteist\u00e4 toimintaa. Uusissa yhteis\u00f6llisen asumisen paikoissa asuu my\u00f6s muita kuin vammaisia ihmisi\u00e4.<\/p>\n<p>Kaupungit ja kunnat suunnittelevat, millaista asumista rakennetaan. My\u00f6s vammaisilta ihmisilt\u00e4 pit\u00e4\u00e4 kysy\u00e4,<br \/>\nmit\u00e4 he haluavat asumiselta.<\/p>\n<h2>Mist\u00e4 tuki tulee?<\/h2>\n<p>Tukea voi saada tukiasumisen ty\u00f6ntekij\u00e4lt\u00e4, joka tulee vammaisen henkil\u00f6n kotiin sovittuina aikoina. My\u00f6s avustajilta ja kotipalvelusta voi saada tukea ja apua.<\/p>\n<p>Tukea voi saada my\u00f6s vertaisilta. Vertaiset ovat toisia ihmisi\u00e4, jotka asuvat my\u00f6s omassa kodissa. Yhdess\u00e4 he ovat porukka, joka auttaa toisiaan. Joissain paikoissa kodin l\u00e4hell\u00e4 on tukipiste, jossa voi tavata vertaisia.<\/p>\n<p>Yhteis\u00f6llisess\u00e4 asumisessa naapurit auttavat toisiaan. Yhteis\u00f6llisess\u00e4 talossa on ty\u00f6ntekij\u00e4, joka tukee naapureiden tutustumista ja yhteist\u00e4 toimintaa.<\/p>\n<h2>Asumisen vaihtoehtoja kannattaa mietti\u00e4<\/h2>\n<p>Omassa kodissa asumiseen on monia tapoja. Itselle sopivia vaihtoehtoja kannattaa mietti\u00e4 ja kuvitella. Miettiminen ja kuvitteleminen auttavat ideoimaan tapoja omassa kodissa asumiseen.<\/p>\n<p><strong>L\u00e4hde:<\/strong> Tavalliseen asumiseen? Puheenvuoroja omasta kodista ja asumisesta. Toimittanut Susanna Rieppo. Kehitysvammaliitto 2021.<\/p>\n","protected":false},"excerpt":{"rendered":"<p>Kehitysvammaliitto teki selvityksen kehitysvammaisten ihmisten tukiasumisesta. Tukiasumisessa kehitysvammainen ihminen asuu omassa kodissaan ja saa sinne tukea. T\u00e4ll\u00e4 sivulla on tiivistelm\u00e4 [&hellip;]<\/p>\n","protected":false},"author":2,"featured_media":16870,"parent":16992,"menu_order":2,"comment_status":"closed","ping_status":"closed","template":"","meta":{"_acf_changed":false,"footnotes":""},"class_list":["post-16997","page","type-page","status-publish","has-post-thumbnail","hentry"],"acf":[],"_links":{"self":[{"href":"https:\/\/verneri.net\/selko\/wp-json\/wp\/v2\/pages\/16997","targetHints":{"allow":["GET"]}}],"collection":[{"href":"https:\/\/verneri.net\/selko\/wp-json\/wp\/v2\/pages"}],"about":[{"href":"https:\/\/verneri.net\/selko\/wp-json\/wp\/v2\/types\/page"}],"author":[{"embeddable":true,"href":"https:\/\/verneri.net\/selko\/wp-json\/wp\/v2\/users\/2"}],"replies":[{"embeddable":true,"href":"https:\/\/verneri.net\/selko\/wp-json\/wp\/v2\/comments?post=16997"}],"version-history":[{"count":0,"href":"https:\/\/verneri.net\/selko\/wp-json\/wp\/v2\/pages\/16997\/revisions"}],"up":[{"embeddable":true,"href":"https:\/\/verneri.net\/selko\/wp-json\/wp\/v2\/pages\/16992"}],"wp:featuredmedia":[{"embeddable":true,"href":"https:\/\/verneri.net\/selko\/wp-json\/wp\/v2\/media\/16870"}],"wp:attachment":[{"href":"https:\/\/verneri.net\/selko\/wp-json\/wp\/v2\/media?parent=16997"}],"curies":[{"name":"wp","href":"https:\/\/api.w.org\/{rel}","templated":true}]}}