{"id":16998,"date":"2025-09-15T12:00:36","date_gmt":"2025-09-15T09:00:36","guid":{"rendered":"http:\/\/localhost\/verneri\/selko-dev\/?page_id=16998"},"modified":"2025-09-15T13:05:18","modified_gmt":"2025-09-15T10:05:18","slug":"tutkimuksia-tuetusta-asumisesta","status":"publish","type":"page","link":"https:\/\/verneri.net\/selko\/hyvinvointi\/vammaisuus\/tutkimuksia-vammaisuudesta\/tutkimuksia-tuetusta-asumisesta\/","title":{"rendered":"Tutkimuksia tuetusta asumisesta"},"content":{"rendered":"<p>Tutkija Sonja Miettinen selvitti, millaisia tutkimuksia tuetusta asumisesta on tehty.<\/p>\n<p>T\u00e4m\u00e4 on tiivistelm\u00e4 Miettisen selvityksest\u00e4.<\/p>\n<h2>Hyvi\u00e4 ja huonoja puolia<\/h2>\n<p>Moni kehitysvammainen ihminen asuu ryhm\u00e4kodissa. Ryhm\u00e4koti ei kuitenkaan ole kaikille paras vaihtoehto. YK:n vammaissopimuksen mukaan vammaisilla ihmisill\u00e4 on oikeus valita itse, kenen kanssa he asuvat. T\u00e4m\u00e4 ei aina onnistu ryhm\u00e4kodissa.<\/p>\n<p>Ryhm\u00e4kodissa asumisen vaihtoehto on tuettu asuminen. Tuetussa asumisessa kehitysvammainen ihminen asuu omassa asunnossa. H\u00e4n saa tukea ja apua, joka auttaa omassa kodissa asumisessa.<\/p>\n<p>T\u00e4ss\u00e4 kirjoituksessa kerrotaan, millaisia tutkimuksia tuetusta asumisesta on tehty. T\u00e4h\u00e4n kirjoitukseen l\u00f6ydettiin kahdeksan tutkimusta. Tutkimukset on tehty ulkomailla. Tutkimuksissa vertailtiin tuettua asumista ja ryhm\u00e4koteja.<\/p>\n<p>Kahdessa tutkimuksessa kysyttiin tukiasukkaiden omista kokemuksista. Yhdess\u00e4 tutkimuksessa kysyttiin, mit\u00e4 omaiset ajattelevat tukiasumisesta. Tutkimusten tulokset kertovat, ett\u00e4 tukiasumisessa on hyvi\u00e4 ja huonoja puolia.<\/p>\n<h2>Tukiasumisen hyvi\u00e4 puolia<\/h2>\n<p>Tutkimusten mukaan tukiasukkaat voivat useammin valita, miss\u00e4 ja kenen kanssa asuvat. Heill\u00e4 oli enemm\u00e4n toimintaa paikoissa, jotka ovat kaikille ihmisille yhteisi\u00e4. Joskus heill\u00e4 oli mahdollisuus valita ty\u00f6ntekij\u00e4t, jotka antavat tukea.<\/p>\n<p>Tukiasukkaiden omasta mielest\u00e4 hyvi\u00e4 asioita olivat vapaus ja yksityisyys. He pitiv\u00e4t t\u00e4rke\u00e4n\u00e4, ett\u00e4 asioihin ei tarvitse kysy\u00e4 lupaa vanhemmilta tai ty\u00f6ntekij\u00f6ilt\u00e4.<\/p>\n<p>Tukiasukkailla oli tuttuja naapureita. He k\u00e4viv\u00e4t kahviloissa, baareissa ja kuntosaleilla.<\/p>\n<p>Monilla tukiasukkailla oli parempi toimintakyky kuin ryhm\u00e4kodissa asuvilla. He olivat esimerkiksi taitavampia tilanteissa,<br \/>\njoissa he ovat muiden ihmisten kanssa. Yhdess\u00e4 tutkimuksessa oli mukana ihmisi\u00e4, joilla oli vaikeampi kehitysvamma.<br \/>\nHeid\u00e4n mielialansa parani tukiasuntoon muuttamisen j\u00e4lkeen. Ty\u00f6ntekij\u00f6iden ja asukkaiden vuorovaikutus lis\u00e4\u00e4ntyi.<\/p>\n<h2>Tukiasumisen huonot puolet<\/h2>\n<p>Tukiasukkaille j\u00e4rjestettiin v\u00e4hemm\u00e4n toimintaa kuin ryhm\u00e4kodeissa asuville ihmisille. Tukiasukkaat saivat my\u00f6s v\u00e4hemm\u00e4n tukea.<\/p>\n<p>Tukiasukkailla oli suurempi riski tulla kiusatuksi tai hyv\u00e4ksik\u00e4ytetyksi.<\/p>\n<p>Vuorovaikutus toisten asukkaiden kanssa v\u00e4heni, koska ihmiset asuivat erillisiss\u00e4 asunnoissa.<\/p>\n<p>Tukiasukkaat kertoivat my\u00f6s itse, mit\u00e4 huonoja puolia tukiasumisessa on. Jotkut heist\u00e4 kokivat, ett\u00e4 muut torjuivat heid\u00e4t.<br \/>\nJotkut kertoivat, ett\u00e4 muut asukkaat h\u00e4iritsiv\u00e4t heit\u00e4.<\/p>\n<p>Rahanpuute rajoitti asioiden tekemist\u00e4. Yksin\u00e4isyys ja ik\u00e4vystyminen vaivasivat iltaisin. Lis\u00e4ksi heit\u00e4 huolestutti se, ett\u00e4 tukea ei ole riitt\u00e4v\u00e4sti.<\/p>\n<h2>Omaisten mielipiteit\u00e4 tukiasumisesta<\/h2>\n<p>Monen omaisen mielest\u00e4 oman l\u00e4heisen taidot tai hyvinvointi paranivat, kun h\u00e4n muutti tukiasumiseen. Omaiset olivat tyytyv\u00e4isi\u00e4 tukiasukkaan saamaan tukeen, kuten kaupassa k\u00e4yntiin ja apuun, jota he saivat ruoan laittamiseen.<\/p>\n<p>Parannettavia asioita olivat esimerkiksi ruokavaliosta ja siistist\u00e4 ulkomuodosta huolehtiminen.<\/p>\n<p>L\u00e4hes kaikki omaiset avustivat tukiasukkaita my\u00f6s itse. He auttoivat esimerkiksi raha-asioissa ja sairauksien hoitamisessa.<br \/>\nHe auttoivat, kun tukiasukkaalle tuli \u00e4killinen h\u00e4t\u00e4.<\/p>\n<p>Omaiset halusivat olla mukana tukiasukkaan el\u00e4m\u00e4ss\u00e4. He tekiv\u00e4t yhteisty\u00f6t\u00e4 ty\u00f6ntekij\u00f6iden kanssa. Joidenkin omaisten mielest\u00e4 perheenj\u00e4senen oli parempi asua omaisten kanssa tai ryhm\u00e4kodissa.<\/p>\n<h2>Tukiasumisesta tarvitaan lis\u00e4\u00e4 tutkimusta<\/h2>\n<p>Tutkimustulokset kertovat, ett\u00e4 tukiasumisessa on t\u00e4rke\u00e4 saada riitt\u00e4v\u00e4sti tukea. T\u00e4rkeit\u00e4 asioita ovat esimerkiksi turvallisuus ja osallistuminen yhteiseen toimintaan.<\/p>\n<p>Pit\u00e4isi tutkia enemm\u00e4n sit\u00e4, mit\u00e4 tukea tarvitaan ja miten sit\u00e4 annetaan. Tutkimuksessa pit\u00e4isi kuulla erityisesti tukiasukkaita ja heid\u00e4n omaisiaan.<\/p>\n<p><strong>L\u00e4hde:<\/strong> Tavalliseen asumiseen? Puheenvuoroja omasta kodista ja asumisesta. Toimittanut Susanna Rieppo. Kehitysvammaliitto 2021.<\/p>\n","protected":false},"excerpt":{"rendered":"<p>Tutkija Sonja Miettinen selvitti, millaisia tutkimuksia tuetusta asumisesta on tehty. T\u00e4m\u00e4 on tiivistelm\u00e4 Miettisen selvityksest\u00e4. Hyvi\u00e4 ja huonoja puolia Moni [&hellip;]<\/p>\n","protected":false},"author":2,"featured_media":0,"parent":16992,"menu_order":4,"comment_status":"closed","ping_status":"closed","template":"","meta":{"_acf_changed":false,"footnotes":""},"class_list":["post-16998","page","type-page","status-publish","hentry"],"acf":[],"_links":{"self":[{"href":"https:\/\/verneri.net\/selko\/wp-json\/wp\/v2\/pages\/16998","targetHints":{"allow":["GET"]}}],"collection":[{"href":"https:\/\/verneri.net\/selko\/wp-json\/wp\/v2\/pages"}],"about":[{"href":"https:\/\/verneri.net\/selko\/wp-json\/wp\/v2\/types\/page"}],"author":[{"embeddable":true,"href":"https:\/\/verneri.net\/selko\/wp-json\/wp\/v2\/users\/2"}],"replies":[{"embeddable":true,"href":"https:\/\/verneri.net\/selko\/wp-json\/wp\/v2\/comments?post=16998"}],"version-history":[{"count":0,"href":"https:\/\/verneri.net\/selko\/wp-json\/wp\/v2\/pages\/16998\/revisions"}],"up":[{"embeddable":true,"href":"https:\/\/verneri.net\/selko\/wp-json\/wp\/v2\/pages\/16992"}],"wp:attachment":[{"href":"https:\/\/verneri.net\/selko\/wp-json\/wp\/v2\/media?parent=16998"}],"curies":[{"name":"wp","href":"https:\/\/api.w.org\/{rel}","templated":true}]}}