{"id":170,"date":"2020-04-18T15:29:47","date_gmt":"2020-04-18T12:29:47","guid":{"rendered":"http:\/\/localhost\/verneri\/selko-dev\/hyvinvointi\/vapaa-aika\/sirkus-magenta\/"},"modified":"2025-10-30T12:09:37","modified_gmt":"2025-10-30T10:09:37","slug":"nyt-temppuillaan","status":"publish","type":"page","link":"https:\/\/verneri.net\/selko\/hyvinvointi\/vapaa-aika\/nyt-temppuillaan\/","title":{"rendered":"Nyt temppuillaan!"},"content":{"rendered":"<p>Sirkus Magenta on sosiaalisen sirkuksen yhdistys Helsingiss\u00e4. Sirkus Magenta j\u00e4rjest\u00e4\u00e4 ty\u00f6pajoja ja esityksi\u00e4 kaikenlaisille ihmisille.<\/p>\n<p>Sirkuksessa harjoitellaan erilaisia temppuja, kuten tasapainoilua, vannetanssia ja jongleerausta. Jongleeraus on esineiden rytmist\u00e4 heittely\u00e4 ja kiinniottamista.<\/p>\n<p>Sirkusta voivat oppia ihan kaikki!<\/p>\n<p>Sirkus Magenta auttaa jokaista l\u00f6yt\u00e4m\u00e4\u00e4n omat taitonsa.<\/p>\n<h2>Temppuile videoiden avulla<\/h2>\n<p>Sirkus Magenta on tehnyt selkosirkus-videoita. Videoilla on helppoja sirkusharjoituksia.<\/p>\n<p>Voit tehd\u00e4 harjoituksia yksin tai yhdess\u00e4 vaikkapa kaverin tai ohjaajan kanssa.<\/p>\n<p><strong>Nyt temppuillaan!<\/strong><\/p>\n<h3>L\u00e4mmittelyleikki: parsa, kurkku, herne<\/h3>\n<p><iframe loading=\"lazy\" title=\"SELKOSIRKUS - L\u00e4mmittelyleikki: parsa, kurkku, herne, TEKSTITYS\" width=\"500\" height=\"281\" src=\"https:\/\/www.youtube.com\/embed\/-pXgkLKm-eY?wmode=transparent&amp;rel=0&amp;feature=oembed\" frameborder=\"0\" allow=\"accelerometer; autoplay; clipboard-write; encrypted-media; gyroscope; picture-in-picture; web-share\" referrerpolicy=\"strict-origin-when-cross-origin\" allowfullscreen><\/iframe><\/p>\n<h3>L\u00e4mmittelyleikki: omena, banaani, porkkana<\/h3>\n<p><iframe loading=\"lazy\" title=\"SELKOSIRKUS - L\u00e4mmittelyleikki: omena, banaani, porkkana, TEKSTITYS\" width=\"500\" height=\"281\" src=\"https:\/\/www.youtube.com\/embed\/Wz1nZ2hr7_E?wmode=transparent&amp;rel=0&amp;feature=oembed\" frameborder=\"0\" allow=\"accelerometer; autoplay; clipboard-write; encrypted-media; gyroscope; picture-in-picture; web-share\" referrerpolicy=\"strict-origin-when-cross-origin\" allowfullscreen><\/iframe><\/p>\n<h3>Peppupy\u00f6rint\u00e4<\/h3>\n<p><iframe loading=\"lazy\" title=\"SELKOSIRKUS - peppupy\u00f6rint\u00e4, TEKSTITYS\" width=\"500\" height=\"281\" src=\"https:\/\/www.youtube.com\/embed\/t4EWgmksoBw?wmode=transparent&amp;rel=0&amp;feature=oembed\" frameborder=\"0\" allow=\"accelerometer; autoplay; clipboard-write; encrypted-media; gyroscope; picture-in-picture; web-share\" referrerpolicy=\"strict-origin-when-cross-origin\" allowfullscreen><\/iframe><\/p>\n<h3>Yhden pallon rytmiharjoitus<\/h3>\n<p><iframe loading=\"lazy\" title=\"SELKOSIRKUS - Yhden pallon rytmiharjoitus, TEKSTITYS\" width=\"500\" height=\"281\" src=\"https:\/\/www.youtube.com\/embed\/KhK7GgEePOM?wmode=transparent&amp;rel=0&amp;feature=oembed\" frameborder=\"0\" allow=\"accelerometer; autoplay; clipboard-write; encrypted-media; gyroscope; picture-in-picture; web-share\" referrerpolicy=\"strict-origin-when-cross-origin\" allowfullscreen><\/iframe><\/p>\n<h3>Pallolla tasapainoilu (helppo)<\/h3>\n<p><iframe loading=\"lazy\" title=\"SELKOSIRKUS - Pallolla tasapainottelu (helpompi), TEKSTITYS\" width=\"500\" height=\"281\" src=\"https:\/\/www.youtube.com\/embed\/ZoTwteKcJaA?wmode=transparent&amp;rel=0&amp;feature=oembed\" frameborder=\"0\" allow=\"accelerometer; autoplay; clipboard-write; encrypted-media; gyroscope; picture-in-picture; web-share\" referrerpolicy=\"strict-origin-when-cross-origin\" allowfullscreen><\/iframe><\/p>\n<h3>Pallolla tasapainoilu (vaikea)<\/h3>\n<p><iframe loading=\"lazy\" title=\"SELKOSIRKUS - Pallolla tasapainottelu (haastavampi), TEKSTITYS\" width=\"500\" height=\"281\" src=\"https:\/\/www.youtube.com\/embed\/ojy0CNQzT4g?wmode=transparent&amp;rel=0&amp;feature=oembed\" frameborder=\"0\" allow=\"accelerometer; autoplay; clipboard-write; encrypted-media; gyroscope; picture-in-picture; web-share\" referrerpolicy=\"strict-origin-when-cross-origin\" allowfullscreen><\/iframe><\/p>\n<h3>Tukkipy\u00f6rint\u00e4 ja kilpikonnapy\u00f6rint\u00e4<\/h3>\n<p><iframe loading=\"lazy\" title=\"SELKOSIRKUS - Tukkipy\u00f6rint\u00e4 ja kilpikonnapy\u00f6rint\u00e4, TEKSTITYS\" width=\"500\" height=\"281\" src=\"https:\/\/www.youtube.com\/embed\/S1Yx-w66kME?wmode=transparent&amp;rel=0&amp;feature=oembed\" frameborder=\"0\" allow=\"accelerometer; autoplay; clipboard-write; encrypted-media; gyroscope; picture-in-picture; web-share\" referrerpolicy=\"strict-origin-when-cross-origin\" allowfullscreen><\/iframe><\/p>\n<h3>Yhden pallon jongleeraus k\u00e4det ristiss\u00e4<\/h3>\n<p><iframe loading=\"lazy\" title=\"SELKOSIRKUS - Yhden pallon jongleeraus k\u00e4det ristiss\u00e4, TEKSTITYS\" width=\"500\" height=\"281\" src=\"https:\/\/www.youtube.com\/embed\/Q8hUoTw76IM?wmode=transparent&amp;rel=0&amp;feature=oembed\" frameborder=\"0\" allow=\"accelerometer; autoplay; clipboard-write; encrypted-media; gyroscope; picture-in-picture; web-share\" referrerpolicy=\"strict-origin-when-cross-origin\" allowfullscreen><\/iframe><\/p>\n<h3>Tasapainottelu muovipussilla<\/h3>\n<p><iframe loading=\"lazy\" title=\"SELKOSIRKUS - Tasapainottelu muovipussilla, TEKSTITYS\" width=\"500\" height=\"281\" src=\"https:\/\/www.youtube.com\/embed\/3kQTQvfHA94?wmode=transparent&amp;rel=0&amp;feature=oembed\" frameborder=\"0\" allow=\"accelerometer; autoplay; clipboard-write; encrypted-media; gyroscope; picture-in-picture; web-share\" referrerpolicy=\"strict-origin-when-cross-origin\" allowfullscreen><\/iframe><\/p>\n<p><a href=\"https:\/\/www.tukiliitto.fi\/tarina\/myos-sa-voit-oppia-jos-treenaat\/\" target=\"_blank\" rel=\"noopener noreferrer\">Lue Leija-lehden juttu Sirkus Magentasta<\/a> (tukiliitto.fi)<\/p>\n<p><strong>Teksti:<\/strong> Jenni Sipil\u00e4, 2020<\/p>\n<p><strong>Lis\u00e4tiedot:<\/strong><\/p>\n<ul>\n<li><a href=\"https:\/\/sirkusmagenta.fi\/\" target=\"_blank\" rel=\"noopener noreferrer\">Sirkus Magentan nettisivut<\/a> (sirkusmagenta.fi)<\/li>\n<li><a href=\"https:\/\/www.youtube.com\/channel\/UCppvvnbXQNjHxyWNt9RIhJA\" target=\"_blank\" rel=\"noopener noreferrer\">Sirkus Magenta YouTubessa<\/a> (youtube.com)<\/li>\n<\/ul>\n","protected":false},"excerpt":{"rendered":"<p>Sirkus Magenta on sosiaalisen sirkuksen yhdistys Helsingiss\u00e4. Sirkus Magenta j\u00e4rjest\u00e4\u00e4 ty\u00f6pajoja ja esityksi\u00e4 kaikenlaisille ihmisille. Sirkuksessa harjoitellaan erilaisia temppuja, kuten [&hellip;]<\/p>\n","protected":false},"author":1,"featured_media":14941,"parent":24,"menu_order":106,"comment_status":"closed","ping_status":"closed","template":"","meta":{"_acf_changed":false,"footnotes":""},"class_list":["post-170","page","type-page","status-publish","has-post-thumbnail","hentry"],"acf":[],"_links":{"self":[{"href":"https:\/\/verneri.net\/selko\/wp-json\/wp\/v2\/pages\/170","targetHints":{"allow":["GET"]}}],"collection":[{"href":"https:\/\/verneri.net\/selko\/wp-json\/wp\/v2\/pages"}],"about":[{"href":"https:\/\/verneri.net\/selko\/wp-json\/wp\/v2\/types\/page"}],"author":[{"embeddable":true,"href":"https:\/\/verneri.net\/selko\/wp-json\/wp\/v2\/users\/1"}],"replies":[{"embeddable":true,"href":"https:\/\/verneri.net\/selko\/wp-json\/wp\/v2\/comments?post=170"}],"version-history":[{"count":0,"href":"https:\/\/verneri.net\/selko\/wp-json\/wp\/v2\/pages\/170\/revisions"}],"up":[{"embeddable":true,"href":"https:\/\/verneri.net\/selko\/wp-json\/wp\/v2\/pages\/24"}],"wp:featuredmedia":[{"embeddable":true,"href":"https:\/\/verneri.net\/selko\/wp-json\/wp\/v2\/media\/14941"}],"wp:attachment":[{"href":"https:\/\/verneri.net\/selko\/wp-json\/wp\/v2\/media?parent=170"}],"curies":[{"name":"wp","href":"https:\/\/api.w.org\/{rel}","templated":true}]}}