{"id":17022,"date":"2025-09-17T18:27:22","date_gmt":"2025-09-17T15:27:22","guid":{"rendered":"http:\/\/localhost\/verneri\/selko-dev\/?page_id=17022"},"modified":"2025-10-27T15:18:18","modified_gmt":"2025-10-27T13:18:18","slug":"hyva-mieli","status":"publish","type":"page","link":"https:\/\/verneri.net\/selko\/hyvinvointi\/vapaa-aika\/valokuvaus\/hyva-mieli\/","title":{"rendered":"Hyv\u00e4 mieli"},"content":{"rendered":"<p>Hyv\u00e4n mielen kuvakilpailuun l\u00e4hetettiin kymmeni\u00e4 upeita kuvia asioista, joista tulee hyv\u00e4 mieli.<\/p>\n<p>Alla n\u00e4et kilpailuun l\u00e4hetetyt kuvat.<\/p>\n<p>Kilpailun voittivat<\/p>\n<ul>\n<li>Jaakko Lehtola<\/li>\n<li>Matias Saarikoski<\/li>\n<li>Veeti Knuutinen<\/li>\n<li>Kimmo Ahonen<\/li>\n<li>Elina J\u00e4\u00e4skel\u00e4inen.<\/li>\n<\/ul>\n<p>Paljon onnea voittajille ja kiitos kaikille osallistujille ihanista hyv\u00e4n mielen kuvista!<\/p>\n","protected":false},"excerpt":{"rendered":"<p>Hyv\u00e4n mielen kuvakilpailuun l\u00e4hetettiin kymmeni\u00e4 upeita kuvia asioista, joista tulee hyv\u00e4 mieli. Alla n\u00e4et kilpailuun l\u00e4hetetyt kuvat. Kilpailun voittivat Jaakko [&hellip;]<\/p>\n","protected":false},"author":2,"featured_media":17239,"parent":164,"menu_order":2,"comment_status":"closed","ping_status":"closed","template":"page-kuvakilpailu.php","meta":{"_acf_changed":false,"footnotes":""},"class_list":["post-17022","page","type-page","status-publish","has-post-thumbnail","hentry"],"acf":[],"_links":{"self":[{"href":"https:\/\/verneri.net\/selko\/wp-json\/wp\/v2\/pages\/17022","targetHints":{"allow":["GET"]}}],"collection":[{"href":"https:\/\/verneri.net\/selko\/wp-json\/wp\/v2\/pages"}],"about":[{"href":"https:\/\/verneri.net\/selko\/wp-json\/wp\/v2\/types\/page"}],"author":[{"embeddable":true,"href":"https:\/\/verneri.net\/selko\/wp-json\/wp\/v2\/users\/2"}],"replies":[{"embeddable":true,"href":"https:\/\/verneri.net\/selko\/wp-json\/wp\/v2\/comments?post=17022"}],"version-history":[{"count":0,"href":"https:\/\/verneri.net\/selko\/wp-json\/wp\/v2\/pages\/17022\/revisions"}],"up":[{"embeddable":true,"href":"https:\/\/verneri.net\/selko\/wp-json\/wp\/v2\/pages\/164"}],"wp:featuredmedia":[{"embeddable":true,"href":"https:\/\/verneri.net\/selko\/wp-json\/wp\/v2\/media\/17239"}],"wp:attachment":[{"href":"https:\/\/verneri.net\/selko\/wp-json\/wp\/v2\/media?parent=17022"}],"curies":[{"name":"wp","href":"https:\/\/api.w.org\/{rel}","templated":true}]}}