{"id":17513,"date":"2025-10-28T12:29:34","date_gmt":"2025-10-28T10:29:34","guid":{"rendered":"https:\/\/verneri.net\/selko\/?page_id=17513"},"modified":"2025-11-06T20:12:14","modified_gmt":"2025-11-06T18:12:14","slug":"tutustu-joulun-perinteisiin","status":"publish","type":"page","link":"https:\/\/verneri.net\/selko\/hyvinvointi\/vapaa-aika\/joulu\/tutustu-joulun-perinteisiin\/","title":{"rendered":"Tutustu joulun perinteisiin"},"content":{"rendered":"<p>Joulu on vanha juhla, jota vietet\u00e4\u00e4n monissa eri maissa. Jouluun liittyy eri maissa erilaisia perinteit\u00e4 eli vanhoja tapoja.<\/p>\n<p>T\u00e4ll\u00e4 sivulla voit tutustua suomalaisen joulun perinteisiin.<\/p>\n<h2>Joulun juhlap\u00e4iv\u00e4t<\/h2>\n<p>Adventti tarkoittaa joulun odotusaikaa eli nelj\u00e4\u00e4 viikkoa ennen joulua. Adventtisunnuntaisin kodeissa sytytet\u00e4\u00e4n kynttil\u00f6it\u00e4.<\/p>\n<p>Jouluaatto on 24. joulukuuta. Jouluaattona sy\u00f6d\u00e4\u00e4n esimerkiksi jouluateria ja avataan joululahjat.<\/p>\n<p>Joulup\u00e4iv\u00e4 on 25. joulukuuta. Kristityille ihmisille joulup\u00e4iv\u00e4 on Jeesuksen syntym\u00e4n juhlap\u00e4iv\u00e4.<\/p>\n<p>Tapaninp\u00e4iv\u00e4 eli toinen joulup\u00e4iv\u00e4 on 26. joulukuuta. Tapaninp\u00e4iv\u00e4 on perinteisesti ollut hevosten ja hevosmiesten p\u00e4iv\u00e4. Tapaninp\u00e4iv\u00e4n\u00e4 on ollut tapana k\u00e4yd\u00e4 hevosajelulla.<\/p>\n<h2>Joululaulut<\/h2>\n<p>Jouluna esitet\u00e4\u00e4n ja kuunnellaan joululauluja. Perinteisi\u00e4 joululauluja ovat esimerkiksi<\/p>\n<ul>\n<li>En etsi valtaa, loistoa<\/li>\n<li>Enkeli taivaan<\/li>\n<li>Joulupukki<\/li>\n<li>Jouluy\u00f6, juhlay\u00f6<\/li>\n<li>Tonttujen jouluy\u00f6.<\/li>\n<\/ul>\n<p>&#8221;Joulu on taas&#8221; on vanha suomalainen kansanlaulu.<\/p>\n<p>Sen sanat menev\u00e4t n\u00e4in:<\/p>\n<p>Joulu on taas, joulu on taas,<br \/>\nkattilat t\u00e4ynn\u00e4 puuroo.<br \/>\nNyt sit\u00e4 saa, nyt sit\u00e4 saa<br \/>\nvatsansa t\u00e4yteen puuroo.<\/p>\n<p>Joulu on taas, joulu on taas,<br \/>\nvoi, kuinka meill\u00b4 on hauskaa!<br \/>\nLapsilla on, lapsilla on<br \/>\naamusta iltaan hauskaa.<\/p>\n<h2>Joulukoristeet<\/h2>\n<p>Perinteisi\u00e4 joulukoristeita ovat esimerkiksi<\/p>\n<ul>\n<li>joulukukat<\/li>\n<li>kynttil\u00e4t<\/li>\n<li>omenat<\/li>\n<li>tonttukoristeet<\/li>\n<li>ulkosoihdut<\/li>\n<li>kauralyhteet.<\/li>\n<\/ul>\n<p>Aikaisemmin joulukoristeet tehtiin itse. Koristeita tehtiin esimerkiksi ruuista ja oljista eli viljakasvien korsista.<\/p>\n<p>Oljista tehd\u00e4\u00e4n esimerkiksi t\u00e4hti\u00e4, enkeleit\u00e4 ja himmeleit\u00e4. Himmeli on oljista tehty kruunu, joka roikkuu katosta.<\/p>\n<h2>Joulukuusi<\/h2>\n<p>Monessa kodissa on jouluna kuusi, joka koristellaan joulukoristeilla.<\/p>\n<p>Alun perin suomalaiset koristelivat joulukuusen omenoilla, leivonnaisilla ja muilla pikkuherkuilla. My\u00f6hemmin koristeet tehtiin itse paperista ja oljista.<\/p>\n<p>Nykyisin joulukuusen koristeita ostetaan my\u00f6s kaupoista.<\/p>\n<h2>Joulun v\u00e4rit<\/h2>\n<p>Nykyisin joulun t\u00e4rkein v\u00e4ri on punainen.<\/p>\n<p>Muita joulun v\u00e4rej\u00e4 ovat esimerkiksi<\/p>\n<ul>\n<li>harmaa<\/li>\n<li>vihre\u00e4<\/li>\n<li>kulta<\/li>\n<li>hopea<\/li>\n<li>valkoinen.<\/li>\n<\/ul>\n<h2><strong>Joulupukki ja<\/strong> joulutontut<\/h2>\n<p>Joulupukki ja joulutontut ovat joulun hahmoja.<\/p>\n<p>Joulupukki on iloinen ja vanha mies, joka jakaa jouluaattona lahjoja. Joulupukilla on pitk\u00e4 valkoinen parta ja h\u00e4n pukeutuu punaisiin vaatteisiin.<\/p>\n<p>Tarinan mukaan joulupukki tekee joululahjat pajassaan Korvatunturilla. Joulutontut auttavat pukkia valmistamaan lahjat.<\/p>\n<h2>Joululahjat<\/h2>\n<p>Jouluna annetaan lahjoja sukulaisille ja yst\u00e4ville.<\/p>\n<p>Aikaisemmin joululahjat tehtiin itse. Nykyisin lahjoja ostetaan my\u00f6s kaupoista.<\/p>\n<h2>Joulukortit<\/h2>\n<p>Suomalaiset l\u00e4hett\u00e4v\u00e4t jouluna joulukortteja yst\u00e4ville ja sukulaisille.<\/p>\n<p>Perinteinen, paperinen joulukortti l\u00e4hetet\u00e4\u00e4n postin kautta. Nykyisin suomalaiset l\u00e4hett\u00e4v\u00e4t paljon my\u00f6s s\u00e4hk\u00f6isi\u00e4 joulukortteja.<\/p>\n<h2>Kynttil\u00e4t<\/h2>\n<p>Jouluna on tapana polttaa kynttil\u00f6it\u00e4. Joulukuu on pime\u00e4 vuodenaika ja kynttil\u00e4t tuovat valoa.<\/p>\n<h2>Joulusauna<\/h2>\n<p>Joulusauna on vanha suomalainen perinne. Joulusaunan yhteydess\u00e4 on tapana vilvoitella py\u00f6rim\u00e4ll\u00e4 lumihangessa.<\/p>\n<h2>Jouluruuat<\/h2>\n<p>Jouluruuat ovat t\u00e4rke\u00e4 osa suomalaista joulua. Jouluateria sy\u00f6d\u00e4\u00e4n yleens\u00e4 jouluaattona ja joulup\u00e4iv\u00e4n\u00e4.<\/p>\n<p>Perinteisi\u00e4 jouluruokia ovat<\/p>\n<ul>\n<li>kinkku ja kalkkuna<\/li>\n<li>lanttulaatikko<\/li>\n<li>perunalaatikko<\/li>\n<li>porkkanalaatikko<\/li>\n<li>lohi<\/li>\n<li>riisipuuro<\/li>\n<li>piparkakut<\/li>\n<li>joulutortut.<\/li>\n<\/ul>\n<p><strong>Teksti:<\/strong> Jenni Sipil\u00e4, 2024<br \/>\n<strong>Kuva:<\/strong> Unsplash<\/p>\n","protected":false},"excerpt":{"rendered":"<p>Joulu on vanha juhla, jota vietet\u00e4\u00e4n monissa eri maissa. Jouluun liittyy eri maissa erilaisia perinteit\u00e4 eli vanhoja tapoja. T\u00e4ll\u00e4 sivulla [&hellip;]<\/p>\n","protected":false},"author":2,"featured_media":17740,"parent":17741,"menu_order":4,"comment_status":"closed","ping_status":"closed","template":"","meta":{"_acf_changed":false,"footnotes":""},"class_list":["post-17513","page","type-page","status-publish","has-post-thumbnail","hentry"],"acf":[],"_links":{"self":[{"href":"https:\/\/verneri.net\/selko\/wp-json\/wp\/v2\/pages\/17513","targetHints":{"allow":["GET"]}}],"collection":[{"href":"https:\/\/verneri.net\/selko\/wp-json\/wp\/v2\/pages"}],"about":[{"href":"https:\/\/verneri.net\/selko\/wp-json\/wp\/v2\/types\/page"}],"author":[{"embeddable":true,"href":"https:\/\/verneri.net\/selko\/wp-json\/wp\/v2\/users\/2"}],"replies":[{"embeddable":true,"href":"https:\/\/verneri.net\/selko\/wp-json\/wp\/v2\/comments?post=17513"}],"version-history":[{"count":0,"href":"https:\/\/verneri.net\/selko\/wp-json\/wp\/v2\/pages\/17513\/revisions"}],"up":[{"embeddable":true,"href":"https:\/\/verneri.net\/selko\/wp-json\/wp\/v2\/pages\/17741"}],"wp:featuredmedia":[{"embeddable":true,"href":"https:\/\/verneri.net\/selko\/wp-json\/wp\/v2\/media\/17740"}],"wp:attachment":[{"href":"https:\/\/verneri.net\/selko\/wp-json\/wp\/v2\/media?parent=17513"}],"curies":[{"name":"wp","href":"https:\/\/api.w.org\/{rel}","templated":true}]}}