{"id":17577,"date":"2025-10-30T13:50:24","date_gmt":"2025-10-30T11:50:24","guid":{"rendered":"https:\/\/verneri.net\/selko\/?page_id=17577"},"modified":"2025-10-30T13:50:52","modified_gmt":"2025-10-30T11:50:52","slug":"puhu-kiusaamisesta","status":"publish","type":"page","link":"https:\/\/verneri.net\/selko\/hyvinvointi\/ihmissuhteet\/puhu-kiusaamisesta\/","title":{"rendered":"Puhu kiusaamisesta"},"content":{"rendered":"<p>Esa Peltonen tekee kiusaamisen vastaista vaikuttamisty\u00f6t\u00e4.<\/p>\n<p>T\u00e4ss\u00e4 haastattelussa Esa kertoo terveisens\u00e4 kiusatuille ja kiusaajille.<\/p>\n<h2>Mit\u00e4 teet ty\u00f6ksesi?<\/h2>\n<p>Teen turvallisuus- ja keitti\u00f6alan hommia. Olen l\u00e4hd\u00f6ss\u00e4 opiskelemaan hoiva-avustajaksi.<\/p>\n<h2>Millaista kiusaamisen vastaista ty\u00f6t\u00e4 teet?<\/h2>\n<p>Olen mukana Projekti Radikaalissa. Se on kiusaamisen vastainen projekti nuorille.<\/p>\n<p>Olen k\u00e4ynyt kouluissa puhumassa kiusaamisesta. Olen kirjoittanut kiusaamisesta my\u00f6s Vernerin blogissa.<\/p>\n<p>On tuntunut tosi hyv\u00e4lt\u00e4 p\u00e4\u00e4st\u00e4 jakamaan oma kokemus ja p\u00e4\u00e4st\u00e4 auttamaan nuoria.<\/p>\n<h2>Onko sinua kiusattu?<\/h2>\n<p>Kyll\u00e4 mua on kiusattu. Koulussa potkittiin, t\u00f6nittiin ja piiloteltiin vaatteita. Sanottiin, ettei susta tule mit\u00e4\u00e4n.<\/p>\n<p>Mutta t\u00e4ss\u00e4 sit\u00e4 ollaan. Olen p\u00e4\u00e4ssyt n\u00e4in pitk\u00e4lle. Nyt p\u00e4\u00e4sen vaikuttamaan kiusaamista vastaan. Voin auttaa nuoria t\u00e4ss\u00e4 asiassa.<\/p>\n<h2>Mik\u00e4 auttoi sinua selvi\u00e4m\u00e4\u00e4n kiusaamisesta?<\/h2>\n<p>Tein asioita, jotka kiinnostivat minua. Asioita, jotka tuntuivat hyv\u00e4lt\u00e4. Se auttoi unohtamaan, mit\u00e4 on tapahtunut.<\/p>\n<p>Kiusaamisesta j\u00e4i haavat, mutta niist\u00e4kin voi parantua, kun puhuu asioista.<\/p>\n<p>On ollut iso asia, kun olen voinut jakaa omia kokemuksia kiusaamisesta.<\/p>\n<h2>Mit\u00e4 haluat sanoa ihmiselle, jota kiusataan?<\/h2>\n<p>Sinun ei tarvitse kantaa kiusaamisen taakkaa yksin. Uskalla puhua jollekin.<\/p>\n<p>Puhu vaikka koulun ty\u00f6ntekij\u00e4lle, perheenj\u00e4senelle tai yst\u00e4v\u00e4lle. Puhu jollekin, johon voit luottaa.<\/p>\n<p>Aina l\u00f6ytyy apua ja tukea.<\/p>\n<h2>Mit\u00e4 haluat sanoa ihmiselle, joka n\u00e4kee kiusaamista?<\/h2>\n<p>Ole kiusatun puolella. Uskalla puuttua asiaan ja sanoa, ett\u00e4 t\u00e4m\u00e4 ei ole oikein.<\/p>\n<p>Mene kertomaan asiasta jollekin, johon voit luottaa.<\/p>\n<h2>Mit\u00e4 haluat sanoa ihmiselle, joka kiusaa?<\/h2>\n<p>Haluaisin kysy\u00e4, miksi kiusaat.<\/p>\n<p>Asetu kiusatun asemaan ja ajattele, milt\u00e4 kiusatusta tuntuu. Ajattele, mit\u00e4 kiusaamisesta voi seurata.<\/p>\n<p>Puhu asiasta jollekin, johon voit luottaa.<\/p>\n<p>Pyyd\u00e4 anteeksi. Multakin on pyydetty anteeksi. Tuntuu hyv\u00e4lt\u00e4, ett\u00e4 kiusaaja on huomannut, ett\u00e4 on mokannut.<\/p>\n<p>Olen puhunut monen nuoren kanssa, jotka ovat kiusanneet. Kiusaajallakin on usein paha olla. Monia kaduttaa j\u00e4lkeenp\u00e4in.<\/p>\n<p>Jokainen tekee itse p\u00e4\u00e4t\u00f6ksen, jatkaako kiusaamista.<\/p>\n<p><strong>Teksti:<\/strong> Jenni Sipil\u00e4, 2024<br \/>\n<strong>Kuva:<\/strong> Tiitus Tommila<br \/>\n<strong>Lis\u00e4tietoa selkokielell\u00e4:<\/strong> <a href=\"https:\/\/papunet.net\/_pelit\/_tarinat\/kuvakirja\/lue\/Kiusaaminen_html_video\" target=\"_blank\" rel=\"noopener\">Kiusaaminen<\/a> (papunet.net)<\/p>\n","protected":false},"excerpt":{"rendered":"<p>Esa Peltonen tekee kiusaamisen vastaista vaikuttamisty\u00f6t\u00e4. T\u00e4ss\u00e4 haastattelussa Esa kertoo terveisens\u00e4 kiusatuille ja kiusaajille. Mit\u00e4 teet ty\u00f6ksesi? Teen turvallisuus- ja [&hellip;]<\/p>\n","protected":false},"author":2,"featured_media":15103,"parent":17,"menu_order":87,"comment_status":"closed","ping_status":"closed","template":"","meta":{"_acf_changed":false,"footnotes":""},"class_list":["post-17577","page","type-page","status-publish","has-post-thumbnail","hentry"],"acf":[],"_links":{"self":[{"href":"https:\/\/verneri.net\/selko\/wp-json\/wp\/v2\/pages\/17577","targetHints":{"allow":["GET"]}}],"collection":[{"href":"https:\/\/verneri.net\/selko\/wp-json\/wp\/v2\/pages"}],"about":[{"href":"https:\/\/verneri.net\/selko\/wp-json\/wp\/v2\/types\/page"}],"author":[{"embeddable":true,"href":"https:\/\/verneri.net\/selko\/wp-json\/wp\/v2\/users\/2"}],"replies":[{"embeddable":true,"href":"https:\/\/verneri.net\/selko\/wp-json\/wp\/v2\/comments?post=17577"}],"version-history":[{"count":0,"href":"https:\/\/verneri.net\/selko\/wp-json\/wp\/v2\/pages\/17577\/revisions"}],"up":[{"embeddable":true,"href":"https:\/\/verneri.net\/selko\/wp-json\/wp\/v2\/pages\/17"}],"wp:featuredmedia":[{"embeddable":true,"href":"https:\/\/verneri.net\/selko\/wp-json\/wp\/v2\/media\/15103"}],"wp:attachment":[{"href":"https:\/\/verneri.net\/selko\/wp-json\/wp\/v2\/media?parent=17577"}],"curies":[{"name":"wp","href":"https:\/\/api.w.org\/{rel}","templated":true}]}}