{"id":17579,"date":"2025-10-30T14:26:12","date_gmt":"2025-10-30T12:26:12","guid":{"rendered":"https:\/\/verneri.net\/selko\/?page_id=17579"},"modified":"2025-10-30T14:26:41","modified_gmt":"2025-10-30T12:26:41","slug":"varaudu-sahkokatkoihin","status":"publish","type":"page","link":"https:\/\/verneri.net\/selko\/hyvinvointi\/asuminen\/varaudu-sahkokatkoihin\/","title":{"rendered":"Varaudu s\u00e4hk\u00f6katkoihin"},"content":{"rendered":"<p>Joskus kotiin voi tulla s\u00e4hk\u00f6katko.<\/p>\n<p>S\u00e4hk\u00f6katkon aikana s\u00e4hk\u00f6laitteet eiv\u00e4t toimi. Esimerkiksi valot, liesi ja j\u00e4\u00e4kaappi eiv\u00e4t toimi. Vett\u00e4 ei tule hanasta tai suihkusta. Puhelin- ja nettiyhteydet menev\u00e4t poikki, jos s\u00e4hk\u00f6katko jatkuu noin kaksi tuntia.<\/p>\n<p>S\u00e4hk\u00f6katko kest\u00e4\u00e4 yleens\u00e4 vain hetken, eik\u00e4 siit\u00e4 tarvitse huolestua. Joskus s\u00e4hk\u00f6katko voi kest\u00e4\u00e4 kauemmin.<\/p>\n<p>Lataa t\u00e4st\u00e4 selkokieliset ohjeet s\u00e4hk\u00f6katkon varalle:<\/p>\n<p><a href=\"https:\/\/verneri.net\/selko\/wp-content\/uploads\/sites\/2\/2025\/10\/mita-tehda-jos-sahkokatko-yllattaa.pdf\" target=\"_blank\" rel=\"noopener\">Mit\u00e4 tehd\u00e4, jos s\u00e4hk\u00f6katko yll\u00e4tt\u00e4\u00e4<\/a> (pdf-tiedosto)<\/p>\n<p>Jos olet huolissasi s\u00e4hk\u00f6katkoista, voit kysy\u00e4 neuvoa esimerkiksi l\u00e4heiselt\u00e4si tai tutulta naapurilta.<\/p>\n","protected":false},"excerpt":{"rendered":"<p>Joskus kotiin voi tulla s\u00e4hk\u00f6katko. S\u00e4hk\u00f6katkon aikana s\u00e4hk\u00f6laitteet eiv\u00e4t toimi. Esimerkiksi valot, liesi ja j\u00e4\u00e4kaappi eiv\u00e4t toimi. Vett\u00e4 ei tule [&hellip;]<\/p>\n","protected":false},"author":2,"featured_media":17582,"parent":19,"menu_order":426,"comment_status":"closed","ping_status":"closed","template":"","meta":{"_acf_changed":false,"footnotes":""},"class_list":["post-17579","page","type-page","status-publish","has-post-thumbnail","hentry"],"acf":[],"_links":{"self":[{"href":"https:\/\/verneri.net\/selko\/wp-json\/wp\/v2\/pages\/17579","targetHints":{"allow":["GET"]}}],"collection":[{"href":"https:\/\/verneri.net\/selko\/wp-json\/wp\/v2\/pages"}],"about":[{"href":"https:\/\/verneri.net\/selko\/wp-json\/wp\/v2\/types\/page"}],"author":[{"embeddable":true,"href":"https:\/\/verneri.net\/selko\/wp-json\/wp\/v2\/users\/2"}],"replies":[{"embeddable":true,"href":"https:\/\/verneri.net\/selko\/wp-json\/wp\/v2\/comments?post=17579"}],"version-history":[{"count":0,"href":"https:\/\/verneri.net\/selko\/wp-json\/wp\/v2\/pages\/17579\/revisions"}],"up":[{"embeddable":true,"href":"https:\/\/verneri.net\/selko\/wp-json\/wp\/v2\/pages\/19"}],"wp:featuredmedia":[{"embeddable":true,"href":"https:\/\/verneri.net\/selko\/wp-json\/wp\/v2\/media\/17582"}],"wp:attachment":[{"href":"https:\/\/verneri.net\/selko\/wp-json\/wp\/v2\/media?parent=17579"}],"curies":[{"name":"wp","href":"https:\/\/api.w.org\/{rel}","templated":true}]}}