{"id":17712,"date":"2025-11-05T20:54:19","date_gmt":"2025-11-05T18:54:19","guid":{"rendered":"https:\/\/verneri.net\/selko\/?page_id=17712"},"modified":"2025-11-05T20:55:17","modified_gmt":"2025-11-05T18:55:17","slug":"testaa-tietosi-nettiturvallisuudesta","status":"publish","type":"page","link":"https:\/\/verneri.net\/selko\/hyvinvointi\/digipalvelut\/testaa-tietosi-nettiturvallisuudesta\/","title":{"rendered":"Testaa tietosi nettiturvallisuudesta"},"content":{"rendered":"<div class=\"quiz-wrapper\"><form name=\"post\" action=\"https:\/\/verneri.net\/selko\/hyvinvointi\/digipalvelut\/testaa-tietosi-nettiturvallisuudesta\/\" method=\"post\" id=\"quiz\" style=\"text-align: left;\">\r\n\r\n<ol>\r\n<li><p>Keit\u00e4 netin s\u00e4\u00e4nn\u00f6t koskevat?<\/p><p>\n    <input type=\"radio\" name=\"answer[0]\" id=\"answer-0-1\" value=\"1\" \/> <label for=\"answer-0-1\">Aikuisia<\/label><br \/>\n    <input type=\"radio\" name=\"answer[0]\" id=\"answer-0-0\" value=\"0\" \/> <label for=\"answer-0-0\">Kaikkia netin k\u00e4ytt\u00e4ji\u00e4<\/label><br \/>\n    <input type=\"radio\" name=\"answer[0]\" id=\"answer-0-2\" value=\"2\" \/> <label for=\"answer-0-2\">Eiv\u00e4t ket\u00e4\u00e4n<\/label><br \/>\n<\/p><\/li>\n<li><p>Kohtaat netiss\u00e4 jotain ep\u00e4miellytt\u00e4v\u00e4\u00e4 tai v\u00e4\u00e4r\u00e4\u00e4. Mit\u00e4 teet?<\/p><p>\n    <input type=\"radio\" name=\"answer[1]\" id=\"answer-1-0\" value=\"0\" \/> <label for=\"answer-1-0\">Kerron luotettavalle ihmiselle<\/label><br \/>\n    <input type=\"radio\" name=\"answer[1]\" id=\"answer-1-1\" value=\"1\" \/> <label for=\"answer-1-1\">Lopetan netin k\u00e4yt\u00f6n<\/label><br \/>\n    <input type=\"radio\" name=\"answer[1]\" id=\"answer-1-2\" value=\"2\" \/> <label for=\"answer-1-2\">Salaan asian<\/label><br \/>\n<\/p><\/li>\n<li><p>Millainen on hyv\u00e4 salasana?<\/p><p>\n    <input type=\"radio\" name=\"answer[2]\" id=\"answer-2-0\" value=\"0\" \/> <label for=\"answer-2-0\">Minun helppo muistaa, muiden vaikea arvata<\/label><br \/>\n    <input type=\"radio\" name=\"answer[2]\" id=\"answer-2-1\" value=\"1\" \/> <label for=\"answer-2-1\">Oma nimeni<\/label><br \/>\n    <input type=\"radio\" name=\"answer[2]\" id=\"answer-2-2\" value=\"2\" \/> <label for=\"answer-2-2\">Helppo arvata<\/label><br \/>\n<\/p><\/li>\n<li><p>Millaisia kuvia netiss\u00e4 kannattaa julkaista?<\/p><p>\n    <input type=\"radio\" name=\"answer[3]\" id=\"answer-3-0\" value=\"0\" \/> <label for=\"answer-3-0\">Sellaisia, jotka kuka tahansa saa n\u00e4hd\u00e4<\/label><br \/>\n    <input type=\"radio\" name=\"answer[3]\" id=\"answer-3-2\" value=\"2\" \/> <label for=\"answer-3-2\">Sellaisia, joiden julkaisuun minulla ei ole lupaa<\/label><br \/>\n    <input type=\"radio\" name=\"answer[3]\" id=\"answer-3-1\" value=\"1\" \/> <label for=\"answer-3-1\">Sellaisia, joissa kaverit tekev\u00e4t noloja asioita<\/label><br \/>\n<\/p><\/li>\n<li><p>Uusi tuttavuus pyyt\u00e4\u00e4 l\u00e4hett\u00e4m\u00e4\u00e4n rahaa. Mit\u00e4 teet?<\/p><p>\n    <input type=\"radio\" name=\"answer[4]\" id=\"answer-4-1\" value=\"1\" \/> <label for=\"answer-4-1\">En mit\u00e4\u00e4n<\/label><br \/>\n    <input type=\"radio\" name=\"answer[4]\" id=\"answer-4-0\" value=\"0\" \/> <label for=\"answer-4-0\">Kerron asiasta luottevalle ihmiselle<\/label><br \/>\n    <input type=\"radio\" name=\"answer[4]\" id=\"answer-4-2\" value=\"2\" \/> <label for=\"answer-4-2\">L\u00e4het\u00e4n rahat heti<\/label><br \/>\n<\/p><\/li>\n<li><p>Miten netiss\u00e4 kannattaa k\u00e4ytt\u00e4yty\u00e4? <\/p><p>\n    <input type=\"radio\" name=\"answer[5]\" id=\"answer-5-2\" value=\"2\" \/> <label for=\"answer-5-2\">Ihan miten sattuu<\/label><br \/>\n    <input type=\"radio\" name=\"answer[5]\" id=\"answer-5-1\" value=\"1\" \/> <label for=\"answer-5-1\">Ep\u00e4rehellisesti<\/label><br \/>\n    <input type=\"radio\" name=\"answer[5]\" id=\"answer-5-0\" value=\"0\" \/> <label for=\"answer-5-0\">Yst\u00e4v\u00e4llisesti ja kohteliaasti<\/label><br \/>\n<\/p><\/li>\n<\/ol>\r\n\r\n<p class=\"submit\">\r\n<input type=\"submit\" name=\"submit\" style=\"font-weight: bold;\" value=\"N&auml;yt&auml; tulos\" \/>\r\n<\/p>\r\n\r\n<input type=\"hidden\" name=\"quiz_id\" id=\"quiz_id\" value=\"31\" \/>\r\n\r\n<\/form><\/div>\n","protected":false},"excerpt":{"rendered":"<p>Keit\u00e4 netin s\u00e4\u00e4nn\u00f6t koskevat? Aikuisia Eiv\u00e4t ket\u00e4\u00e4n Kaikkia netin k\u00e4ytt\u00e4ji\u00e4 Kohtaat netiss\u00e4 jotain ep\u00e4miellytt\u00e4v\u00e4\u00e4 tai v\u00e4\u00e4r\u00e4\u00e4. Mit\u00e4 teet? Lopetan netin [&hellip;]<\/p>\n","protected":false},"author":2,"featured_media":15064,"parent":23,"menu_order":61,"comment_status":"closed","ping_status":"closed","template":"","meta":{"_acf_changed":false,"footnotes":""},"class_list":["post-17712","page","type-page","status-publish","has-post-thumbnail","hentry"],"acf":[],"_links":{"self":[{"href":"https:\/\/verneri.net\/selko\/wp-json\/wp\/v2\/pages\/17712","targetHints":{"allow":["GET"]}}],"collection":[{"href":"https:\/\/verneri.net\/selko\/wp-json\/wp\/v2\/pages"}],"about":[{"href":"https:\/\/verneri.net\/selko\/wp-json\/wp\/v2\/types\/page"}],"author":[{"embeddable":true,"href":"https:\/\/verneri.net\/selko\/wp-json\/wp\/v2\/users\/2"}],"replies":[{"embeddable":true,"href":"https:\/\/verneri.net\/selko\/wp-json\/wp\/v2\/comments?post=17712"}],"version-history":[{"count":0,"href":"https:\/\/verneri.net\/selko\/wp-json\/wp\/v2\/pages\/17712\/revisions"}],"up":[{"embeddable":true,"href":"https:\/\/verneri.net\/selko\/wp-json\/wp\/v2\/pages\/23"}],"wp:featuredmedia":[{"embeddable":true,"href":"https:\/\/verneri.net\/selko\/wp-json\/wp\/v2\/media\/15064"}],"wp:attachment":[{"href":"https:\/\/verneri.net\/selko\/wp-json\/wp\/v2\/media?parent=17712"}],"curies":[{"name":"wp","href":"https:\/\/api.w.org\/{rel}","templated":true}]}}