{"id":17718,"date":"2025-11-06T12:04:31","date_gmt":"2025-11-06T10:04:31","guid":{"rendered":"https:\/\/verneri.net\/selko\/?page_id=17718"},"modified":"2025-11-06T12:04:31","modified_gmt":"2025-11-06T10:04:31","slug":"testaa-tietosi-paattamisesta","status":"publish","type":"page","link":"https:\/\/verneri.net\/selko\/hyvinvointi\/vammaisten-oikeudet\/oikeus-paattaa\/testaa-tietosi-paattamisesta\/","title":{"rendered":"Testaa tietosi p\u00e4\u00e4tt\u00e4misest\u00e4"},"content":{"rendered":"<div class=\"quiz-wrapper\"><form name=\"post\" action=\"https:\/\/verneri.net\/selko\/hyvinvointi\/vammaisten-oikeudet\/oikeus-paattaa\/testaa-tietosi-paattamisesta\/\" method=\"post\" id=\"quiz\" style=\"text-align: left;\">\r\n\r\n<ol>\r\n<li><p>Kenell\u00e4 on oikeus p\u00e4\u00e4tt\u00e4\u00e4 omista asioistaan?<\/p><p>\n    <input type=\"radio\" name=\"answer[0]\" id=\"answer-0-1\" value=\"1\" \/> <label for=\"answer-0-1\">Hyvin harvalla<\/label><br \/>\n    <input type=\"radio\" name=\"answer[0]\" id=\"answer-0-0\" value=\"0\" \/> <label for=\"answer-0-0\">Jokaisella<\/label><br \/>\n    <input type=\"radio\" name=\"answer[0]\" id=\"answer-0-2\" value=\"2\" \/> <label for=\"answer-0-2\">Ei juuri kell\u00e4\u00e4n<\/label><br \/>\n<\/p><\/li>\n<li><p>Millaisista asioista sinulla on oikeus p\u00e4\u00e4tt\u00e4\u00e4?<\/p><p>\n    <input type=\"radio\" name=\"answer[1]\" id=\"answer-1-1\" value=\"1\" \/> <label for=\"answer-1-1\">Muiden asioista<\/label><br \/>\n    <input type=\"radio\" name=\"answer[1]\" id=\"answer-1-0\" value=\"0\" \/> <label for=\"answer-1-0\">Asumisesta, ihmissuhteista ja vapaa-ajasta<\/label><br \/>\n    <input type=\"radio\" name=\"answer[1]\" id=\"answer-1-2\" value=\"2\" \/> <label for=\"answer-1-2\">Ei mist\u00e4\u00e4n<\/label><br \/>\n<\/p><\/li>\n<li><p>Kenelt\u00e4 voit saada tukea p\u00e4\u00e4tt\u00e4miseen?<\/p><p>\n    <input type=\"radio\" name=\"answer[2]\" id=\"answer-2-2\" value=\"2\" \/> <label for=\"answer-2-2\">En kenelt\u00e4k\u00e4\u00e4n<\/label><br \/>\n    <input type=\"radio\" name=\"answer[2]\" id=\"answer-2-0\" value=\"0\" \/> <label for=\"answer-2-0\">L\u00e4heisilt\u00e4, ohjaajilta ja tukihenkil\u00f6lt\u00e4<\/label><br \/>\n    <input type=\"radio\" name=\"answer[2]\" id=\"answer-2-1\" value=\"1\" \/> <label for=\"answer-2-1\">Naapurin Sepolta<\/label><br \/>\n<\/p><\/li>\n<li><p>Kenell\u00e4 on oikeus tehd\u00e4 huonoja valintoja ja v\u00e4\u00e4ri\u00e4 p\u00e4\u00e4t\u00f6ksi\u00e4?<\/p><p>\n    <input type=\"radio\" name=\"answer[3]\" id=\"answer-3-1\" value=\"1\" \/> <label for=\"answer-3-1\">Joulupukilla<\/label><br \/>\n    <input type=\"radio\" name=\"answer[3]\" id=\"answer-3-2\" value=\"2\" \/> <label for=\"answer-3-2\">Ei kell\u00e4\u00e4n<\/label><br \/>\n    <input type=\"radio\" name=\"answer[3]\" id=\"answer-3-0\" value=\"0\" \/> <label for=\"answer-3-0\">Jokaisella<\/label><br \/>\n<\/p><\/li>\n<li><p><\/p><p>\n    <input type=\"radio\" name=\"answer[4]\" id=\"answer-4-1\" value=\"1\" \/> <label for=\"answer-4-1\"><\/label><br \/>\n    <input type=\"radio\" name=\"answer[4]\" id=\"answer-4-0\" value=\"0\" \/> <label for=\"answer-4-0\"><\/label><br \/>\n    <input type=\"radio\" name=\"answer[4]\" id=\"answer-4-2\" value=\"2\" \/> <label for=\"answer-4-2\"><\/label><br \/>\n<\/p><\/li>\n<\/ol>\r\n\r\n<p class=\"submit\">\r\n<input type=\"submit\" name=\"submit\" style=\"font-weight: bold;\" value=\"N&auml;yt&auml; tulos\" \/>\r\n<\/p>\r\n\r\n<input type=\"hidden\" name=\"quiz_id\" id=\"quiz_id\" value=\"32\" \/>\r\n\r\n<\/form><\/div>\n","protected":false},"excerpt":{"rendered":"<p>Kenell\u00e4 on oikeus p\u00e4\u00e4tt\u00e4\u00e4 omista asioistaan? Jokaisella Hyvin harvalla Ei juuri kell\u00e4\u00e4n Millaisista asioista sinulla on oikeus p\u00e4\u00e4tt\u00e4\u00e4? Ei mist\u00e4\u00e4n [&hellip;]<\/p>\n","protected":false},"author":2,"featured_media":17010,"parent":61,"menu_order":4,"comment_status":"closed","ping_status":"closed","template":"","meta":{"_acf_changed":false,"footnotes":""},"class_list":["post-17718","page","type-page","status-publish","has-post-thumbnail","hentry"],"acf":[],"_links":{"self":[{"href":"https:\/\/verneri.net\/selko\/wp-json\/wp\/v2\/pages\/17718","targetHints":{"allow":["GET"]}}],"collection":[{"href":"https:\/\/verneri.net\/selko\/wp-json\/wp\/v2\/pages"}],"about":[{"href":"https:\/\/verneri.net\/selko\/wp-json\/wp\/v2\/types\/page"}],"author":[{"embeddable":true,"href":"https:\/\/verneri.net\/selko\/wp-json\/wp\/v2\/users\/2"}],"replies":[{"embeddable":true,"href":"https:\/\/verneri.net\/selko\/wp-json\/wp\/v2\/comments?post=17718"}],"version-history":[{"count":0,"href":"https:\/\/verneri.net\/selko\/wp-json\/wp\/v2\/pages\/17718\/revisions"}],"up":[{"embeddable":true,"href":"https:\/\/verneri.net\/selko\/wp-json\/wp\/v2\/pages\/61"}],"wp:featuredmedia":[{"embeddable":true,"href":"https:\/\/verneri.net\/selko\/wp-json\/wp\/v2\/media\/17010"}],"wp:attachment":[{"href":"https:\/\/verneri.net\/selko\/wp-json\/wp\/v2\/media?parent=17718"}],"curies":[{"name":"wp","href":"https:\/\/api.w.org\/{rel}","templated":true}]}}