{"id":17739,"date":"2025-11-06T19:08:05","date_gmt":"2025-11-06T17:08:05","guid":{"rendered":"https:\/\/verneri.net\/selko\/?page_id=17739"},"modified":"2025-11-06T20:12:47","modified_gmt":"2025-11-06T18:12:47","slug":"jouluvisa","status":"publish","type":"page","link":"https:\/\/verneri.net\/selko\/hyvinvointi\/vapaa-aika\/joulu\/jouluvisa\/","title":{"rendered":"Jouluvisa"},"content":{"rendered":"<div class=\"quiz-wrapper\"><form name=\"post\" action=\"https:\/\/verneri.net\/selko\/hyvinvointi\/vapaa-aika\/joulu\/jouluvisa\/\" method=\"post\" id=\"quiz\" style=\"text-align: left;\">\r\n\r\n<ol>\r\n<li><p>Miss\u00e4 joulupukki asuu?<\/p><p>\n    <input type=\"radio\" name=\"answer[0]\" id=\"answer-0-1\" value=\"1\" \/> <label for=\"answer-0-1\">Kehitysvammaliitossa<\/label><br \/>\n    <input type=\"radio\" name=\"answer[0]\" id=\"answer-0-0\" value=\"0\" \/> <label for=\"answer-0-0\">Korvatunturilla<\/label><br \/>\n    <input type=\"radio\" name=\"answer[0]\" id=\"answer-0-2\" value=\"2\" \/> <label for=\"answer-0-2\">Naapurissa<\/label><br \/>\n<\/p><\/li>\n<li><p>Mit\u00e4 adventti tarkoittaa?<\/p><p>\n    <input type=\"radio\" name=\"answer[1]\" id=\"answer-1-2\" value=\"2\" \/> <label for=\"answer-1-2\">Joululauluja<\/label><br \/>\n    <input type=\"radio\" name=\"answer[1]\" id=\"answer-1-0\" value=\"0\" \/> <label for=\"answer-1-0\">Joulun odotuksen aikaa<\/label><br \/>\n    <input type=\"radio\" name=\"answer[1]\" id=\"answer-1-1\" value=\"1\" \/> <label for=\"answer-1-1\">Jouluruokaa<\/label><br \/>\n<\/p><\/li>\n<li><p>Milloin on jouluaatto?<\/p><p>\n    <input type=\"radio\" name=\"answer[2]\" id=\"answer-2-0\" value=\"0\" \/> <label for=\"answer-2-0\">24. joulukuuta<\/label><br \/>\n    <input type=\"radio\" name=\"answer[2]\" id=\"answer-2-2\" value=\"2\" \/> <label for=\"answer-2-2\">7. hein\u00e4kuuta<\/label><br \/>\n    <input type=\"radio\" name=\"answer[2]\" id=\"answer-2-1\" value=\"1\" \/> <label for=\"answer-2-1\">1. tammikuuta<\/label><br \/>\n<\/p><\/li>\n<li><p>Mik\u00e4 seuraavista on perinteinen jouluruoka?<\/p><p>\n    <input type=\"radio\" name=\"answer[3]\" id=\"answer-3-2\" value=\"2\" \/> <label for=\"answer-3-2\">Berliininmunkki<\/label><br \/>\n    <input type=\"radio\" name=\"answer[3]\" id=\"answer-3-1\" value=\"1\" \/> <label for=\"answer-3-1\">Nakit ja muussi<\/label><br \/>\n    <input type=\"radio\" name=\"answer[3]\" id=\"answer-3-0\" value=\"0\" \/> <label for=\"answer-3-0\">Lanttulaatikko<\/label><br \/>\n<\/p><\/li>\n<li><p>Mik\u00e4 seuraavista on perinteinen joululaulu?<\/p><p>\n    <input type=\"radio\" name=\"answer[4]\" id=\"answer-4-1\" value=\"1\" \/> <label for=\"answer-4-1\">Maamme laulu<\/label><br \/>\n    <input type=\"radio\" name=\"answer[4]\" id=\"answer-4-2\" value=\"2\" \/> <label for=\"answer-4-2\">Sankarit<\/label><br \/>\n    <input type=\"radio\" name=\"answer[4]\" id=\"answer-4-0\" value=\"0\" \/> <label for=\"answer-4-0\">Joulupukki<\/label><br \/>\n<\/p><\/li>\n<li><p>Kuka tuo lahjat jouluna?<\/p><p>\n    <input type=\"radio\" name=\"answer[5]\" id=\"answer-5-0\" value=\"0\" \/> <label for=\"answer-5-0\">Joulupukki<\/label><br \/>\n    <input type=\"radio\" name=\"answer[5]\" id=\"answer-5-1\" value=\"1\" \/> <label for=\"answer-5-1\">Naapurin Seppo<\/label><br \/>\n    <input type=\"radio\" name=\"answer[5]\" id=\"answer-5-2\" value=\"2\" \/> <label for=\"answer-5-2\">P\u00e4\u00e4si\u00e4isnoita<\/label><br \/>\n<\/p><\/li>\n<li><p>Mik\u00e4 seuraavista on joulun perinteinen v\u00e4ri?<\/p><p>\n    <input type=\"radio\" name=\"answer[6]\" id=\"answer-6-0\" value=\"0\" \/> <label for=\"answer-6-0\">Punainen<\/label><br \/>\n    <input type=\"radio\" name=\"answer[6]\" id=\"answer-6-2\" value=\"2\" \/> <label for=\"answer-6-2\">Pinkki<\/label><br \/>\n    <input type=\"radio\" name=\"answer[6]\" id=\"answer-6-1\" value=\"1\" \/> <label for=\"answer-6-1\">Liila<\/label><br \/>\n<\/p><\/li>\n<\/ol>\r\n\r\n<p class=\"submit\">\r\n<input type=\"submit\" name=\"submit\" style=\"font-weight: bold;\" value=\"N&auml;yt&auml; tulos\" \/>\r\n<\/p>\r\n\r\n<input type=\"hidden\" name=\"quiz_id\" id=\"quiz_id\" value=\"28\" \/>\r\n\r\n<\/form><\/div>\n","protected":false},"excerpt":{"rendered":"<p>Miss\u00e4 joulupukki asuu? Korvatunturilla Kehitysvammaliitossa Naapurissa Mit\u00e4 adventti tarkoittaa? Jouluruokaa Joulun odotuksen aikaa Joululauluja Milloin on jouluaatto? 1. tammikuuta 7. [&hellip;]<\/p>\n","protected":false},"author":2,"featured_media":17742,"parent":17741,"menu_order":7,"comment_status":"closed","ping_status":"closed","template":"","meta":{"_acf_changed":false,"footnotes":""},"class_list":["post-17739","page","type-page","status-publish","has-post-thumbnail","hentry"],"acf":[],"_links":{"self":[{"href":"https:\/\/verneri.net\/selko\/wp-json\/wp\/v2\/pages\/17739","targetHints":{"allow":["GET"]}}],"collection":[{"href":"https:\/\/verneri.net\/selko\/wp-json\/wp\/v2\/pages"}],"about":[{"href":"https:\/\/verneri.net\/selko\/wp-json\/wp\/v2\/types\/page"}],"author":[{"embeddable":true,"href":"https:\/\/verneri.net\/selko\/wp-json\/wp\/v2\/users\/2"}],"replies":[{"embeddable":true,"href":"https:\/\/verneri.net\/selko\/wp-json\/wp\/v2\/comments?post=17739"}],"version-history":[{"count":0,"href":"https:\/\/verneri.net\/selko\/wp-json\/wp\/v2\/pages\/17739\/revisions"}],"up":[{"embeddable":true,"href":"https:\/\/verneri.net\/selko\/wp-json\/wp\/v2\/pages\/17741"}],"wp:featuredmedia":[{"embeddable":true,"href":"https:\/\/verneri.net\/selko\/wp-json\/wp\/v2\/media\/17742"}],"wp:attachment":[{"href":"https:\/\/verneri.net\/selko\/wp-json\/wp\/v2\/media?parent=17739"}],"curies":[{"name":"wp","href":"https:\/\/api.w.org\/{rel}","templated":true}]}}