{"id":17741,"date":"2025-11-06T20:07:37","date_gmt":"2025-11-06T18:07:37","guid":{"rendered":"https:\/\/verneri.net\/selko\/?page_id=17741"},"modified":"2025-12-15T16:50:40","modified_gmt":"2025-12-15T14:50:40","slug":"joulu","status":"publish","type":"page","link":"https:\/\/verneri.net\/selko\/hyvinvointi\/vapaa-aika\/joulu\/","title":{"rendered":"Joulu"},"content":{"rendered":"<p>N\u00e4ill\u00e4 sivuilla on tietoa joulun perinteist\u00e4 ja vinkkej\u00e4 helppojen jouluruokien valmistamiseen.<\/p>\n<p>Voit my\u00f6s vastata leikkimielisen jouluvisan kysymyksiin.<\/p>\n","protected":false},"excerpt":{"rendered":"<p>N\u00e4ill\u00e4 sivuilla on tietoa joulun perinteist\u00e4 ja vinkkej\u00e4 helppojen jouluruokien valmistamiseen. Voit my\u00f6s vastata leikkimielisen jouluvisan kysymyksiin.<\/p>\n","protected":false},"author":2,"featured_media":17686,"parent":24,"menu_order":107,"comment_status":"closed","ping_status":"closed","template":"","meta":{"_acf_changed":false,"footnotes":""},"class_list":["post-17741","page","type-page","status-publish","has-post-thumbnail","hentry"],"acf":[],"_links":{"self":[{"href":"https:\/\/verneri.net\/selko\/wp-json\/wp\/v2\/pages\/17741","targetHints":{"allow":["GET"]}}],"collection":[{"href":"https:\/\/verneri.net\/selko\/wp-json\/wp\/v2\/pages"}],"about":[{"href":"https:\/\/verneri.net\/selko\/wp-json\/wp\/v2\/types\/page"}],"author":[{"embeddable":true,"href":"https:\/\/verneri.net\/selko\/wp-json\/wp\/v2\/users\/2"}],"replies":[{"embeddable":true,"href":"https:\/\/verneri.net\/selko\/wp-json\/wp\/v2\/comments?post=17741"}],"version-history":[{"count":0,"href":"https:\/\/verneri.net\/selko\/wp-json\/wp\/v2\/pages\/17741\/revisions"}],"up":[{"embeddable":true,"href":"https:\/\/verneri.net\/selko\/wp-json\/wp\/v2\/pages\/24"}],"wp:featuredmedia":[{"embeddable":true,"href":"https:\/\/verneri.net\/selko\/wp-json\/wp\/v2\/media\/17686"}],"wp:attachment":[{"href":"https:\/\/verneri.net\/selko\/wp-json\/wp\/v2\/media?parent=17741"}],"curies":[{"name":"wp","href":"https:\/\/api.w.org\/{rel}","templated":true}]}}