{"id":178,"date":"2024-12-02T11:15:52","date_gmt":"2024-12-02T09:15:52","guid":{"rendered":"http:\/\/localhost\/verneri\/selko-dev\/hyvinvointi\/vapaa-aika\/urheilu\/"},"modified":"2025-05-06T14:50:46","modified_gmt":"2025-05-06T11:50:46","slug":"urheilukilpailut","status":"publish","type":"page","link":"https:\/\/verneri.net\/selko\/hyvinvointi\/vapaa-aika\/urheilukilpailut\/","title":{"rendered":"Urheilukilpailut"},"content":{"rendered":"<p>Tykk\u00e4\u00e4tk\u00f6 urheilla tai seurata urheilua?<\/p>\n<p>N\u00e4ill\u00e4 sivuilla voit tutustua Special Olympics -j\u00e4rjest\u00f6\u00f6n ja lukea olympialaisista sek\u00e4 paralympialaisista.<\/p>\n","protected":false},"excerpt":{"rendered":"<p>Tykk\u00e4\u00e4tk\u00f6 urheilla tai seurata urheilua? N\u00e4ill\u00e4 sivuilla voit tutustua Special Olympics -j\u00e4rjest\u00f6\u00f6n ja lukea olympialaisista sek\u00e4 paralympialaisista.<\/p>\n","protected":false},"author":1,"featured_media":15008,"parent":24,"menu_order":78,"comment_status":"closed","ping_status":"closed","template":"","meta":{"_acf_changed":false,"footnotes":""},"class_list":["post-178","page","type-page","status-publish","has-post-thumbnail","hentry"],"acf":[],"_links":{"self":[{"href":"https:\/\/verneri.net\/selko\/wp-json\/wp\/v2\/pages\/178","targetHints":{"allow":["GET"]}}],"collection":[{"href":"https:\/\/verneri.net\/selko\/wp-json\/wp\/v2\/pages"}],"about":[{"href":"https:\/\/verneri.net\/selko\/wp-json\/wp\/v2\/types\/page"}],"author":[{"embeddable":true,"href":"https:\/\/verneri.net\/selko\/wp-json\/wp\/v2\/users\/1"}],"replies":[{"embeddable":true,"href":"https:\/\/verneri.net\/selko\/wp-json\/wp\/v2\/comments?post=178"}],"version-history":[{"count":0,"href":"https:\/\/verneri.net\/selko\/wp-json\/wp\/v2\/pages\/178\/revisions"}],"up":[{"embeddable":true,"href":"https:\/\/verneri.net\/selko\/wp-json\/wp\/v2\/pages\/24"}],"wp:featuredmedia":[{"embeddable":true,"href":"https:\/\/verneri.net\/selko\/wp-json\/wp\/v2\/media\/15008"}],"wp:attachment":[{"href":"https:\/\/verneri.net\/selko\/wp-json\/wp\/v2\/media?parent=178"}],"curies":[{"name":"wp","href":"https:\/\/api.w.org\/{rel}","templated":true}]}}