{"id":179,"date":"2016-08-04T15:12:31","date_gmt":"2016-08-04T12:12:31","guid":{"rendered":"http:\/\/localhost\/verneri\/selko-dev\/hyvinvointi\/vapaa-aika\/olympialaiset\/"},"modified":"2025-09-08T17:32:58","modified_gmt":"2025-09-08T14:32:58","slug":"olympialaiset","status":"publish","type":"page","link":"https:\/\/verneri.net\/selko\/hyvinvointi\/vapaa-aika\/urheilukilpailut\/olympialaiset\/","title":{"rendered":"Olympialaiset"},"content":{"rendered":"<p>Olympialaiset ovat urheilutapahtuma, jossa kilpaillaan monessa eri urheilulajissa. Olympialaisiin osallistuu urheilijoita monista maista ymp\u00e4ri maailmaa.<\/p>\n<p>Olympialaiset j\u00e4rjestet\u00e4\u00e4n kahden vuoden v\u00e4lein. Vuoron per\u00e4\u00e4n pidet\u00e4\u00e4n kes\u00e4olympialaiset ja talviolympialaiset.<\/p>\n<p>Olympiakisat j\u00e4rjestet\u00e4\u00e4n joka kerta eri maassa.<\/p>\n<h2>Talviolympialaiset 2026<\/h2>\n<p>Seuraavat olympialaiset j\u00e4rjestet\u00e4\u00e4n talvella 2026 Italiassa.<\/p>\n<p>Pekingin talviolympialaisissa kilpaillaan 16 lajissa.<\/p>\n<p>Olympialaisissa on uusi laji hiihtoalpinismi eli vuorihiihto. Hiihtoalpinismissa hiihdet\u00e4\u00e4n vuorisilla alueilla, joissa on jyrkki\u00e4 laskuja ja nousuja.<\/p>\n<p>Pekingin olympialaisten lajit:<\/p>\n<ul>\n<li>alppihiihto<\/li>\n<li>ampumahiihto<\/li>\n<li>curling<\/li>\n<li>freestylehiihto<\/li>\n<li>hiihtoalpinismi<\/li>\n<li>j\u00e4\u00e4kiekko<\/li>\n<li>kaukalopikaluistelu<\/li>\n<li>lumilautailu<\/li>\n<li>maastohiihto<\/li>\n<li>m\u00e4kihyppy<\/li>\n<li>ohjaskelkkailu<\/li>\n<li>pikaluistelu<\/li>\n<li>rattikelkkailu<\/li>\n<li>skeleton<\/li>\n<li>taitoluistelu<\/li>\n<li>yhdistetty<\/li>\n<\/ul>\n<h2>Penkkiurheilun juhlaa<\/h2>\n<p>Olympialaisia seurataan ahkerasti ymp\u00e4ri maailmaa.<\/p>\n<p>Television lis\u00e4ksi kisoja katsotaan tietokoneista, tableteista ja k\u00e4nnyk\u00f6ist\u00e4.<\/p>\n<p>Lis\u00e4ksi tapahtumista voi lukea ja tuloksia seurata eri lehdist\u00e4.<\/p>\n<p>Suomalaisten katsojien suosikkilajeja talviolympialaisissa ovat<\/p>\n<ul>\n<li>maastohiihto<\/li>\n<li>j\u00e4\u00e4kiekko<\/li>\n<li>lumilautailu<\/li>\n<li>freestylehiihto.<\/li>\n<\/ul>\n<h2>Suomalaiset olympialaisissa<\/h2>\n<p>Suomi on osallistunut olympialaisiin vuodesta 1908 alkaen.<\/p>\n<p>Suomi on menestynyt olympialaisissa hyvin. Kes\u00e4olympialaisissa suomalaiset ovat saaneet eniten mitaleja yleisurheilussa ja painissa. Talviolympialaisissa Suomi on menestynyt parhaiten maastohiihdossa ja m\u00e4kihypyss\u00e4.<\/p>\n<p>Suomalaisia olympiavoittajia ovat muun muassa:<\/p>\n<ul>\n<li>Lasse Vir\u00e9n<\/li>\n<li>Mikko Kolehmainen<\/li>\n<li>Marja-Liisa Kirvesniemi<\/li>\n<li>Tapio Korjus<\/li>\n<li>Matti Nyk\u00e4nen<\/li>\n<li>Marjut Rolig<\/li>\n<li>Heli Rantanen<\/li>\n<li>Paavo Nurmi<\/li>\n<li>Jouko Salom\u00e4ki<\/li>\n<li>Iivo Niskanen<\/li>\n<li>Juha Mieto<\/li>\n<li>Satu M\u00e4kel\u00e4-Nummela.<\/li>\n<\/ul>\n<h2>Olympialaisten historia<\/h2>\n<p>Olympialaisilla on pitk\u00e4 historia.<\/p>\n<p>Urheilukilpailuja j\u00e4rjestettiin jo antiikin Kreikassa Olympus-nimisess\u00e4 paikassa. Antiikki eli vanha aika on ajanjakso Kreikan ja Rooman historiassa.<\/p>\n<p>Olympialaiset ovat saaneet nimens\u00e4 Olympus-kaupungin mukaan.<\/p>\n<p>Nykyaikset olympialaiset j\u00e4rjestettiin ensimm\u00e4isen kerran Kreikassa vuonna 1896. Mukana oli tuolloin 241 urheilijaa 24 eri maasta.<\/p>\n<p>Kaikissa olympialaisissa on ollut mukana kuusi lajia.<\/p>\n<p>N\u00e4m\u00e4 lajit ovat:<\/p>\n<ul>\n<li>miekkailu<\/li>\n<li>py\u00f6r\u00e4ily<\/li>\n<li>uinti<\/li>\n<li>voimistelu<\/li>\n<li>ammunta<\/li>\n<li>yleisurheilu.<\/li>\n<\/ul>\n<p>Vuosien varrella lajeja on tullut lis\u00e4\u00e4 ja nyky\u00e4\u00e4n niit\u00e4 on paljon enemm\u00e4n.<\/p>\n<p><strong>Teksti:<\/strong> Mira Vihmo<br \/>\n<strong>Kuva:\u00a0<\/strong>Unsplash<\/p>\n","protected":false},"excerpt":{"rendered":"<p>Olympialaiset ovat urheilutapahtuma, jossa kilpaillaan monessa eri urheilulajissa. Olympialaisiin osallistuu urheilijoita monista maista ymp\u00e4ri maailmaa. Olympialaiset j\u00e4rjestet\u00e4\u00e4n kahden vuoden v\u00e4lein. [&hellip;]<\/p>\n","protected":false},"author":1,"featured_media":16969,"parent":178,"menu_order":13,"comment_status":"closed","ping_status":"closed","template":"","meta":{"_acf_changed":false,"footnotes":""},"class_list":["post-179","page","type-page","status-publish","has-post-thumbnail","hentry"],"acf":[],"_links":{"self":[{"href":"https:\/\/verneri.net\/selko\/wp-json\/wp\/v2\/pages\/179","targetHints":{"allow":["GET"]}}],"collection":[{"href":"https:\/\/verneri.net\/selko\/wp-json\/wp\/v2\/pages"}],"about":[{"href":"https:\/\/verneri.net\/selko\/wp-json\/wp\/v2\/types\/page"}],"author":[{"embeddable":true,"href":"https:\/\/verneri.net\/selko\/wp-json\/wp\/v2\/users\/1"}],"replies":[{"embeddable":true,"href":"https:\/\/verneri.net\/selko\/wp-json\/wp\/v2\/comments?post=179"}],"version-history":[{"count":0,"href":"https:\/\/verneri.net\/selko\/wp-json\/wp\/v2\/pages\/179\/revisions"}],"up":[{"embeddable":true,"href":"https:\/\/verneri.net\/selko\/wp-json\/wp\/v2\/pages\/178"}],"wp:featuredmedia":[{"embeddable":true,"href":"https:\/\/verneri.net\/selko\/wp-json\/wp\/v2\/media\/16969"}],"wp:attachment":[{"href":"https:\/\/verneri.net\/selko\/wp-json\/wp\/v2\/media?parent=179"}],"curies":[{"name":"wp","href":"https:\/\/api.w.org\/{rel}","templated":true}]}}