{"id":17900,"date":"2025-11-19T11:00:13","date_gmt":"2025-11-19T09:00:13","guid":{"rendered":"https:\/\/verneri.net\/selko\/?page_id=17900"},"modified":"2025-11-19T13:04:51","modified_gmt":"2025-11-19T11:04:51","slug":"vertaistukea-vernerissa","status":"publish","type":"page","link":"https:\/\/verneri.net\/selko\/hyvinvointi\/vaikuttaminen\/vertaistukea-vernerissa\/","title":{"rendered":"Vertaistukea Verneriss\u00e4"},"content":{"rendered":"<p>Vertaisuus tarkoittaa sit\u00e4, ett\u00e4 toinen saman asian kokenut ihminen ymm\u00e4rt\u00e4\u00e4, milt\u00e4 sinusta tuntuu.<\/p>\n<p>Kun juttelet toisten ihmisten kanssa, huomaat ett\u00e4 muutkin ovat kokeneet samanlaisia asioita. Huomaat, ett\u00e4 et ole ainoa ja yksin.<\/p>\n<p>Vertaisia voi yhdist\u00e4\u00e4 esimerkiksi samanlainen el\u00e4m\u00e4ntilanne tai samanlaiset kokemukset jostakin asiasta.<\/p>\n<p>Vertaiselta voit saada omaan el\u00e4m\u00e4ntilanteeseen sopivia vinkkej\u00e4 tai neuvoja.<\/p>\n<h2>Vertaistukea Verneriss\u00e4<\/h2>\n<p>Vernerin selkosivuilta saat vertaistukea.<\/p>\n<p>Verneriss\u00e4 nuoret ja aikuiset kertovat kokemuksiaan ja jakavat vinkkej\u00e4 vertaisillle.<\/p>\n<p>Vernerin Instaliveiss\u00e4 voit tavata ihmisi\u00e4, vaihtaa kuulumisia ja kertoa kokemuksistasi. Livej\u00e4 j\u00e4rjestet\u00e4\u00e4n Vernerin Instagramissa kerran kuussa.<\/p>\n<p>Blogataan yhdess\u00e4 on Vernerin lukijoiden yhteinen blogi. Voit kirjoittaa blogiin mist\u00e4 vain sinulle t\u00e4rke\u00e4st\u00e4 aiheesta.<\/p>\n<p>Voit perustaa Verneriin my\u00f6s oman blogin. Omassa blogissa voit kertoa kuulumisia tai kirjoittaa jostain sinulle t\u00e4rke\u00e4st\u00e4 aiheesta, kuten harrastuksesta.<\/p>\n<p>Blogeista voit lukea my\u00f6s muiden ajatuksia, kokemuksia ja saada vinkkej\u00e4 vertaisilta.<\/p>\n<p><a href=\"https:\/\/verneri.net\/selko\/blogit\/\">Tutustu Vernerin blogeihin<\/a><\/p>\n<p><strong>Pohdi:<\/strong><\/p>\n<ul>\n<li>Kenelle olet kertonut kokemuksistasi?<\/li>\n<li>Kuka on kertonut sinulle kokemuksistaan?<\/li>\n<li>Kenelle voisit antaa vertaistukea?<\/li>\n<li>Millaisista asioista voisit antaa vertaistukea?<\/li>\n<li>Millaisiin asioihin kaipaat vertaistukea?<\/li>\n<\/ul>\n","protected":false},"excerpt":{"rendered":"<p>Vertaisuus tarkoittaa sit\u00e4, ett\u00e4 toinen saman asian kokenut ihminen ymm\u00e4rt\u00e4\u00e4, milt\u00e4 sinusta tuntuu. Kun juttelet toisten ihmisten kanssa, huomaat ett\u00e4 [&hellip;]<\/p>\n","protected":false},"author":2,"featured_media":0,"parent":16,"menu_order":268,"comment_status":"closed","ping_status":"closed","template":"","meta":{"_acf_changed":false,"footnotes":""},"class_list":["post-17900","page","type-page","status-publish","hentry"],"acf":[],"_links":{"self":[{"href":"https:\/\/verneri.net\/selko\/wp-json\/wp\/v2\/pages\/17900","targetHints":{"allow":["GET"]}}],"collection":[{"href":"https:\/\/verneri.net\/selko\/wp-json\/wp\/v2\/pages"}],"about":[{"href":"https:\/\/verneri.net\/selko\/wp-json\/wp\/v2\/types\/page"}],"author":[{"embeddable":true,"href":"https:\/\/verneri.net\/selko\/wp-json\/wp\/v2\/users\/2"}],"replies":[{"embeddable":true,"href":"https:\/\/verneri.net\/selko\/wp-json\/wp\/v2\/comments?post=17900"}],"version-history":[{"count":0,"href":"https:\/\/verneri.net\/selko\/wp-json\/wp\/v2\/pages\/17900\/revisions"}],"up":[{"embeddable":true,"href":"https:\/\/verneri.net\/selko\/wp-json\/wp\/v2\/pages\/16"}],"wp:attachment":[{"href":"https:\/\/verneri.net\/selko\/wp-json\/wp\/v2\/media?parent=17900"}],"curies":[{"name":"wp","href":"https:\/\/api.w.org\/{rel}","templated":true}]}}