{"id":17904,"date":"2025-11-19T13:19:09","date_gmt":"2025-11-19T11:19:09","guid":{"rendered":"https:\/\/verneri.net\/selko\/?page_id=17904"},"modified":"2025-11-19T13:20:35","modified_gmt":"2025-11-19T11:20:35","slug":"asenteet-kuntoon","status":"publish","type":"page","link":"https:\/\/verneri.net\/selko\/hyvinvointi\/vammaisuus\/asenteet-kuntoon\/","title":{"rendered":"Asenteet kuntoon"},"content":{"rendered":"<p><span data-contrast=\"auto\">Me Itse on kehitysvammaisten ihmisten oma yhdistys.<\/span><\/p>\n<p>T\u00e4lt\u00e4 sivulta voit lukea Me itse -yhdistyksen julkilausuman asenteista.<\/p>\n<h2><span data-contrast=\"none\">Asenteet kuntoon vammaisuutta kohtaan!<\/span><span data-ccp-props=\"{&quot;134245418&quot;:true,&quot;134245529&quot;:true,&quot;335559738&quot;:40,&quot;335559739&quot;:0}\">\u00a0<\/span><\/h2>\n<p><span data-contrast=\"none\">Asenne tarkoittaa t\u00e4ss\u00e4 julkilausumassa sit\u00e4, miten ihmiset suhtautuvat meihin, joilla on erityisen tuen tarve, kehitysvamma<\/span> <span data-contrast=\"auto\">tai jokin muu vamma.<\/span><\/p>\n<p><span data-contrast=\"auto\">Ihmisten erilaiset asenteet n\u00e4kyv\u00e4t heid\u00e4n teoissaan ja siin\u00e4, miten he kohtaavat meid\u00e4t. Asenteet n\u00e4kyv\u00e4t ihmissuhteissa, t\u00f6iss\u00e4, koulussa ja muussa el\u00e4m\u00e4ss\u00e4.<\/span><\/p>\n<p><span data-contrast=\"auto\">Asenteet n\u00e4kyv\u00e4t my\u00f6s silloin, kun olemme muiden joukossa.<\/span><\/p>\n<p><span data-contrast=\"auto\">Huonot asenteet erottavat ihmiset toisistaan.<\/span><\/p>\n<p><span data-contrast=\"auto\">Miksi vammaisia ihmisi\u00e4 ei oteta tosissaan? Miksi meid\u00e4t otetaan tosissaan vain joissakin asioissa, mutta ei kokonaan?<\/span><\/p>\n<p><span data-contrast=\"auto\">Kun ei oteta tosissaan, voidaan vedota kehitysvammaan<\/span><span data-ccp-props=\"{}\">\u00a0<\/span><span data-contrast=\"auto\">miss\u00e4 tahansa asiassa. Vammaan vetoava henkil\u00f6 pit\u00e4\u00e4<\/span><span data-ccp-props=\"{}\">\u00a0<\/span><span data-contrast=\"auto\">meit\u00e4 huonompina kuin muita.<\/span><\/p>\n<p><span data-contrast=\"auto\">Syrjiv\u00e4 asenne n\u00e4kyy my\u00f6s ty\u00f6el\u00e4m\u00e4ss\u00e4 ja koulussa.<\/span><\/p>\n<p><span data-contrast=\"auto\">Muiden huono asenne voi n\u00e4ky\u00e4 esimerkiksi kiusaamisena.<\/span><\/p>\n<p><span data-contrast=\"auto\">Huonoa asennetta on, jos muut eiv\u00e4t edes tervehdi.<\/span><\/p>\n<p><span data-contrast=\"auto\">T\u00f6iss\u00e4 kukaan ei pyyd\u00e4 kahville, vaikka kaikki muut juovat kahvia yhdess\u00e4.<\/span><\/p>\n<p><span data-contrast=\"auto\">Syrjiv\u00e4\u00e4 on sellainen, jos toinen sanoo: &#8221;En ala olla kanssasi, koska olet vammainen.&#8221;<\/span><\/p>\n<p><span data-contrast=\"auto\">Huonot asenteet johtavat siihen, ett\u00e4 meit\u00e4 ei kuunnella eik\u00e4 oteta huomioon. J\u00e4\u00e4mme ulkopuolelle.<\/span><\/p>\n<p><span data-contrast=\"auto\">Hyv\u00e4t asenteet ottavat kaikki mukaan.<\/span><span data-ccp-props=\"{}\">\u00a0<\/span><\/p>\n<p><span data-contrast=\"auto\">Onneksi vammaiset ihmiset kohtaavat my\u00f6s hyvi\u00e4 asenteita. P\u00e4\u00e4semme vaikuttamaan asioihin erilaisissa luottamusteht\u00e4viss\u00e4. <\/span><span data-contrast=\"auto\">Muut luottavat siihen, ett\u00e4 osaamme kehitt\u00e4\u00e4 asioita<\/span><span data-ccp-props=\"{}\">\u00a0<\/span><span data-contrast=\"auto\">yhdess\u00e4 muiden kanssa.<\/span><span data-ccp-props=\"{}\">\u00a0<\/span><\/p>\n<p><span data-contrast=\"auto\">Hyv\u00e4 asenne n\u00e4kyy siin\u00e4, kun muut kohtelevat meit\u00e4 tasavertaisina tekij\u00f6in\u00e4 ja kumppaneina.<\/span><\/p>\n<p><span data-contrast=\"auto\">Kun asenteet ovat kohdillaan t\u00f6iss\u00e4 ja opiskelussa, meid\u00e4t otetaan yhteis\u00f6\u00f6n avoimin mielin ilman ennakkoluuloja.<\/span><\/p>\n<p><span data-contrast=\"auto\">Meille annetaan vastuuta ja itsen\u00e4isi\u00e4 teht\u00e4vi\u00e4, ja saamme palautetta ty\u00f6st\u00e4mme. Meit\u00e4 arvostetaan ja kohdellaan<\/span><span data-ccp-props=\"{}\">\u00a0<\/span><span data-contrast=\"auto\">samalla tavalla kuin muitakin.<\/span><\/p>\n<p><span data-contrast=\"auto\">Tavallisilla ty\u00f6paikoilla asiakkaat luottavat siihen, ett\u00e4 osaamme tehd\u00e4 ty\u00f6mme. He kysyv\u00e4t meilt\u00e4 apua ja neuvoa yht\u00e4 herk\u00e4sti kuin muiltakin ty\u00f6ntekij\u00f6it\u00e4. He tervehtiv\u00e4t ja ovat yst\u00e4v\u00e4llisi\u00e4.<\/span><\/p>\n<p><span data-contrast=\"auto\">Huonot asenteet voivat muuttua paremmiksi, jos niihin puututaan ja niist\u00e4 keskustellaan.<\/span><\/p>\n<p><span data-contrast=\"auto\">Me uskomme, ett\u00e4 huonoja asenteita voi muuttaa paremmiksi. Siihen tarvitaan oikeaa tietoa kehitysvammaisuudesta kaikenik\u00e4isille, taaperoista vanhuksiin.<\/span><\/p>\n<p><span data-contrast=\"auto\">Oikea tieto auttaa p\u00e4\u00e4sem\u00e4\u00e4n eroon vanhanaikaisista asenteista.<\/span><\/p>\n<p><span data-contrast=\"auto\">Meid\u00e4n mielest\u00e4mme parhaita keinoja asenteiden muuttamiseen on kolme: keskustelu, keskustelu ja keskustelu.<\/span><\/p>\n<p><span data-contrast=\"auto\">Keskustelu ja tieto lis\u00e4\u00e4v\u00e4t ihmisten luottamusta toisiinsa.<\/span><span data-ccp-props=\"{}\">\u00a0<\/span><span data-contrast=\"auto\">Luottamus vahvistaa my\u00f6nteist\u00e4 suhtautumista toiseen ihmiseen.<\/span><span data-ccp-props=\"{}\">\u00a0<\/span><\/p>\n<p><span data-contrast=\"auto\">Kohdataan toisemme ihmisin\u00e4!<\/span><span data-ccp-props=\"{}\">\u00a0<\/span><\/p>\n<p><span data-contrast=\"auto\">Me Itse -yhdistys<\/span><span data-ccp-props=\"{}\">\u00a0<\/span><span data-contrast=\"auto\">2022<\/span><\/p>\n<p><strong>Kuva:<\/strong> Laura Vesa<\/p>\n","protected":false},"excerpt":{"rendered":"<p>Me Itse on kehitysvammaisten ihmisten oma yhdistys. T\u00e4lt\u00e4 sivulta voit lukea Me itse -yhdistyksen julkilausuman asenteista. Asenteet kuntoon vammaisuutta kohtaan!\u00a0 [&hellip;]<\/p>\n","protected":false},"author":2,"featured_media":15084,"parent":13,"menu_order":43,"comment_status":"closed","ping_status":"closed","template":"","meta":{"_acf_changed":false,"footnotes":""},"class_list":["post-17904","page","type-page","status-publish","has-post-thumbnail","hentry"],"acf":[],"_links":{"self":[{"href":"https:\/\/verneri.net\/selko\/wp-json\/wp\/v2\/pages\/17904","targetHints":{"allow":["GET"]}}],"collection":[{"href":"https:\/\/verneri.net\/selko\/wp-json\/wp\/v2\/pages"}],"about":[{"href":"https:\/\/verneri.net\/selko\/wp-json\/wp\/v2\/types\/page"}],"author":[{"embeddable":true,"href":"https:\/\/verneri.net\/selko\/wp-json\/wp\/v2\/users\/2"}],"replies":[{"embeddable":true,"href":"https:\/\/verneri.net\/selko\/wp-json\/wp\/v2\/comments?post=17904"}],"version-history":[{"count":0,"href":"https:\/\/verneri.net\/selko\/wp-json\/wp\/v2\/pages\/17904\/revisions"}],"up":[{"embeddable":true,"href":"https:\/\/verneri.net\/selko\/wp-json\/wp\/v2\/pages\/13"}],"wp:featuredmedia":[{"embeddable":true,"href":"https:\/\/verneri.net\/selko\/wp-json\/wp\/v2\/media\/15084"}],"wp:attachment":[{"href":"https:\/\/verneri.net\/selko\/wp-json\/wp\/v2\/media?parent=17904"}],"curies":[{"name":"wp","href":"https:\/\/api.w.org\/{rel}","templated":true}]}}