{"id":17910,"date":"2026-04-13T15:54:04","date_gmt":"2026-04-13T12:54:04","guid":{"rendered":"https:\/\/verneri.net\/selko\/?page_id=17910"},"modified":"2026-04-13T15:54:21","modified_gmt":"2026-04-13T12:54:21","slug":"voiko-selkokielta-puhua","status":"publish","type":"page","link":"https:\/\/verneri.net\/selko\/hyvinvointi\/vammaisuus\/tutkimuksia-vammaisuudesta\/voiko-selkokielta-puhua\/","title":{"rendered":"Voiko selkokielt\u00e4 puhua?"},"content":{"rendered":"<p>Leealaura Leskel\u00e4 tutki v\u00e4it\u00f6skirjassaan puhuttua selkokielt\u00e4. Leskel\u00e4 tutki kehitysvammaisten henkil\u00f6iden ja kehitysvamma-alan ammattilaisten keskusteluja.<\/p>\n<p>Keskustelijoiden kielitaidoissa on eroja: kehitysvammaisella henkil\u00f6ll\u00e4 on heikompi kielitaito kuin ammattilaisella.<\/p>\n<p>Tutkimuksessa huomattiin, ett\u00e4 kielitaitojen ero n\u00e4kyy keskusteluissa usein. Keskustelijat eiv\u00e4t aina ymm\u00e4rr\u00e4 toisiaan.<\/p>\n<p>Joskus kehitysvammaisen henkil\u00f6n on vaikea kertoa omista asioistaan niin, ett\u00e4 ammattilainen ymm\u00e4rt\u00e4\u00e4, ett\u00e4 kehitysvammainen henkil\u00f6 tiet\u00e4\u00e4 omista asioistaan parhaiten.<\/p>\n<p>Kehitysvammainen henkil\u00f6 voi my\u00f6s sanoa jotakin sellaista, mit\u00e4 ammattilainen ei usko todeksi.<\/p>\n<p>Joskus kehitysvammainen henkil\u00f6 sanoo, ett\u00e4 h\u00e4n on samaa mielt\u00e4 ammattilaisen kanssa, vaikka h\u00e4n oikeasti on eri mielt\u00e4. T\u00e4llaisissa tilanteissa ammattilaisen on vaikea tiet\u00e4\u00e4, miten h\u00e4n voi toimia reilusti.<\/p>\n<p>Keskustelijat eiv\u00e4t kuitenkaan aina ole vaikeuksissa. Usein keskustelut etenev\u00e4t sujuvasti. Usein keskustelijat ymm\u00e4rt\u00e4v\u00e4t toisiaan hyvin, vaikka heid\u00e4n kielitaidoissaan on eroja.<\/p>\n<p>Monissa tilanteissa kehitysvammaiset henkil\u00f6t ottavat taitavasti huomioon, miten eri keskusteluissa on hyv\u00e4 toimia.<\/p>\n<p>Monissa tilanteissa ammattilaiset tukevat taitavasti kehitysvammaisen henkil\u00f6n osallistumista keskusteluun.<\/p>\n<p>Tutkimuksen yksi tavoite oli kehitt\u00e4\u00e4 ammattilaisille ohjeita selkokielen puhumiseen. Ohjeet auttavat ammattilaisia toimimaan keskustelussa tavalla, joka tukee kehitysvammaista keskustelijaa.<\/p>\n<p><strong>L\u00e4hde:<\/strong>\u00a0<a href=\"https:\/\/helda.helsinki.fi\/items\/344533fe-dc16-48d1-a7c7-5336e56dc2fe\" target=\"_blank\" rel=\"noopener\">Selkopuhetta! : puhuttu selkokieli kehitysvammaisten henkil\u00f6iden ja ammattilaisten vuorovaikutuksessa<\/a> (helda.helsinki.fi)<\/p>\n","protected":false},"excerpt":{"rendered":"<p>Leealaura Leskel\u00e4 tutki v\u00e4it\u00f6skirjassaan puhuttua selkokielt\u00e4. Leskel\u00e4 tutki kehitysvammaisten henkil\u00f6iden ja kehitysvamma-alan ammattilaisten keskusteluja. Keskustelijoiden kielitaidoissa on eroja: kehitysvammaisella henkil\u00f6ll\u00e4 [&hellip;]<\/p>\n","protected":false},"author":2,"featured_media":0,"parent":16992,"menu_order":9,"comment_status":"closed","ping_status":"closed","template":"","meta":{"_acf_changed":false,"footnotes":""},"class_list":["post-17910","page","type-page","status-publish","hentry"],"acf":[],"_links":{"self":[{"href":"https:\/\/verneri.net\/selko\/wp-json\/wp\/v2\/pages\/17910","targetHints":{"allow":["GET"]}}],"collection":[{"href":"https:\/\/verneri.net\/selko\/wp-json\/wp\/v2\/pages"}],"about":[{"href":"https:\/\/verneri.net\/selko\/wp-json\/wp\/v2\/types\/page"}],"author":[{"embeddable":true,"href":"https:\/\/verneri.net\/selko\/wp-json\/wp\/v2\/users\/2"}],"replies":[{"embeddable":true,"href":"https:\/\/verneri.net\/selko\/wp-json\/wp\/v2\/comments?post=17910"}],"version-history":[{"count":0,"href":"https:\/\/verneri.net\/selko\/wp-json\/wp\/v2\/pages\/17910\/revisions"}],"up":[{"embeddable":true,"href":"https:\/\/verneri.net\/selko\/wp-json\/wp\/v2\/pages\/16992"}],"wp:attachment":[{"href":"https:\/\/verneri.net\/selko\/wp-json\/wp\/v2\/media?parent=17910"}],"curies":[{"name":"wp","href":"https:\/\/api.w.org\/{rel}","templated":true}]}}