{"id":17947,"date":"2026-02-01T18:24:42","date_gmt":"2026-02-01T16:24:42","guid":{"rendered":"https:\/\/verneri.net\/selko\/?page_id=17947"},"modified":"2026-02-10T13:17:59","modified_gmt":"2026-02-10T11:17:59","slug":"kysymyksia-palkkatyosta","status":"publish","type":"page","link":"https:\/\/verneri.net\/selko\/hyvinvointi\/palkkatyo\/kysymyksia-palkkatyosta\/","title":{"rendered":"Kysymyksi\u00e4 palkkaty\u00f6st\u00e4"},"content":{"rendered":"<p>T\u00e4ll\u00e4 sivulla on usein kysyttyj\u00e4 kysymyksi\u00e4 ty\u00f6st\u00e4 ja ty\u00f6llistymisest\u00e4 eli ty\u00f6n saamisesta.<\/p>\n<h2>Mit\u00e4 palkkaty\u00f6 tarkoittaa?<\/h2>\n<p>Palkkaty\u00f6 tarkoittaa ty\u00f6t\u00e4, josta ty\u00f6nantaja maksaa ty\u00f6ntekij\u00e4lle palkkaa.<\/p>\n<h2>Miten palkkaty\u00f6 eroaa ty\u00f6toiminnasta?<\/h2>\n<p>Palkkaty\u00f6ss\u00e4 ty\u00f6ntekij\u00e4 on ty\u00f6suhteessa ty\u00f6nantajaan. Ty\u00f6nantaja maksaa ty\u00f6ntekij\u00e4lle palkkaa.<\/p>\n<p>Ty\u00f6toiminta on sosiaalihuollon palvelu, jonka hyvinvointialue j\u00e4rjest\u00e4\u00e4. Hyvinvointialue ei maksa ty\u00f6toiminnasta palkkaa. Hyvinvointialue voi maksaa ty\u00f6toiminnasta ty\u00f6osuusrahaa.<\/p>\n<p>Palkkaty\u00f6st\u00e4 kertyy ty\u00f6ntekij\u00e4lle palkallista lomaa ja el\u00e4kett\u00e4. Ty\u00f6toiminnasta ei kerry palkallista lomaa tai el\u00e4kett\u00e4.<\/p>\n<h2>Miten palkkaty\u00f6 eroaa avoty\u00f6st\u00e4?<\/h2>\n<p>Avoty\u00f6 on ty\u00f6toimintaa, jota hyvinvointialue j\u00e4rjest\u00e4\u00e4 tavallisella ty\u00f6paikalla. Avoty\u00f6toiminnasta ei makseta palkkaa. Hyvinvointialue voi maksaa avoty\u00f6toiminnasta ty\u00f6osuusrahaa.<\/p>\n<h2>Miksi avoty\u00f6st\u00e4 ei makseta palkkaa?<\/h2>\n<p>Avoty\u00f6 on ty\u00f6toimintaa, jota hyvinvointialue j\u00e4rjest\u00e4\u00e4 tavallisella ty\u00f6paikalla. Avoty\u00f6toiminta on siis sosiaalihuollon palvelu, jota hyvinvointialue voi j\u00e4rjest\u00e4\u00e4 esimerkiksi ihmiselle, jolla on vamma. T\u00e4m\u00e4n takia siit\u00e4 ei makseta palkkaa.<\/p>\n<h2>Mit\u00e4 ty\u00f6llistyminen tarkoittaa?<\/h2>\n<p>Ty\u00f6llistyminen tarkoittaa palkkaty\u00f6paikan saamista.<\/p>\n<h2>Mit\u00e4 ty\u00f6h\u00f6nvalmennus tarkoittaa?<\/h2>\n<p>Ty\u00f6h\u00f6nvalmennus on palvelu, jonka avulla voi ty\u00f6llisty\u00e4 palkkaty\u00f6h\u00f6n.<\/p>\n<p>Moni kehitysvammainen nuori tai aikuinen ty\u00f6llistyy ty\u00f6h\u00f6nvalmentajan tuella.<\/p>\n<p>Ty\u00f6h\u00f6nvalmentaja tukee ty\u00f6nhakijaa esimerkiksi ty\u00f6paikan hakemisessa, ty\u00f6haastattelussa ja ty\u00f6teht\u00e4vien oppimisessa.<\/p>\n<p>Ty\u00f6h\u00f6nvalmennusta voi kysy\u00e4 esimerkiksi vammaispalvelusta.<\/p>\n<h2>Mihin ammatteihin kehitysvammaiset ty\u00f6nhakijat p\u00e4\u00e4sev\u00e4t?<\/h2>\n<p>Kehitysvammainen nuori tai aikuinen voi hakea opiskelemaan mihin vain ammattiin, mik\u00e4 itse\u00e4 kiinnostaa. Samoin voi hakea mihin vain ty\u00f6h\u00f6n.<\/p>\n<p>Moni kehitysvammainen nuori ja aikuinen on ty\u00f6llistynyt esimerkiksi avustaviin teht\u00e4viin kaupassa, kahvilassa ja toimistossa.<\/p>\n<h2>Miten ty\u00f6llistyminen vaikuttaa el\u00e4kkeeseen?<\/h2>\n<p>Jos ty\u00f6ntekij\u00e4 ansaitsee palkkaa enint\u00e4\u00e4n 990,90 euroa kuukaudessa, h\u00e4n voi saada my\u00f6s ty\u00f6kyvytt\u00f6myysel\u00e4kett\u00e4.<\/p>\n<p>Jos ty\u00f6ntekij\u00e4 ansaitsee yli 990,90 euroa kuukaudessa, h\u00e4n voi j\u00e4tt\u00e4\u00e4 el\u00e4kkeen lep\u00e4\u00e4m\u00e4\u00e4n eli tauolle.<\/p>\n<p>El\u00e4kkeen voi j\u00e4tt\u00e4\u00e4 tauolle v\u00e4hint\u00e4\u00e4n 3 kuukaudeksi ja enint\u00e4\u00e4n 2 vuodeksi kerrallaan.<\/p>\n<h2>Kysy ty\u00f6st\u00e4 ja ty\u00f6llistymisest\u00e4<\/h2>\n<p>Onko sinulla kysytt\u00e4v\u00e4\u00e4 ty\u00f6st\u00e4 tai ty\u00f6llistymisest\u00e4?<\/p>\n<p><a href=\"https:\/\/verneri.net\/selko\/verkko-kerttu\/kysy-kertulta\/\">Kysy Verkko-Kertulta<\/a><\/p>\n<p>Verkko-Kerttu vastaa kysymyksiisi selkokielell\u00e4.<\/p>\n<p><strong>Teksti:<\/strong> Jenni Sipil\u00e4, 2026<\/p>\n","protected":false},"excerpt":{"rendered":"<p>T\u00e4ll\u00e4 sivulla on usein kysyttyj\u00e4 kysymyksi\u00e4 ty\u00f6st\u00e4 ja ty\u00f6llistymisest\u00e4 eli ty\u00f6n saamisesta. Mit\u00e4 palkkaty\u00f6 tarkoittaa? Palkkaty\u00f6 tarkoittaa ty\u00f6t\u00e4, josta ty\u00f6nantaja [&hellip;]<\/p>\n","protected":false},"author":2,"featured_media":17980,"parent":22,"menu_order":11,"comment_status":"closed","ping_status":"closed","template":"","meta":{"_acf_changed":false,"footnotes":""},"class_list":["post-17947","page","type-page","status-publish","has-post-thumbnail","hentry"],"acf":[],"_links":{"self":[{"href":"https:\/\/verneri.net\/selko\/wp-json\/wp\/v2\/pages\/17947","targetHints":{"allow":["GET"]}}],"collection":[{"href":"https:\/\/verneri.net\/selko\/wp-json\/wp\/v2\/pages"}],"about":[{"href":"https:\/\/verneri.net\/selko\/wp-json\/wp\/v2\/types\/page"}],"author":[{"embeddable":true,"href":"https:\/\/verneri.net\/selko\/wp-json\/wp\/v2\/users\/2"}],"replies":[{"embeddable":true,"href":"https:\/\/verneri.net\/selko\/wp-json\/wp\/v2\/comments?post=17947"}],"version-history":[{"count":0,"href":"https:\/\/verneri.net\/selko\/wp-json\/wp\/v2\/pages\/17947\/revisions"}],"up":[{"embeddable":true,"href":"https:\/\/verneri.net\/selko\/wp-json\/wp\/v2\/pages\/22"}],"wp:featuredmedia":[{"embeddable":true,"href":"https:\/\/verneri.net\/selko\/wp-json\/wp\/v2\/media\/17980"}],"wp:attachment":[{"href":"https:\/\/verneri.net\/selko\/wp-json\/wp\/v2\/media?parent=17947"}],"curies":[{"name":"wp","href":"https:\/\/api.w.org\/{rel}","templated":true}]}}