{"id":180,"date":"2016-08-30T10:59:24","date_gmt":"2016-08-30T07:59:24","guid":{"rendered":"http:\/\/localhost\/verneri\/selko-dev\/hyvinvointi\/vapaa-aika\/paralympialaiset\/"},"modified":"2025-05-06T13:39:08","modified_gmt":"2025-05-06T10:39:08","slug":"paralympialaiset","status":"publish","type":"page","link":"https:\/\/verneri.net\/selko\/hyvinvointi\/vapaa-aika\/urheilukilpailut\/paralympialaiset\/","title":{"rendered":"Paralympialaiset"},"content":{"rendered":"<p>Paralympialaiset ovat vammaisurheilijoiden urheilutapahtuma. Ne j\u00e4rjestet\u00e4\u00e4n kuukausi olympialaisten p\u00e4\u00e4ttymisen j\u00e4lkeen samassa paikassa kuin olympialaiset.<\/p>\n<p>Paralympialaisia j\u00e4rjestet\u00e4\u00e4n kes\u00e4ll\u00e4 ja talvella kahden vuoden v\u00e4lein.<\/p>\n<p>Seuraavat paralympialaiset j\u00e4rjestet\u00e4\u00e4n vuonna 2026 Italiassa.<\/p>\n<h2>Paralympialaisten lajeja<\/h2>\n<p>Ensimm\u00e4iset paralympialaiset olivat kes\u00e4paralympialaiset. Ne j\u00e4rjestettiin vuonna 1960 Roomassa, Italiassa.<\/p>\n<p>Ensimm\u00e4iset talviparalympialaiset j\u00e4rjestettiin vuonna 1976.<\/p>\n<p>Paralympialaissa kilpaillaan muun muassa:<\/p>\n<ul>\n<li>n\u00e4k\u00f6vammaisten jalkapallossa<\/li>\n<li>istumalentopallossa<\/li>\n<li>py\u00f6r\u00e4tuolimiekkailussa<\/li>\n<li>bocciassa<\/li>\n<li>py\u00f6r\u00e4tuolitenniksess\u00e4<\/li>\n<li>kelkkaj\u00e4\u00e4kiekossa<\/li>\n<li>py\u00f6r\u00e4tuolicurlingissa.<\/li>\n<\/ul>\n<p>Lis\u00e4ksi mukana on monia olympialaisista tuttuja lajeja.<\/p>\n<p>N\u00e4it\u00e4 ovat esimerkiksi<\/p>\n<ul>\n<li>uinti<\/li>\n<li>ratsastus<\/li>\n<li>soutu<\/li>\n<li>yleisurheilu<\/li>\n<li>hiihto<\/li>\n<li>alppihiihto.<\/li>\n<\/ul>\n<h2>Suomalaiset paralympialaisissa<\/h2>\n<p>Suomalaiset ovat menestyneet hyvin paralympialaisissa.<\/p>\n<p>Menestyst\u00e4 on tullut esimeriksi<\/p>\n<ul>\n<li>hiihdossa<\/li>\n<li>keih\u00e4\u00e4nheitossa<\/li>\n<li>maalipallossa<\/li>\n<li>100 metrin kelauksessa<\/li>\n<li>ammunnassa.<\/li>\n<\/ul>\n<p>Suomalaisia kultamitalisteja ovat muun muassa<\/p>\n<ul>\n<li>Jere Forsberg<\/li>\n<li>Toni Piispanen<\/li>\n<li>Markku Niinim\u00e4ki<\/li>\n<li>Minna Leinonen<\/li>\n<li>Pentti Sankilampi<\/li>\n<li>Leo-Pekka T\u00e4hti<\/li>\n<li>Jouko Grip<\/li>\n<li>Kirsti Pennanen<\/li>\n<li>Alli Hatva.<\/li>\n<\/ul>\n<p><strong>Teksti:<\/strong> Mira Vihmo<br \/>\n<strong>Kuva:<\/strong> Harri Kapustam\u00e4ki, Paralympiakomitea<\/p>\n","protected":false},"excerpt":{"rendered":"<p>Paralympialaiset ovat vammaisurheilijoiden urheilutapahtuma. Ne j\u00e4rjestet\u00e4\u00e4n kuukausi olympialaisten p\u00e4\u00e4ttymisen j\u00e4lkeen samassa paikassa kuin olympialaiset. Paralympialaisia j\u00e4rjestet\u00e4\u00e4n kes\u00e4ll\u00e4 ja talvella kahden [&hellip;]<\/p>\n","protected":false},"author":1,"featured_media":15005,"parent":178,"menu_order":13,"comment_status":"closed","ping_status":"closed","template":"","meta":{"_acf_changed":false,"footnotes":""},"class_list":["post-180","page","type-page","status-publish","has-post-thumbnail","hentry"],"acf":[],"_links":{"self":[{"href":"https:\/\/verneri.net\/selko\/wp-json\/wp\/v2\/pages\/180","targetHints":{"allow":["GET"]}}],"collection":[{"href":"https:\/\/verneri.net\/selko\/wp-json\/wp\/v2\/pages"}],"about":[{"href":"https:\/\/verneri.net\/selko\/wp-json\/wp\/v2\/types\/page"}],"author":[{"embeddable":true,"href":"https:\/\/verneri.net\/selko\/wp-json\/wp\/v2\/users\/1"}],"replies":[{"embeddable":true,"href":"https:\/\/verneri.net\/selko\/wp-json\/wp\/v2\/comments?post=180"}],"version-history":[{"count":0,"href":"https:\/\/verneri.net\/selko\/wp-json\/wp\/v2\/pages\/180\/revisions"}],"up":[{"embeddable":true,"href":"https:\/\/verneri.net\/selko\/wp-json\/wp\/v2\/pages\/178"}],"wp:featuredmedia":[{"embeddable":true,"href":"https:\/\/verneri.net\/selko\/wp-json\/wp\/v2\/media\/15005"}],"wp:attachment":[{"href":"https:\/\/verneri.net\/selko\/wp-json\/wp\/v2\/media?parent=180"}],"curies":[{"name":"wp","href":"https:\/\/api.w.org\/{rel}","templated":true}]}}