{"id":181,"date":"2017-11-28T09:36:55","date_gmt":"2017-11-28T07:36:55","guid":{"rendered":"http:\/\/localhost\/verneri\/selko-dev\/hyvinvointi\/vapaa-aika\/villiklubi\/"},"modified":"2025-10-08T11:41:35","modified_gmt":"2025-10-08T08:41:35","slug":"viihdy-villiklubilla","status":"publish","type":"page","link":"https:\/\/verneri.net\/selko\/hyvinvointi\/vapaa-aika\/viihdy-villiklubilla\/","title":{"rendered":"Viihdy Villiklubilla"},"content":{"rendered":"<p>Villiklubi on yli 18-vuotiaiden klubi.<\/p>\n<p>Villiklubille tullaan viihtym\u00e4\u00e4n, pit\u00e4m\u00e4\u00e4n hauskaa ja tanssimaan yst\u00e4vien kanssa. Moni on saanut Villiklubilla my\u00f6s yst\u00e4vi\u00e4.<\/p>\n<p>Kehitysvammatuki 57 ry j\u00e4rjest\u00e4\u00e4 Villiklubeja J\u00e4rvenp\u00e4\u00e4ss\u00e4 ja Helsingiss\u00e4. Helsingin Villiklubit j\u00e4rjestet\u00e4\u00e4n yhdess\u00e4 Helsingin kaupungin vammaispalvelujen kanssa.<\/p>\n<p>Villiklubeilla Helsingiss\u00e4 esiintyy usein eri artisteja tai j\u00e4rjestet\u00e4\u00e4n karaoke. J\u00e4rvenp\u00e4\u00e4n Villiklubilla on karaoke.<\/p>\n<p>Villiklubille on ilmainen sis\u00e4\u00e4np\u00e4\u00e4sy. Sy\u00f6t\u00e4v\u00e4 ja juotava maksaa. Ravintolalla on A-oikeudet.<\/p>\n<p>Moni artisti pit\u00e4\u00e4 Villiklubilla esiintymisest\u00e4:<\/p>\n<p>\u201cYleis\u00f6 on ihanaa. Odotamme keikkoja etuk\u00e4teen ja muistelemme niit\u00e4 j\u00e4lkeenp\u00e4in. Monista Villiklubin k\u00e4vij\u00f6ist\u00e4 on tullut tuttuja\u201d, kertoo er\u00e4\u00e4n Villiklubilla esiintyneen yhtyeen laulaja.<\/p>\n<p>Villiklubille jokainen voi tulla sellaisena kuin on. Kaikkia kunnioitetaan ja kohdellaan kauniisti.<\/p>\n<p>Kehitysvammatuki 57 ry on kehitt\u00e4nyt Villiklubitoiminnan ja ensimm\u00e4inen Villiklubi oli vuonna 2012.<\/p>\n<p>Villiklubeja j\u00e4rjestet\u00e4\u00e4n ymp\u00e4ri Suomea esimerkiksi Turussa, Tampereella ja Sein\u00e4joella.<\/p>\n<h2>Helsingin Villiklubeista on tietoa Facebookissa<\/h2>\n<p>Helsingin Villiklubi j\u00e4rjestet\u00e4\u00e4n Feltbay-nimisess\u00e4 ravintolassa.<\/p>\n<p>J\u00e4rvenp\u00e4\u00e4n Villiklubi j\u00e4rjestet\u00e4\u00e4n Eikan Pankki -nimisess\u00e4 ravintolassa.<\/p>\n<p>Seuraa Villiklubia Facebookissa!<\/p>\n<p><a href=\"https:\/\/www.facebook.com\/profile.php?id=100071346580128\" target=\"_blank\" rel=\"noopener\">P\u00e4\u00e4set Helsingin Villiklubin Facebook-sivulle t\u00e4st\u00e4 linkist\u00e4<\/a> (facebook.com)<\/p>\n<p><strong>Kuva:<\/strong> Mikko Apell, Kehitysvammatuki 57 ry<\/p>\n","protected":false},"excerpt":{"rendered":"<p>Villiklubi on yli 18-vuotiaiden klubi. Villiklubille tullaan viihtym\u00e4\u00e4n, pit\u00e4m\u00e4\u00e4n hauskaa ja tanssimaan yst\u00e4vien kanssa. Moni on saanut Villiklubilla my\u00f6s yst\u00e4vi\u00e4. [&hellip;]<\/p>\n","protected":false},"author":1,"featured_media":17002,"parent":24,"menu_order":99,"comment_status":"closed","ping_status":"closed","template":"","meta":{"_acf_changed":false,"footnotes":""},"class_list":["post-181","page","type-page","status-publish","has-post-thumbnail","hentry"],"acf":[],"_links":{"self":[{"href":"https:\/\/verneri.net\/selko\/wp-json\/wp\/v2\/pages\/181","targetHints":{"allow":["GET"]}}],"collection":[{"href":"https:\/\/verneri.net\/selko\/wp-json\/wp\/v2\/pages"}],"about":[{"href":"https:\/\/verneri.net\/selko\/wp-json\/wp\/v2\/types\/page"}],"author":[{"embeddable":true,"href":"https:\/\/verneri.net\/selko\/wp-json\/wp\/v2\/users\/1"}],"replies":[{"embeddable":true,"href":"https:\/\/verneri.net\/selko\/wp-json\/wp\/v2\/comments?post=181"}],"version-history":[{"count":0,"href":"https:\/\/verneri.net\/selko\/wp-json\/wp\/v2\/pages\/181\/revisions"}],"up":[{"embeddable":true,"href":"https:\/\/verneri.net\/selko\/wp-json\/wp\/v2\/pages\/24"}],"wp:featuredmedia":[{"embeddable":true,"href":"https:\/\/verneri.net\/selko\/wp-json\/wp\/v2\/media\/17002"}],"wp:attachment":[{"href":"https:\/\/verneri.net\/selko\/wp-json\/wp\/v2\/media?parent=181"}],"curies":[{"name":"wp","href":"https:\/\/api.w.org\/{rel}","templated":true}]}}