{"id":18108,"date":"2025-12-04T08:54:11","date_gmt":"2025-12-04T06:54:11","guid":{"rendered":"https:\/\/verneri.net\/selko\/?page_id=18108"},"modified":"2025-12-04T12:22:03","modified_gmt":"2025-12-04T10:22:03","slug":"oman-kodin-rauha","status":"publish","type":"page","link":"https:\/\/verneri.net\/selko\/hyvinvointi\/asuminen\/nain-mina-asun\/oman-kodin-rauha\/","title":{"rendered":"Oman kodin rauha"},"content":{"rendered":"<p>Nimeni on Julia. Olen 27-vuotias nainen.<\/p>\n<p>Olen asunut nykyisess\u00e4 asunnossani kaksi vuotta. Asunto on pieni yksi\u00f6.<\/p>\n<h2>Saan sisustaa itse<\/h2>\n<p>Koti on minulle paikka, jonka saan sisustaa itse. Olen esimerkiksi laittanut lattialle mattoja, jotka olen itse tehnyt.<\/p>\n<p>Minulla on kotonani my\u00f6s omia tavaroita, kuten pesukone ja vedenkeitin.<\/p>\n<p>Kodissa on my\u00f6s oma rauha ja saan juoda teet\u00e4 silloin, kun itse haluan.<\/p>\n<h2>Palvelutalossa olin yksin\u00e4inen<\/h2>\n<p>Nuorempana asuin yhdess\u00e4 \u00e4itini kanssa. 20-vuotiaana muutin palvelutaloon, koska mielest\u00e4ni oli hyv\u00e4 aika itsen\u00e4isty\u00e4 ja saada omaa rauhaa.<\/p>\n<p>Palvelutalossa p\u00e4\u00e4sin kokeilemaan ensimm\u00e4ist\u00e4 kertaa, millaista on asua itsen\u00e4isesti.<\/p>\n<p>Minulla oli palvelutalossa oma asunto. Siell\u00e4 oli my\u00f6s asukkaiden yhteisi\u00e4 tiloja. Olin kuitenkin yksin\u00e4inen.<\/p>\n<h2>Sosiaality\u00f6ntekij\u00e4 kertoi asunnosta<\/h2>\n<p>Sain tiedon nykyisest\u00e4 asunnostani sosiaality\u00f6ntekij\u00e4lt\u00e4, joka teki kanssani palvelusuunnitelmaa. H\u00e4n kertoi minulle asunnosta ja kysyi, olinko kiinnostunut.<\/p>\n<p>Menimme \u00e4itini kanssa katsomaan asuntoa.<\/p>\n<p>Uusi talo kuulosti kivemmalta kuin paikka palvelutalossa. Asunnon sijainti oli parempi ja talossa asui nuoria ja muitakin kuin vammaisia ihmisi\u00e4. P\u00e4\u00e4tin, ett\u00e4 haluan muuttaa asuntoon.<\/p>\n<p>Onneksi uudessa talossa oli minulle tilaa!<\/p>\n<h2>Asukastiloissa tutustuu naapureihin<\/h2>\n<p>Minusta on kiva, kun talossa asuu monenlaisia ihmisi\u00e4.<\/p>\n<p>Olen tutustunut naapureihini asukastiloissa. K\u00e4yn siell\u00e4 v\u00e4lill\u00e4 juttelemassa ja pelaamassa muiden asukkaiden kanssa.<\/p>\n<p>Pid\u00e4n nykyisess\u00e4 kodissani my\u00f6s siit\u00e4, ett\u00e4 se on l\u00e4hemp\u00e4n\u00e4 keskustaa ja perhett\u00e4ni. Palvelutalo oli syrjemm\u00e4ss\u00e4.<\/p>\n<p>T\u00e4ss\u00e4 on bussipys\u00e4kki ihan l\u00e4hell\u00e4. Voin menn\u00e4 bussilla \u00e4idin luokse. P\u00e4\u00e4sen bussilla hyvin my\u00f6s keskustaan. K\u00e4yn keskustassa tapaamassa kavereita.<\/p>\n<p>Keskustassa on kaksi kohtaamispaikkaa, jotka on tarkoitettu tukea tarvitseville nuorille. Siell\u00e4 saa hengailla ja pelailla, eik\u00e4 tarvitse olla joka ilta yksin kotona.<\/p>\n<h2>Tukea itsen\u00e4iseen el\u00e4m\u00e4\u00e4n<\/h2>\n<p>Asun tuetusti t\u00e4ss\u00e4 talossa. Se tarkoittaa, ett\u00e4 ohjaaja k\u00e4y t\u00e4\u00e4ll\u00e4 kerran viikossa auttamassa minua.<\/p>\n<p>Ohjaajan kanssa teemme kotit\u00f6it\u00e4. Laitamme esimerkiksi ruokaa, siivoamme ja k\u00e4ymme kaupassa. Joskus k\u00e4ymme my\u00f6s k\u00e4velyll\u00e4.<\/p>\n<p>Minulla on my\u00f6s henkil\u00f6kohtainen avustaja, joka auttaa vapaa-ajan asioissa. Olen k\u00e4ynyt avustajan kanssa kuntosalilla, kaupassa ja k\u00e4sity\u00f6messuilla. V\u00e4lill\u00e4 olemme my\u00f6s pelanneet.<\/p>\n<p>\u00c4idilt\u00e4 saan apua laskujen maksamisessa. My\u00f6s siskot ovat minulle t\u00e4rke\u00e4 tuki. Heille minun on helppo puhua iloista ja huolista.<\/p>\n<h2>Toiveita tulevaisuudesta<\/h2>\n<p>Olen tyytyv\u00e4inen el\u00e4m\u00e4\u00e4ni. Saan asua alueella, joka on minulle mieluinen. Naapurit ovat tulleet tutuiksi. Arki sujuu kotona hyvin.<\/p>\n<p>Saan tukea sopivasti ja voin oppia uusia asioita. Seuraavaksi alan varmaan harjoittelemaan, kuinka maksan laskuja.<\/p>\n<p>On minulla muitakin tulevaisuuden haaveita. Muuttaisin kaksioon, jossa olisi erillinen makuuhuone, jos se olisi mahdollista.<\/p>\n<p>Poikayst\u00e4v\u00e4kin olisi kiva.<\/p>\n<p>Haluaisin my\u00f6s ammattini mukaisen ty\u00f6paikan. Olen ammatiltani k\u00e4sity\u00f6artesaani. Unelmoin ty\u00f6paikasta, jossa voin kutoa enemm\u00e4n.<\/p>\n<p><strong>Toimitus:<\/strong> Jenni Sipil\u00e4, 2025<br \/>\n<strong>Kuva:<\/strong> Unsplash<\/p>\n<p>Tarina on julkaistu artikkelissa <em>Oma koti, oma arki \u2013 Koti kehitysvammaisten nuorten aikuisten kokemana<\/em>. Tarinan kertojan nimi on muutettu.<\/p>\n","protected":false},"excerpt":{"rendered":"<p>Nimeni on Julia. Olen 27-vuotias nainen. Olen asunut nykyisess\u00e4 asunnossani kaksi vuotta. Asunto on pieni yksi\u00f6. Saan sisustaa itse Koti [&hellip;]<\/p>\n","protected":false},"author":2,"featured_media":18110,"parent":128,"menu_order":0,"comment_status":"closed","ping_status":"closed","template":"","meta":{"_acf_changed":false,"footnotes":""},"class_list":["post-18108","page","type-page","status-publish","has-post-thumbnail","hentry"],"acf":[],"_links":{"self":[{"href":"https:\/\/verneri.net\/selko\/wp-json\/wp\/v2\/pages\/18108","targetHints":{"allow":["GET"]}}],"collection":[{"href":"https:\/\/verneri.net\/selko\/wp-json\/wp\/v2\/pages"}],"about":[{"href":"https:\/\/verneri.net\/selko\/wp-json\/wp\/v2\/types\/page"}],"author":[{"embeddable":true,"href":"https:\/\/verneri.net\/selko\/wp-json\/wp\/v2\/users\/2"}],"replies":[{"embeddable":true,"href":"https:\/\/verneri.net\/selko\/wp-json\/wp\/v2\/comments?post=18108"}],"version-history":[{"count":0,"href":"https:\/\/verneri.net\/selko\/wp-json\/wp\/v2\/pages\/18108\/revisions"}],"up":[{"embeddable":true,"href":"https:\/\/verneri.net\/selko\/wp-json\/wp\/v2\/pages\/128"}],"wp:featuredmedia":[{"embeddable":true,"href":"https:\/\/verneri.net\/selko\/wp-json\/wp\/v2\/media\/18110"}],"wp:attachment":[{"href":"https:\/\/verneri.net\/selko\/wp-json\/wp\/v2\/media?parent=18108"}],"curies":[{"name":"wp","href":"https:\/\/api.w.org\/{rel}","templated":true}]}}