{"id":18136,"date":"2025-12-15T15:03:43","date_gmt":"2025-12-15T13:03:43","guid":{"rendered":"https:\/\/verneri.net\/selko\/?page_id=18136"},"modified":"2025-12-15T15:12:36","modified_gmt":"2025-12-15T13:12:36","slug":"seksia-turvallisesti","status":"publish","type":"page","link":"https:\/\/verneri.net\/selko\/hyvinvointi\/seksuaalisuus\/seksia-turvallisesti\/","title":{"rendered":"Seksi\u00e4 turvallisesti"},"content":{"rendered":"<p>Seksi on toimintaa, joka tuottaa seksuaalista nautintoa. Esimerkiksi itsens\u00e4 tyydytt\u00e4minen ja yhdynt\u00e4 ovat seksi\u00e4.<\/p>\n<h2>Jokainen p\u00e4\u00e4tt\u00e4\u00e4 seksist\u00e4 itse<\/h2>\n<p>Jokainen p\u00e4\u00e4tt\u00e4\u00e4 itse omasta kehosta, seksuaalisuudesta ja seksiin liittyvist\u00e4 asioista.<\/p>\n<p>Ket\u00e4\u00e4n ei saa painostaa tai pakottaa seksiin tai seksuaalisiin tekoihin.<\/p>\n<p>Jokainen p\u00e4\u00e4tt\u00e4\u00e4 itse, millaista seksi\u00e4 tai kosketusta haluaa. Kaikki ihmiset eiv\u00e4t halua kosketusta, seksi\u00e4 tai seksuaalista nautintoa.<\/p>\n<p>Jokaisella on oikeus sanoa ei, jos ei halua kosketusta tai seksi\u00e4.<\/p>\n<p>Jos sinua painostetaan seksiin, toimi n\u00e4in:<\/p>\n<ul>\n<li>Sano EI!<\/li>\n<li>Poistu paikalta<\/li>\n<li>Kerro asiasta luotettavalle ihmiselle<\/li>\n<\/ul>\n<p>Jos joku koskettaa sinua niin, ett\u00e4 sinusta tuntuu pahalta, k\u00e4ske lopettamaan ja poistu paikalta. Kerro asiasta ihmiselle, johon luotat.<\/p>\n<h2>Seksiin pit\u00e4\u00e4 olla suostumus<\/h2>\n<p>Seksiin pit\u00e4\u00e4 olla kumppanin suostumus eli lupa. Suostumuksen voi pyyt\u00e4\u00e4 juttelemalla.<\/p>\n<p>Seksiss\u00e4 voi tehd\u00e4 asioita, jotka tuntuvat molemmista mukavalta ja joihin on molempien suostumus.<\/p>\n<p>Vaikka on ensin antanut luvan seksiin, mielen voi muuttaa. Seksin voi aina keskeytt\u00e4\u00e4, jos se ei tunnukaan hyv\u00e4lt\u00e4 tai sit\u00e4 ei en\u00e4\u00e4 halua.<\/p>\n<h2>Seksi kuuluu yksityisiin paikkoihin<\/h2>\n<p>Seksi kuuluu yksityisiin paikkoihin, kuten omaan kotiin tai huoneeseen.<\/p>\n<p>Muut eiv\u00e4t saa tulla kotiisi tai huoneeseesi ilman lupaa.<\/p>\n<h2>Seksuaalinen v\u00e4kivalta<\/h2>\n<p>Seksuaalinen v\u00e4kivalta tarkoittaa seksuaalisia tekoja ilman suostumusta eli lupaa.<\/p>\n<p>Seksuaalista v\u00e4kivaltaa on esimerkiksi<\/p>\n<ul>\n<li>raiskaus eli pakottaminen yhdynt\u00e4\u00e4n<\/li>\n<li>pakottaminen seksuaalisiin tekoihin<\/li>\n<li>seksuaalisten kuvien l\u00e4hett\u00e4minen ilman lupaa<\/li>\n<li>seksuaalinen koskettelu ilman lupaa<\/li>\n<li>v\u00e4kisin suuteleminen.<\/li>\n<\/ul>\n<p>Seksiin pit\u00e4\u00e4 olla suostumus. Jokaisella on oikeus kielt\u00e4yty\u00e4 seksist\u00e4 my\u00f6s seurustelusuhteessa ja avioliitossa.<\/p>\n<p>Seksuaalinen v\u00e4kivalta on rikos. Siit\u00e4 pit\u00e4\u00e4 kertoa luotettavalle ihmiselle, kuten vanhemmalle, ohjaajalle tai terveydenhoitajalle. My\u00f6s poliisille voi ilmoittaa seksuaaliv\u00e4kivallasta.<\/p>\n<h2>Seksuaalinen v\u00e4kivalta netiss\u00e4<\/h2>\n<p>Seksuaalista v\u00e4kivaltaa voi olla my\u00f6s netiss\u00e4 ja somessa.<\/p>\n<p>Esimerkiksi seuraavat teot ovat seksuaalista v\u00e4kivaltaa:<\/p>\n<ul>\n<li>loukkaavat kommentit ulkon\u00e4\u00f6st\u00e4, kehosta tai seksuaalisuudesta<\/li>\n<li>seksuaalisuudesta tai seksist\u00e4 vitsaileminen<\/li>\n<li>alastonkuvien tai -videoiden vaatiminen<\/li>\n<li>alastonkuvien tai -videoiden jakaminen muille ilman lupaa<\/li>\n<li>kuvien tai videoiden l\u00e4hett\u00e4minen sukuelimist\u00e4 ilman lupaa<\/li>\n<li>linkkien l\u00e4hett\u00e4minen pornosivuille ilman lupaa.<\/li>\n<\/ul>\n<p>Ket\u00e4\u00e4n ei saa painostaa tai pakottaa riisumaan vaatteitaan tai koskettelemaan itse\u00e4\u00e4n videopuhelussa. Ket\u00e4\u00e4n ei saa my\u00f6sk\u00e4\u00e4n painostaa tai pakottaa katselemaan riisuuntumista tai sukuelinten koskettelua videopuhelussa.<\/p>\n<p>Jos saat ep\u00e4ilytt\u00e4v\u00e4n tai ahdistavan viestin, \u00e4l\u00e4 vastaa siihen. Kerro viestist\u00e4 luotettavalle ihmiselle.<\/p>\n<p>Jos sinua painostetaan seksuaalisiin tekoihin, kerro siit\u00e4 luotettavalle ihmiselle, kuten vanhemmalle tai ohjaajalle.<\/p>\n<h2>Suojaik\u00e4raja on 16 vuotta<\/h2>\n<p>Suomen laki m\u00e4\u00e4rittelee seksille suojaik\u00e4rajan. Suojaik\u00e4raja on 16 vuotta.<\/p>\n<p>Laki suojelee alle 16-vuotiasta nuorta selv\u00e4sti h\u00e4nt\u00e4 vanhemman ihmisen seksuaalisilta teoilta.<\/p>\n<p>18-vuotias tai sit\u00e4 vanhempi ihminen ei saa tehd\u00e4 seksuaalisia tekoja alle 16-vuotiaalle nuorelle.<\/p>\n<p>18-vuotias tai vanhempi ihminen ei saa my\u00f6sk\u00e4\u00e4n olla yhdynn\u00e4ss\u00e4 alle 16-vuotiaan kanssa.<\/p>\n<p>Jos teet seksuaalisia tekoja sinua v\u00e4h\u00e4n vanhemman tai nuoremman ihmisen kanssa ja molemmilta on suostumus, et riko lakia. Jos olet asiasta ep\u00e4varma, kysy neuvoa luotettavalta aikuiselta.<\/p>\n<p><em>Onko sinulla kysytt\u00e4v\u00e4\u00e4 seksuaalisuudesta tai seksist\u00e4?<\/em><\/p>\n<p><a href=\"https:\/\/verneri.net\/selko\/seksuaalineuvoja\/\">Kysy seksuaalineuvojalta<\/a><\/p>\n<p><strong>Teksti:<\/strong> Jenni Sipil\u00e4, 2025<br \/>\n<strong>Kuva:<\/strong> Unsplash<\/p>\n<p><strong>Lue my\u00f6s:<\/strong><\/p>\n<ul>\n<li><a href=\"https:\/\/verneri.net\/selko\/hyvinvointi\/seksuaalisuus\/suojaudu-seksitaudeilta\/\">Suojaudu seksitaudeilta<\/a><\/li>\n<li><a href=\"https:\/\/verneri.net\/selko\/hyvinvointi\/seksuaalisuus\/seksi-ja-porno-netissa\/\">Seksi ja porno netiss\u00e4<\/a><\/li>\n<li><a href=\"https:\/\/verneri.net\/selko\/hyvinvointi\/digipalvelut\/turvallisesti-netissa\/\">Turvallisesti netiss\u00e4<\/a><\/li>\n<li><a href=\"https:\/\/verneri.net\/selko\/hyvinvointi\/ihmissuhteet\/tunnista-vakivalta\/\">Tunnista v\u00e4kivalta<\/a><\/li>\n<\/ul>\n<p><strong>L\u00e4hteet ja lis\u00e4tietoa selkokielell\u00e4:<\/strong><\/p>\n<ul>\n<li><a href=\"https:\/\/www.seteke.fi\/seksuaalinen-turvallisuus.html\" target=\"_blank\" rel=\"noopener\">Seksuaalinen turvallisuus<\/a> (seteke.fi)<\/li>\n<\/ul>\n","protected":false},"excerpt":{"rendered":"<p>Seksi on toimintaa, joka tuottaa seksuaalista nautintoa. Esimerkiksi itsens\u00e4 tyydytt\u00e4minen ja yhdynt\u00e4 ovat seksi\u00e4. Jokainen p\u00e4\u00e4tt\u00e4\u00e4 seksist\u00e4 itse Jokainen p\u00e4\u00e4tt\u00e4\u00e4 [&hellip;]<\/p>\n","protected":false},"author":2,"featured_media":18226,"parent":18,"menu_order":63,"comment_status":"closed","ping_status":"closed","template":"","meta":{"_acf_changed":false,"footnotes":""},"class_list":["post-18136","page","type-page","status-publish","has-post-thumbnail","hentry"],"acf":[],"_links":{"self":[{"href":"https:\/\/verneri.net\/selko\/wp-json\/wp\/v2\/pages\/18136","targetHints":{"allow":["GET"]}}],"collection":[{"href":"https:\/\/verneri.net\/selko\/wp-json\/wp\/v2\/pages"}],"about":[{"href":"https:\/\/verneri.net\/selko\/wp-json\/wp\/v2\/types\/page"}],"author":[{"embeddable":true,"href":"https:\/\/verneri.net\/selko\/wp-json\/wp\/v2\/users\/2"}],"replies":[{"embeddable":true,"href":"https:\/\/verneri.net\/selko\/wp-json\/wp\/v2\/comments?post=18136"}],"version-history":[{"count":0,"href":"https:\/\/verneri.net\/selko\/wp-json\/wp\/v2\/pages\/18136\/revisions"}],"up":[{"embeddable":true,"href":"https:\/\/verneri.net\/selko\/wp-json\/wp\/v2\/pages\/18"}],"wp:featuredmedia":[{"embeddable":true,"href":"https:\/\/verneri.net\/selko\/wp-json\/wp\/v2\/media\/18226"}],"wp:attachment":[{"href":"https:\/\/verneri.net\/selko\/wp-json\/wp\/v2\/media?parent=18136"}],"curies":[{"name":"wp","href":"https:\/\/api.w.org\/{rel}","templated":true}]}}