{"id":18667,"date":"2026-01-26T15:50:35","date_gmt":"2026-01-26T13:50:35","guid":{"rendered":"https:\/\/verneri.net\/selko\/?page_id=18667"},"modified":"2026-01-26T17:39:20","modified_gmt":"2026-01-26T15:39:20","slug":"yhdenvertainen-kansalaisuus","status":"publish","type":"page","link":"https:\/\/verneri.net\/selko\/hyvinvointi\/vammaisten-oikeudet\/yhdenvertainen-kansalaisuus\/","title":{"rendered":"Yhdenvertainen kansalaisuus"},"content":{"rendered":"<p>Pohjois-Karjalan Me Itse -ryhm\u00e4 teki julkilausuman yhdenvertaisesta kansalaisuudesta.<\/p>\n<h2>Yhdenvertainen kansalaisuus<\/h2>\n<p>Yhdenvertainen kansalaisuus tarkoittaa, ett\u00e4 jokainen kohdataan ihmisen\u00e4. Ihmist\u00e4 ei ajatella diagnoosin, tuen tarpeen tai oletusten kautta.<\/p>\n<p>Jokaisella on oikeus el\u00e4\u00e4 hyv\u00e4\u00e4, omann\u00e4k\u00f6ist\u00e4 el\u00e4m\u00e4\u00e4. Se tarkoittaa omaa kotia, l\u00e4heisi\u00e4 ihmissuhteita sek\u00e4 mahdollisuutta opiskella.<\/p>\n<p>Jokaisella on oikeus olla oma itsens\u00e4. Yhdenvertainen kansalaisuus tarkoittaa my\u00f6s oikeutta tehd\u00e4 ty\u00f6t\u00e4. Tehdyst\u00e4 ty\u00f6st\u00e4 kuuluu saada asianmukainen korvaus.<\/p>\n<p>Yhdenvertaisuus n\u00e4kyy my\u00f6s pieniss\u00e4 asioissa, kuten siin\u00e4, miten minua tervehdit\u00e4\u00e4n. Kohdataan toisemme yst\u00e4v\u00e4llisesti.<\/p>\n<p>Valitettavasti meill\u00e4 kaikilla on huonoja kokemuksia. Olemme huomanneet, ett\u00e4 joskus muut tekev\u00e4t p\u00e4\u00e4t\u00f6ksi\u00e4 meid\u00e4n asioistamme vain yleisten linjausten pohjalta.<\/p>\n<p>Meille kuuluu oikeus osallistua p\u00e4\u00e4t\u00f6ksentekoon omissa asioissamme ja yhteiskunnassa. P\u00e4\u00e4t\u00f6ksentekoa varten tarvitsemme tietoa oikeuksista ja palveluista, jotta voimme tehd\u00e4 valintoja. Joskus tarvitsemme tukea. Se on mahdollistaja, ei rajoite.<\/p>\n<p>Yhdenvertainen kansalaisuus ei ole etuoikeus \u2013 se on perusoikeus.<\/p>\n<p><strong>Julkilausuma:<\/strong> Pohjois-Karjalan Me Itse -ryhm\u00e4, 2026<br \/>\n<strong>Kuva:<\/strong> Laura Vesa<\/p>\n","protected":false},"excerpt":{"rendered":"<p>Pohjois-Karjalan Me Itse -ryhm\u00e4 teki julkilausuman yhdenvertaisesta kansalaisuudesta. Yhdenvertainen kansalaisuus Yhdenvertainen kansalaisuus tarkoittaa, ett\u00e4 jokainen kohdataan ihmisen\u00e4. Ihmist\u00e4 ei ajatella [&hellip;]<\/p>\n","protected":false},"author":2,"featured_media":15084,"parent":15,"menu_order":269,"comment_status":"closed","ping_status":"closed","template":"","meta":{"_acf_changed":false,"footnotes":""},"class_list":["post-18667","page","type-page","status-publish","has-post-thumbnail","hentry"],"acf":[],"_links":{"self":[{"href":"https:\/\/verneri.net\/selko\/wp-json\/wp\/v2\/pages\/18667","targetHints":{"allow":["GET"]}}],"collection":[{"href":"https:\/\/verneri.net\/selko\/wp-json\/wp\/v2\/pages"}],"about":[{"href":"https:\/\/verneri.net\/selko\/wp-json\/wp\/v2\/types\/page"}],"author":[{"embeddable":true,"href":"https:\/\/verneri.net\/selko\/wp-json\/wp\/v2\/users\/2"}],"replies":[{"embeddable":true,"href":"https:\/\/verneri.net\/selko\/wp-json\/wp\/v2\/comments?post=18667"}],"version-history":[{"count":0,"href":"https:\/\/verneri.net\/selko\/wp-json\/wp\/v2\/pages\/18667\/revisions"}],"up":[{"embeddable":true,"href":"https:\/\/verneri.net\/selko\/wp-json\/wp\/v2\/pages\/15"}],"wp:featuredmedia":[{"embeddable":true,"href":"https:\/\/verneri.net\/selko\/wp-json\/wp\/v2\/media\/15084"}],"wp:attachment":[{"href":"https:\/\/verneri.net\/selko\/wp-json\/wp\/v2\/media?parent=18667"}],"curies":[{"name":"wp","href":"https:\/\/api.w.org\/{rel}","templated":true}]}}