{"id":18717,"date":"2026-01-28T19:59:44","date_gmt":"2026-01-28T17:59:44","guid":{"rendered":"https:\/\/verneri.net\/selko\/?page_id=18717"},"modified":"2026-01-28T20:00:11","modified_gmt":"2026-01-28T18:00:11","slug":"millainen-ystava-olet","status":"publish","type":"page","link":"https:\/\/verneri.net\/selko\/hyvinvointi\/ihmissuhteet\/millainen-ystava-olet\/","title":{"rendered":"Millainen yst\u00e4v\u00e4 olet?"},"content":{"rendered":"<div class=\"quiz-wrapper\"><form name=\"post\" action=\"https:\/\/verneri.net\/selko\/hyvinvointi\/ihmissuhteet\/millainen-ystava-olet\/\" method=\"post\" id=\"quiz\" style=\"text-align: left;\">\r\n\r\n<ol>\r\n<li><p>Yst\u00e4v\u00e4si kertoo sinulle salaisuuden. Mit\u00e4 teet?<\/p><p>\n    <input type=\"radio\" name=\"answer[0]\" id=\"answer-0-2\" value=\"2\" \/> <label for=\"answer-0-2\">Kerron sen kaikille<\/label><br \/>\n    <input type=\"radio\" name=\"answer[0]\" id=\"answer-0-0\" value=\"0\" \/> <label for=\"answer-0-0\">En kerro sit\u00e4 kenellek\u00e4\u00e4n<\/label><br \/>\n    <input type=\"radio\" name=\"answer[0]\" id=\"answer-0-1\" value=\"1\" \/> <label for=\"answer-0-1\">Kerron sen vain yhdelle kaverille<\/label><br \/>\n<\/p><\/li>\n<li><p>Yst\u00e4v\u00e4si on surullinen. Mit\u00e4 teet?<\/p><p>\n    <input type=\"radio\" name=\"answer[1]\" id=\"answer-1-2\" value=\"2\" \/> <label for=\"answer-1-2\">K\u00e4sken yst\u00e4v\u00e4\u00e4 piristym\u00e4\u00e4n<\/label><br \/>\n    <input type=\"radio\" name=\"answer[1]\" id=\"answer-1-0\" value=\"0\" \/> <label for=\"answer-1-0\">Kuuntelen ja lohdutan yst\u00e4v\u00e4\u00e4<\/label><br \/>\n    <input type=\"radio\" name=\"answer[1]\" id=\"answer-1-1\" value=\"1\" \/> <label for=\"answer-1-1\">L\u00e4hden ulos muiden kanssa<\/label><br \/>\n<\/p><\/li>\n<li><p>Sinulle ja yst\u00e4v\u00e4llesi tulee riita. Mit\u00e4 teet?<\/p><p>\n    <input type=\"radio\" name=\"answer[2]\" id=\"answer-2-1\" value=\"1\" \/> <label for=\"answer-2-1\">Pid\u00e4n mykk\u00e4koulua<\/label><br \/>\n    <input type=\"radio\" name=\"answer[2]\" id=\"answer-2-2\" value=\"2\" \/> <label for=\"answer-2-2\">Lopetan yst\u00e4vyytemme<\/label><br \/>\n    <input type=\"radio\" name=\"answer[2]\" id=\"answer-2-0\" value=\"0\" \/> <label for=\"answer-2-0\">Ratkon riidan juttelemalla<\/label><br \/>\n<\/p><\/li>\n<li><p>Yst\u00e4v\u00e4si haluaa viett\u00e4\u00e4 aikaa my\u00f6s muiden kuin sinun kanssasi. Mit\u00e4 teet?<\/p><p>\n    <input type=\"radio\" name=\"answer[3]\" id=\"answer-3-2\" value=\"2\" \/> <label for=\"answer-3-2\">Kiell\u00e4n h\u00e4nt\u00e4 olemasta muiden kanssa<\/label><br \/>\n    <input type=\"radio\" name=\"answer[3]\" id=\"answer-3-0\" value=\"0\" \/> <label for=\"answer-3-0\">Annan yst\u00e4v\u00e4lleni aikaa<\/label><br \/>\n    <input type=\"radio\" name=\"answer[3]\" id=\"answer-3-1\" value=\"1\" \/> <label for=\"answer-3-1\">Vaadin p\u00e4\u00e4st\u00e4 mukaan<\/label><br \/>\n<\/p><\/li>\n<li><p>Olet luvannut auttaa yst\u00e4v\u00e4\u00e4si pakkaamisessa, mutta kaverisi pyyt\u00e4\u00e4 sinua elokuviin. Mit\u00e4 teet? <\/p><p>\n    <input type=\"radio\" name=\"answer[4]\" id=\"answer-4-0\" value=\"0\" \/> <label for=\"answer-4-0\">Pid\u00e4n lupaukseni ja autan yst\u00e4v\u00e4\u00e4ni<\/label><br \/>\n    <input type=\"radio\" name=\"answer[4]\" id=\"answer-4-1\" value=\"1\" \/> <label for=\"answer-4-1\">Autan yst\u00e4v\u00e4\u00e4 hetken ennen elokuvaa<\/label><br \/>\n    <input type=\"radio\" name=\"answer[4]\" id=\"answer-4-2\" value=\"2\" \/> <label for=\"answer-4-2\">L\u00e4hden elokuviin<\/label><br \/>\n<\/p><\/li>\n<li><p>Yst\u00e4v\u00e4si on kanssasi eri mielt\u00e4 sinulle t\u00e4rke\u00e4st\u00e4 asiasta. Mit\u00e4 teet?<\/p><p>\n    <input type=\"radio\" name=\"answer[5]\" id=\"answer-5-0\" value=\"0\" \/> <label for=\"answer-5-0\">Hyv\u00e4ksyn yst\u00e4v\u00e4ni erilaisen mielipiteen<\/label><br \/>\n    <input type=\"radio\" name=\"answer[5]\" id=\"answer-5-2\" value=\"2\" \/> <label for=\"answer-5-2\">Lopetan yst\u00e4vyytemme<\/label><br \/>\n    <input type=\"radio\" name=\"answer[5]\" id=\"answer-5-1\" value=\"1\" \/> <label for=\"answer-5-1\">Yrit\u00e4n muuttaa yst\u00e4v\u00e4n mielipiteen<\/label><br \/>\n<\/p><\/li>\n<li><p>Yst\u00e4v\u00e4si my\u00f6h\u00e4styy tapaamisestanne ja pyyt\u00e4\u00e4 anteeksi. Mit\u00e4 teet?<\/p><p>\n    <input type=\"radio\" name=\"answer[6]\" id=\"answer-6-0\" value=\"0\" \/> <label for=\"answer-6-0\">Annan anteeksi<\/label><br \/>\n    <input type=\"radio\" name=\"answer[6]\" id=\"answer-6-1\" value=\"1\" \/> <label for=\"answer-6-1\">Pyyd\u00e4n h\u00e4nt\u00e4 parantamaan tapansa<\/label><br \/>\n    <input type=\"radio\" name=\"answer[6]\" id=\"answer-6-2\" value=\"2\" \/> <label for=\"answer-6-2\">Suutun, enk\u00e4 anna anteeksi<\/label><br \/>\n<\/p><\/li>\n<\/ol>\r\n\r\n<p class=\"submit\">\r\n<input type=\"submit\" name=\"submit\" style=\"font-weight: bold;\" value=\"N&auml;yt&auml; tulos\" \/>\r\n<\/p>\r\n\r\n<input type=\"hidden\" name=\"quiz_id\" id=\"quiz_id\" value=\"34\" \/>\r\n\r\n<\/form><\/div>\n","protected":false},"excerpt":{"rendered":"<p>Yst\u00e4v\u00e4si kertoo sinulle salaisuuden. Mit\u00e4 teet? En kerro sit\u00e4 kenellek\u00e4\u00e4n Kerron sen vain yhdelle kaverille Kerron sen kaikille Yst\u00e4v\u00e4si on [&hellip;]<\/p>\n","protected":false},"author":2,"featured_media":18718,"parent":17,"menu_order":76,"comment_status":"closed","ping_status":"closed","template":"","meta":{"_acf_changed":false,"footnotes":""},"class_list":["post-18717","page","type-page","status-publish","has-post-thumbnail","hentry"],"acf":[],"_links":{"self":[{"href":"https:\/\/verneri.net\/selko\/wp-json\/wp\/v2\/pages\/18717","targetHints":{"allow":["GET"]}}],"collection":[{"href":"https:\/\/verneri.net\/selko\/wp-json\/wp\/v2\/pages"}],"about":[{"href":"https:\/\/verneri.net\/selko\/wp-json\/wp\/v2\/types\/page"}],"author":[{"embeddable":true,"href":"https:\/\/verneri.net\/selko\/wp-json\/wp\/v2\/users\/2"}],"replies":[{"embeddable":true,"href":"https:\/\/verneri.net\/selko\/wp-json\/wp\/v2\/comments?post=18717"}],"version-history":[{"count":0,"href":"https:\/\/verneri.net\/selko\/wp-json\/wp\/v2\/pages\/18717\/revisions"}],"up":[{"embeddable":true,"href":"https:\/\/verneri.net\/selko\/wp-json\/wp\/v2\/pages\/17"}],"wp:featuredmedia":[{"embeddable":true,"href":"https:\/\/verneri.net\/selko\/wp-json\/wp\/v2\/media\/18718"}],"wp:attachment":[{"href":"https:\/\/verneri.net\/selko\/wp-json\/wp\/v2\/media?parent=18717"}],"curies":[{"name":"wp","href":"https:\/\/api.w.org\/{rel}","templated":true}]}}