{"id":19,"date":"2024-11-26T14:04:45","date_gmt":"2024-11-26T12:04:45","guid":{"rendered":"http:\/\/localhost\/verneri\/selko-dev\/hyvinvointi\/asuminen\/"},"modified":"2025-09-17T12:05:27","modified_gmt":"2025-09-17T09:05:27","slug":"asuminen","status":"publish","type":"page","link":"https:\/\/verneri.net\/selko\/hyvinvointi\/asuminen\/","title":{"rendered":"Asuminen"},"content":{"rendered":"<p>Oma koti ja asuinalue ovat t\u00e4rkeit\u00e4 paikkoja. Niiss\u00e4 vietet\u00e4\u00e4n paljon aikaa. Siksi on t\u00e4rke\u00e4\u00e4, ett\u00e4 omassa kodissa ja omalla asuinalueella on hyv\u00e4 olla.<\/p>\n<p>Eri ihmiset viihtyv\u00e4t erilaisissa kodeissa ja haluavat asua ja el\u00e4\u00e4 eri tavoin.<\/p>\n<p>Kun asumiseen saa oikeanlaista tukea, voi asua ja el\u00e4\u00e4 kuten itse haluaa.<\/p>\n<p>N\u00e4ilt\u00e4 sivuilta voit lukea erilaisista tavoista asua. Voit lukea muiden kokemuksista ja saat vinkkej\u00e4 oman asumisen suunnitteluun.<\/p>\n<p><strong>Kuva:<\/strong> iStock<\/p>\n","protected":false},"excerpt":{"rendered":"<p>Oma koti ja asuinalue ovat t\u00e4rkeit\u00e4 paikkoja. Niiss\u00e4 vietet\u00e4\u00e4n paljon aikaa. Siksi on t\u00e4rke\u00e4\u00e4, ett\u00e4 omassa kodissa ja omalla asuinalueella [&hellip;]<\/p>\n","protected":false},"author":1,"featured_media":17011,"parent":8,"menu_order":448,"comment_status":"closed","ping_status":"closed","template":"","meta":{"_acf_changed":false,"footnotes":""},"class_list":["post-19","page","type-page","status-publish","has-post-thumbnail","hentry"],"acf":[],"_links":{"self":[{"href":"https:\/\/verneri.net\/selko\/wp-json\/wp\/v2\/pages\/19","targetHints":{"allow":["GET"]}}],"collection":[{"href":"https:\/\/verneri.net\/selko\/wp-json\/wp\/v2\/pages"}],"about":[{"href":"https:\/\/verneri.net\/selko\/wp-json\/wp\/v2\/types\/page"}],"author":[{"embeddable":true,"href":"https:\/\/verneri.net\/selko\/wp-json\/wp\/v2\/users\/1"}],"replies":[{"embeddable":true,"href":"https:\/\/verneri.net\/selko\/wp-json\/wp\/v2\/comments?post=19"}],"version-history":[{"count":0,"href":"https:\/\/verneri.net\/selko\/wp-json\/wp\/v2\/pages\/19\/revisions"}],"up":[{"embeddable":true,"href":"https:\/\/verneri.net\/selko\/wp-json\/wp\/v2\/pages\/8"}],"wp:featuredmedia":[{"embeddable":true,"href":"https:\/\/verneri.net\/selko\/wp-json\/wp\/v2\/media\/17011"}],"wp:attachment":[{"href":"https:\/\/verneri.net\/selko\/wp-json\/wp\/v2\/media?parent=19"}],"curies":[{"name":"wp","href":"https:\/\/api.w.org\/{rel}","templated":true}]}}