{"id":19845,"date":"2026-04-13T14:54:18","date_gmt":"2026-04-13T11:54:18","guid":{"rendered":"https:\/\/verneri.net\/selko\/?page_id=19845"},"modified":"2026-04-14T07:50:12","modified_gmt":"2026-04-14T04:50:12","slug":"asumisen-kehittaminen","status":"publish","type":"page","link":"https:\/\/verneri.net\/selko\/hyvinvointi\/vammaisuus\/tutkimuksia-vammaisuudesta\/asumisen-kehittaminen\/","title":{"rendered":"Asumisen kehitt\u00e4minen"},"content":{"rendered":"<p>Ymp\u00e4rist\u00f6ministeri\u00f6 on julkaissut raportin kehitysvammaisten ihmisten asumisesta. Raportin nimi on Kehitysvammaisten ihmisten yksil\u00f6llisen ja monimuotoisen asumisen kehitt\u00e4minen.<\/p>\n<p>Raportissa kerrotaan, millainen asumisen tilanne on ja miten hyvinvointialueet aikovat kehitt\u00e4\u00e4 asumista. Lis\u00e4ksi raportissa on hyvinvointialueille ohjeita asumisen suunnitteluun.<\/p>\n<h2>Lis\u00e4\u00e4 vaihtoehtoja asumiseen<\/h2>\n<p>Kehitysvammaisilla ihmisill\u00e4 on oikeus asua tavallisissa kodeissa muiden ihmisten joukossa.<\/p>\n<p>Raportin mukaan moni kehitysvammainen ihminen asuu yh\u00e4 laitoksessa tai asumisyksik\u00f6ss\u00e4. Kehitysvammaisille ihmisille ei ole tarpeeksi erilaisia asumisen vaihtoehtoja.<\/p>\n<p>Asumista pit\u00e4\u00e4 kehitt\u00e4\u00e4 niin, ett\u00e4 jokainen saa itselleen sopivan kodin ja tuen. Lis\u00e4\u00e4 tukea tarvitaan etenkin itsen\u00e4iseen asumiseen, paljon apua tarvitseville ihmisille ja lapsille.<\/p>\n<p>Kun hyvinvointialue suunnittelee asumisen j\u00e4rjest\u00e4mist\u00e4, kehitysvammaiset ihmiset kannattaa ottaa mukaan suunnitteluun. Silloin ihmiset saavat juuri sellaista tukea kuin he tarvitsevat.<\/p>\n<p><strong>L\u00e4hde:<\/strong> <a href=\"https:\/\/julkaisut.valtioneuvosto.fi\/items\/f02d1018-fc41-4ae2-85eb-88a167150a2b\" target=\"_blank\" rel=\"noopener\">Kehitysvammaisten ihmisten yksil\u00f6llisen ja monimuotoisen asumisen kehitt\u00e4minen<\/a> (valtioneuvosto.fi)<\/p>\n","protected":false},"excerpt":{"rendered":"<p>Ymp\u00e4rist\u00f6ministeri\u00f6 on julkaissut raportin kehitysvammaisten ihmisten asumisesta. Raportin nimi on Kehitysvammaisten ihmisten yksil\u00f6llisen ja monimuotoisen asumisen kehitt\u00e4minen. Raportissa kerrotaan, millainen [&hellip;]<\/p>\n","protected":false},"author":2,"featured_media":19858,"parent":16992,"menu_order":1,"comment_status":"closed","ping_status":"closed","template":"","meta":{"_acf_changed":false,"footnotes":""},"class_list":["post-19845","page","type-page","status-publish","has-post-thumbnail","hentry"],"acf":[],"_links":{"self":[{"href":"https:\/\/verneri.net\/selko\/wp-json\/wp\/v2\/pages\/19845","targetHints":{"allow":["GET"]}}],"collection":[{"href":"https:\/\/verneri.net\/selko\/wp-json\/wp\/v2\/pages"}],"about":[{"href":"https:\/\/verneri.net\/selko\/wp-json\/wp\/v2\/types\/page"}],"author":[{"embeddable":true,"href":"https:\/\/verneri.net\/selko\/wp-json\/wp\/v2\/users\/2"}],"replies":[{"embeddable":true,"href":"https:\/\/verneri.net\/selko\/wp-json\/wp\/v2\/comments?post=19845"}],"version-history":[{"count":0,"href":"https:\/\/verneri.net\/selko\/wp-json\/wp\/v2\/pages\/19845\/revisions"}],"up":[{"embeddable":true,"href":"https:\/\/verneri.net\/selko\/wp-json\/wp\/v2\/pages\/16992"}],"wp:featuredmedia":[{"embeddable":true,"href":"https:\/\/verneri.net\/selko\/wp-json\/wp\/v2\/media\/19858"}],"wp:attachment":[{"href":"https:\/\/verneri.net\/selko\/wp-json\/wp\/v2\/media?parent=19845"}],"curies":[{"name":"wp","href":"https:\/\/api.w.org\/{rel}","templated":true}]}}