{"id":20,"date":"2024-11-26T14:04:45","date_gmt":"2024-11-26T12:04:45","guid":{"rendered":"http:\/\/localhost\/verneri\/selko-dev\/hyvinvointi\/palvelut\/"},"modified":"2025-10-26T17:42:09","modified_gmt":"2025-10-26T15:42:09","slug":"apua-ja-tukea-arkeen","status":"publish","type":"page","link":"https:\/\/verneri.net\/selko\/hyvinvointi\/apua-ja-tukea-arkeen\/","title":{"rendered":"Apua ja tukea arkeen"},"content":{"rendered":"<p>Vammaissopimuksen mukaan vammaisella ihmisell\u00e4 on samanlainen oikeus osallistua yhteiskuntaan kuin muilla. Vammaisella ihmisell\u00e4 on oikeus el\u00e4\u00e4 omann\u00e4k\u00f6ist\u00e4 el\u00e4m\u00e4\u00e4.<\/p>\n<p>Hyvinvointialueet j\u00e4rjest\u00e4v\u00e4t vammaispalveluita, jotka auttavat sinua osallistumaan ja el\u00e4m\u00e4\u00e4n omann\u00e4k\u00f6ist\u00e4 el\u00e4m\u00e4\u00e4.<\/p>\n<p>N\u00e4it\u00e4 palveluita ovat esimerkiksi<\/p>\n<ul>\n<li>tuettu p\u00e4\u00e4t\u00f6ksenteko<\/li>\n<li>asumisen tuki<\/li>\n<li>valmennus<\/li>\n<li>erityinen osallisuuden tuki<\/li>\n<li>ty\u00f6toiminta.<\/li>\n<\/ul>\n<p>N\u00e4ilt\u00e4 sivuilta saat tietoa vammaispalveluista. Sivuilla on tietoa my\u00f6s edunvalvonnasta, ty\u00f6h\u00f6nvalmennuksesta ja Kelan tuista.<\/p>\n","protected":false},"excerpt":{"rendered":"<p>Vammaissopimuksen mukaan vammaisella ihmisell\u00e4 on samanlainen oikeus osallistua yhteiskuntaan kuin muilla. Vammaisella ihmisell\u00e4 on oikeus el\u00e4\u00e4 omann\u00e4k\u00f6ist\u00e4 el\u00e4m\u00e4\u00e4. Hyvinvointialueet j\u00e4rjest\u00e4v\u00e4t [&hellip;]<\/p>\n","protected":false},"author":1,"featured_media":16949,"parent":8,"menu_order":450,"comment_status":"closed","ping_status":"closed","template":"","meta":{"_acf_changed":false,"footnotes":""},"class_list":["post-20","page","type-page","status-publish","has-post-thumbnail","hentry"],"acf":[],"_links":{"self":[{"href":"https:\/\/verneri.net\/selko\/wp-json\/wp\/v2\/pages\/20","targetHints":{"allow":["GET"]}}],"collection":[{"href":"https:\/\/verneri.net\/selko\/wp-json\/wp\/v2\/pages"}],"about":[{"href":"https:\/\/verneri.net\/selko\/wp-json\/wp\/v2\/types\/page"}],"author":[{"embeddable":true,"href":"https:\/\/verneri.net\/selko\/wp-json\/wp\/v2\/users\/1"}],"replies":[{"embeddable":true,"href":"https:\/\/verneri.net\/selko\/wp-json\/wp\/v2\/comments?post=20"}],"version-history":[{"count":0,"href":"https:\/\/verneri.net\/selko\/wp-json\/wp\/v2\/pages\/20\/revisions"}],"up":[{"embeddable":true,"href":"https:\/\/verneri.net\/selko\/wp-json\/wp\/v2\/pages\/8"}],"wp:featuredmedia":[{"embeddable":true,"href":"https:\/\/verneri.net\/selko\/wp-json\/wp\/v2\/media\/16949"}],"wp:attachment":[{"href":"https:\/\/verneri.net\/selko\/wp-json\/wp\/v2\/media?parent=20"}],"curies":[{"name":"wp","href":"https:\/\/api.w.org\/{rel}","templated":true}]}}