{"id":20006,"date":"2026-04-25T18:00:49","date_gmt":"2026-04-25T15:00:49","guid":{"rendered":"https:\/\/verneri.net\/selko\/?page_id=20006"},"modified":"2026-05-05T11:38:21","modified_gmt":"2026-05-05T08:38:21","slug":"suunnittele-rahankayttoa","status":"publish","type":"page","link":"https:\/\/verneri.net\/selko\/hyvinvointi\/asuminen\/suunnittele-rahankayttoa\/","title":{"rendered":"Suunnittele rahank\u00e4ytt\u00f6\u00e4"},"content":{"rendered":"<p>Rahaa tarvitaan monenlaisiin asioihin, kuten<\/p>\n<ul>\n<li>ruokaan<\/li>\n<li>vaatteisiin<\/li>\n<li>harrastuksiin<\/li>\n<li>asumiseen<\/li>\n<li>laskujen maksamiseen.<\/li>\n<\/ul>\n<p>Harvalla ihmisell\u00e4 on niin paljon rahaa, ett\u00e4 se riitt\u00e4\u00e4 kaikkeen. Siksi rahan k\u00e4ytt\u00f6\u00e4 pit\u00e4\u00e4 suunnitella.<\/p>\n<p>T\u00e4ll\u00e4 sivulla on vinkkej\u00e4 rahank\u00e4yt\u00f6n suunnitteluun.<\/p>\n<h2>Laske tulot ja menot<\/h2>\n<p>Tulot tarkoittavat rahaa, joka tulee sinulle.<\/p>\n<p>Tuloja voivat olla esimerkiksi<\/p>\n<ul>\n<li>palkka<\/li>\n<li>el\u00e4ke<\/li>\n<li>opintotuki<\/li>\n<li>asumistuki<\/li>\n<li>kuntoutusraha<\/li>\n<li>taskuraha<\/li>\n<li>lahjaksi saatu raha.<\/li>\n<\/ul>\n<p>Menot ovat asioita, joihin k\u00e4yt\u00e4t eli kulutat rahaa.<\/p>\n<p>Menoja ovat esimerkiksi<\/p>\n<ul data-spread=\"false\">\n<li>ruoka<\/li>\n<li>vuokra<\/li>\n<li>puhelinlasku<\/li>\n<li>s\u00e4hk\u00f6lasku<\/li>\n<li>l\u00e4\u00e4kkeet<\/li>\n<li>matkaliput<\/li>\n<li>vaatteet<\/li>\n<li>harrastukset.<\/li>\n<\/ul>\n<p>Kun suunnittelet rahank\u00e4ytt\u00f6\u00e4, laske tulosi ja menosi esimerkiksi kuukauden ajalta.<\/p>\n<p>Alla on esimerkki kuukauden tuloista ja menoista.<\/p>\n<h3>Tulot:<\/h3>\n<ul>\n<li>Ty\u00f6osuusraha 150 euroa<\/li>\n<li>Ty\u00f6kyvytt\u00f6myysel\u00e4ke 900 euroa<\/li>\n<li>asumistuki 400 euroa<\/li>\n<\/ul>\n<p>Tulot ovat yhteens\u00e4 1 450 euroa kuukaudessa.<\/p>\n<h3>Menot:<\/h3>\n<ul>\n<li>vuokra 650 euroa<\/li>\n<li>ruoka 300 euroa<\/li>\n<li>puhelinlasku 30 euroa<\/li>\n<li>bussikortti 60 euroa<\/li>\n<li>l\u00e4\u00e4kkeet 40 euroa<\/li>\n<li>harrastus 50 euroa<\/li>\n<li>vaatteet ja hygieniatarvikkeet 70 euroa<\/li>\n<\/ul>\n<p>Menot ovat yhteens\u00e4 1 200 euroa kuukaudessa.<\/p>\n<h2>Vertaa tuloja ja menoja<\/h2>\n<p>On t\u00e4rke\u00e4\u00e4, ett\u00e4 tulosi ovat suuremmat kuin menosi. N\u00e4in rahasi riitt\u00e4v\u00e4t ja voit ehk\u00e4 my\u00f6s s\u00e4\u00e4st\u00e4\u00e4 yll\u00e4tt\u00e4vi\u00e4 menoja tai suurempia hankintoja varten.<\/p>\n<p>Jos menosi ovat suuremmat kuin tulosi, v\u00e4henn\u00e4 menojasi eli k\u00e4yt\u00e4 v\u00e4hemm\u00e4n rahaa.<\/p>\n<h2>N\u00e4in v\u00e4henn\u00e4t menojasi<\/h2>\n<p>Joihinkin menoihin voi olla vaikea vaikuttaa itse. T\u00e4llaisia menoja voivat olla esimerkiksi vuokra ja l\u00e4\u00e4kkeet.<\/p>\n<p>Jotkut menot ovat sellaisia, ett\u00e4 voit itse valita, kuinka paljon k\u00e4yt\u00e4t niihin rahaa. T\u00e4llaisia menoja voivat olla esimerkiksi ruoka ja vaatteet.<\/p>\n<h3>N\u00e4in s\u00e4\u00e4st\u00e4t ruokaostoksissa<\/h3>\n<p>Tee ennen kauppaan menoa ostoslista. Kirjoita listaan vain ne ruoat, jotka tarvitset. Kun sinulla on lista, et osta turhia ruokia.<\/p>\n<p>\u00c4l\u00e4 mene kauppaan n\u00e4lk\u00e4isen\u00e4. N\u00e4lk\u00e4isen\u00e4 tulee helposti ostettua liikaa herkkuja.<\/p>\n<p>Vertaile kaupassa hintoja. Valitse halvin tuote.<\/p>\n<p>Valitse ruoka-aineita, joista voit valmistaa halpoja ruokia.<\/p>\n<p>Halpoja ruokia ovat esimerkiksi<\/p>\n<ul>\n<li>peruna<\/li>\n<li>riisi<\/li>\n<li>pasta<\/li>\n<li>puuro<\/li>\n<li>keitot.<\/li>\n<\/ul>\n<p>Hy\u00f6dynn\u00e4 tarjouksia.<\/p>\n<h3>N\u00e4in s\u00e4\u00e4st\u00e4t muissa ostoksissa<\/h3>\n<p>Harkitse, ennen kuin ostat jotain uutta. Osta vain se, mit\u00e4 oikeasti tarvitset.<\/p>\n<p>Osta vaatteita ja tavaroita k\u00e4ytettyn\u00e4 esimerkiksi kirpputorilta.<\/p>\n<p>Lainaa ja vaihtele vaatteita ja tavaroita esimerkiksi naapureiden tai kavereiden kanssa.<\/p>\n<p>Kirjastosta voit lainata esimerkiksi<\/p>\n<ul>\n<li>pelej\u00e4<\/li>\n<li>lehti\u00e4<\/li>\n<li>elokuvia<\/li>\n<li>levyj\u00e4<\/li>\n<li>kirjoja.<\/li>\n<\/ul>\n<h3>N\u00e4in s\u00e4\u00e4st\u00e4t rahaa kotona<\/h3>\n<p>Sammuta valot ja s\u00e4hk\u00f6laitteet, kun et k\u00e4yt\u00e4 niit\u00e4. T\u00e4m\u00e4 s\u00e4\u00e4st\u00e4\u00e4 s\u00e4hk\u00f6\u00e4.<\/p>\n<p>Pese pyykki\u00e4 t\u00e4ysi koneellinen, niin s\u00e4\u00e4st\u00e4t vett\u00e4.<\/p>\n<p>My\u00f6s lyhyempi suihku s\u00e4\u00e4st\u00e4\u00e4 vett\u00e4.<\/p>\n<h2>Tunnista huijaukset<\/h2>\n<p>Huijarit yritt\u00e4v\u00e4t saada ihmisilt\u00e4 rahaa.<\/p>\n<p>Huijari voi yritt\u00e4\u00e4 huijata rahaa esimerkiksi puhelimessa, netiss\u00e4 tai somessa.<\/p>\n<p>Huijari voi pyyt\u00e4\u00e4 sinua l\u00e4hett\u00e4m\u00e4\u00e4n rahaa tai antamaan henkil\u00f6kohtaisia tietoja.<\/p>\n<p>Henkil\u00f6kohtaisia tietoja ovat esimerkiksi<\/p>\n<ul>\n<li>k\u00e4ytt\u00e4j\u00e4tunnukset<\/li>\n<li>salasanat<\/li>\n<li>tunnusluvut<\/li>\n<li>pankkikortin tiedot.<\/li>\n<\/ul>\n<p>\u00c4l\u00e4 anna henkil\u00f6kohtaisia tietoja puhelimessa, s\u00e4hk\u00f6postissa tai netiss\u00e4 kenellek\u00e4\u00e4n. Pankki, poliisi tai muu viranomainen ei koskaan kysy n\u00e4it\u00e4 tietoja puhelimessa, s\u00e4hk\u00f6postilla tai netiss\u00e4.<\/p>\n<p>\u00c4l\u00e4 anna pankkikorttia tuntemattomalle ihmiselle. Pid\u00e4 pankkikortti ja pankkitunnukset erill\u00e4\u00e4n toisistaan.<\/p>\n<p>Jos saat ep\u00e4ilytt\u00e4v\u00e4n viestin, jossa on linkkej\u00e4, \u00e4l\u00e4 avaa linkkej\u00e4. \u00c4l\u00e4 my\u00f6sk\u00e4\u00e4n vastaa viestiin. N\u00e4yt\u00e4 viesti luotettavalle ihmiselle.<\/p>\n<p>Jos joku pyyt\u00e4\u00e4 sinua l\u00e4hett\u00e4m\u00e4\u00e4n rahaa, \u00e4l\u00e4 l\u00e4het\u00e4.<\/p>\n<p>Jos ep\u00e4ilet huijausta, kerro siit\u00e4 luotettavalle ihmiselle. Asiaa ei tarvitse h\u00e4vet\u00e4!<\/p>\n<h2>Pyyd\u00e4 apua<\/h2>\n<p>Rahank\u00e4yt\u00f6n suunnittelu ei ole helppoa. Onneksi sit\u00e4 voi oppia ja opetteluun saa apua!<\/p>\n<p>Raha-asioihin kannattaa pyyt\u00e4\u00e4 apua esimerkiksi<\/p>\n<ul>\n<li>ohjaajalta<\/li>\n<li>perheenj\u00e4senelt\u00e4<\/li>\n<li>edunvalvojalta.<\/li>\n<\/ul>\n<p><strong>Teksti:<\/strong> Jenni Sipil\u00e4, 2026<br \/>\n<strong>Kuva:<\/strong> Unsplash<\/p>\n<p><strong>Lis\u00e4\u00e4 tietoa selkokielell\u00e4:<\/strong><\/p>\n<ul>\n<li><a href=\"https:\/\/verneri.net\/selko\/hyvinvointi\/apua-ja-tukea-arkeen\/edunvalvonta\/\">Edunvalvonta<\/a><\/li>\n<li><a href=\"https:\/\/verneri.net\/selko\/blogit\/elamaa-edunvalvonnassa\/\">El\u00e4m\u00e4\u00e4 edunvalvonnassa<\/a><\/li>\n<li><a href=\"https:\/\/www.kuluttajaliitto.fi\/fis\/materiaalit\/pieni-rahaopas\/\" target=\"_blank\" rel=\"noopener\">Pieni rahaopas<\/a> (kuluttajaliitto.fi)<\/li>\n<li><a href=\"https:\/\/selkosanomat.fi\/kuva\/arki\/nain-voit-saastaa-rahaa\/\" target=\"_blank\" rel=\"noopener\">Selkosanomat kuvilla: N\u00e4in voit s\u00e4\u00e4st\u00e4\u00e4 rahaa<\/a> (selkosanomat.fi)<\/li>\n<li><a href=\"https:\/\/papunet.net\/wp-content\/uploads\/2024\/12\/Ruokakaupassa.pdf\" target=\"_blank\" rel=\"noopener\">Ruokakaupassa<\/a> (papunet.net)<\/li>\n<li><a href=\"https:\/\/papunet.net\/wp-content\/uploads\/2024\/12\/Kahvilassa.pdf\" target=\"_blank\" rel=\"noopener\">Kahvilassa<\/a> (papunet.net)<\/li>\n<li><a href=\"https:\/\/papunet.net\/_pelit\/papumarket\/#\/\" target=\"_blank\" rel=\"noopener\">Peli: Papumarket<\/a> (papunet.net)<\/li>\n<li><a href=\"https:\/\/papunet.net\/_pelit\/papukioski\/\" target=\"_blank\" rel=\"noopener\">Peli: Papukioski<\/a> (papunet.net)<\/li>\n<\/ul>\n","protected":false},"excerpt":{"rendered":"<p>Rahaa tarvitaan monenlaisiin asioihin, kuten ruokaan vaatteisiin harrastuksiin asumiseen laskujen maksamiseen. Harvalla ihmisell\u00e4 on niin paljon rahaa, ett\u00e4 se riitt\u00e4\u00e4 [&hellip;]<\/p>\n","protected":false},"author":2,"featured_media":14886,"parent":19,"menu_order":430,"comment_status":"closed","ping_status":"closed","template":"","meta":{"_acf_changed":false,"footnotes":""},"class_list":["post-20006","page","type-page","status-publish","has-post-thumbnail","hentry"],"acf":[],"_links":{"self":[{"href":"https:\/\/verneri.net\/selko\/wp-json\/wp\/v2\/pages\/20006","targetHints":{"allow":["GET"]}}],"collection":[{"href":"https:\/\/verneri.net\/selko\/wp-json\/wp\/v2\/pages"}],"about":[{"href":"https:\/\/verneri.net\/selko\/wp-json\/wp\/v2\/types\/page"}],"author":[{"embeddable":true,"href":"https:\/\/verneri.net\/selko\/wp-json\/wp\/v2\/users\/2"}],"replies":[{"embeddable":true,"href":"https:\/\/verneri.net\/selko\/wp-json\/wp\/v2\/comments?post=20006"}],"version-history":[{"count":0,"href":"https:\/\/verneri.net\/selko\/wp-json\/wp\/v2\/pages\/20006\/revisions"}],"up":[{"embeddable":true,"href":"https:\/\/verneri.net\/selko\/wp-json\/wp\/v2\/pages\/19"}],"wp:featuredmedia":[{"embeddable":true,"href":"https:\/\/verneri.net\/selko\/wp-json\/wp\/v2\/media\/14886"}],"wp:attachment":[{"href":"https:\/\/verneri.net\/selko\/wp-json\/wp\/v2\/media?parent=20006"}],"curies":[{"name":"wp","href":"https:\/\/api.w.org\/{rel}","templated":true}]}}