{"id":20147,"date":"2026-05-08T08:31:59","date_gmt":"2026-05-08T05:31:59","guid":{"rendered":"https:\/\/verneri.net\/selko\/?page_id=20147"},"modified":"2026-05-10T19:35:12","modified_gmt":"2026-05-10T16:35:12","slug":"luontokuvakisa","status":"publish","type":"page","link":"https:\/\/verneri.net\/selko\/hyvinvointi\/vapaa-aika\/valokuvaus\/luontokuvakisa\/","title":{"rendered":"Luontokuvakisa"},"content":{"rendered":"<p>Liikutko kes\u00e4ll\u00e4 luonnossa?<\/p>\n<p>Ota tai tee kuvia luonnosta ja osallistu Vernerin luontokuvakilpailuun.<\/p>\n<h2>N\u00e4in osallistut kilpailuun<\/h2>\n<p>Ota kuvia luonnosta. Kuvissa voi olla mit\u00e4 vain, mit\u00e4 n\u00e4et luonnossa. Esimerkiksi puita, kukkia tai lintuja.<\/p>\n<p>L\u00e4het\u00e4 kuvat s\u00e4hk\u00f6postilla osoitteeseen verneri(at)kvl.fi.<\/p>\n<p>Voit l\u00e4hett\u00e4\u00e4 kuvia my\u00f6s kirjeen\u00e4 Vernerin osoitteeseen:<\/p>\n<p>Kehitysvammaliitto, Verneri<br \/>\nLinnoitustie 2 B<br \/>\n02600 Espoo<\/p>\n<p>L\u00e4het\u00e4 kuvien mukana nimesi tai nimimerkkisi. Julkaisemme sen kuvien yhteydess\u00e4.<\/p>\n<p>Jos kuvissa on ihmisi\u00e4, pyyd\u00e4 heilt\u00e4 lupa kuvien l\u00e4hett\u00e4miseen kilpailuun. Julkaisemme kuvia Vernerin sivuilla ja somessa.<\/p>\n<p>Voit l\u00e4hett\u00e4\u00e4 kuvia elokuun loppuun asti.<\/p>\n<p>Syyskuussa Vernerin lukijat \u00e4\u00e4nest\u00e4v\u00e4t suosikkikuviaan.<\/p>\n<p>Kilpailun voittavat ne kolme kuvaajaa, joiden kuvat saavat eniten \u00e4\u00e4ni\u00e4.<\/p>\n<p>Voittajat saavat palkinnoksi julisteet kuvistaan.<\/p>\n<p>Kilpailu on tarkoitettu nuorille ja aikuisille, jotka tarvitsevat tukea ymm\u00e4rt\u00e4misess\u00e4.<\/p>\n<p>Onnea kisaan!<\/p>\n","protected":false},"excerpt":{"rendered":"<p>Liikutko kes\u00e4ll\u00e4 luonnossa? Ota tai tee kuvia luonnosta ja osallistu Vernerin luontokuvakilpailuun. N\u00e4in osallistut kilpailuun Ota kuvia luonnosta. Kuvissa voi [&hellip;]<\/p>\n","protected":false},"author":2,"featured_media":20158,"parent":164,"menu_order":2,"comment_status":"closed","ping_status":"closed","template":"","meta":{"_acf_changed":false,"footnotes":""},"class_list":["post-20147","page","type-page","status-publish","has-post-thumbnail","hentry"],"acf":[],"_links":{"self":[{"href":"https:\/\/verneri.net\/selko\/wp-json\/wp\/v2\/pages\/20147","targetHints":{"allow":["GET"]}}],"collection":[{"href":"https:\/\/verneri.net\/selko\/wp-json\/wp\/v2\/pages"}],"about":[{"href":"https:\/\/verneri.net\/selko\/wp-json\/wp\/v2\/types\/page"}],"author":[{"embeddable":true,"href":"https:\/\/verneri.net\/selko\/wp-json\/wp\/v2\/users\/2"}],"replies":[{"embeddable":true,"href":"https:\/\/verneri.net\/selko\/wp-json\/wp\/v2\/comments?post=20147"}],"version-history":[{"count":0,"href":"https:\/\/verneri.net\/selko\/wp-json\/wp\/v2\/pages\/20147\/revisions"}],"up":[{"embeddable":true,"href":"https:\/\/verneri.net\/selko\/wp-json\/wp\/v2\/pages\/164"}],"wp:featuredmedia":[{"embeddable":true,"href":"https:\/\/verneri.net\/selko\/wp-json\/wp\/v2\/media\/20158"}],"wp:attachment":[{"href":"https:\/\/verneri.net\/selko\/wp-json\/wp\/v2\/media?parent=20147"}],"curies":[{"name":"wp","href":"https:\/\/api.w.org\/{rel}","templated":true}]}}