{"id":204,"date":"2024-12-02T11:31:17","date_gmt":"2024-12-02T09:31:17","guid":{"rendered":"http:\/\/localhost\/verneri\/selko-dev\/hyvinvointi\/terveelliset-elamantavat\/liiku-monipuolisesti\/"},"modified":"2025-05-22T15:10:54","modified_gmt":"2025-05-22T12:10:54","slug":"liiku-monipuolisesti","status":"publish","type":"page","link":"https:\/\/verneri.net\/selko\/hyvinvointi\/terveys-ja-liikunta\/liiku-monipuolisesti\/","title":{"rendered":"Liiku monipuolisesti"},"content":{"rendered":"<p>Liikunta lis\u00e4\u00e4 hyvinvointia ja auttaa pysym\u00e4\u00e4n terveen\u00e4.<\/p>\n<p>Liikunta on mukavaa, kun liikkuu tavalla, joka tuntuu itsest\u00e4 mukavalta.<\/p>\n<p>N\u00e4ilt\u00e4 sivuilta saat tietoa erilaisista tavoista liikkua ja vinkkej\u00e4 liikuntaharrastuksen aloittamiseen.<\/p>\n","protected":false},"excerpt":{"rendered":"<p>Liikunta lis\u00e4\u00e4 hyvinvointia ja auttaa pysym\u00e4\u00e4n terveen\u00e4. Liikunta on mukavaa, kun liikkuu tavalla, joka tuntuu itsest\u00e4 mukavalta. N\u00e4ilt\u00e4 sivuilta saat [&hellip;]<\/p>\n","protected":false},"author":1,"featured_media":14860,"parent":25,"menu_order":653,"comment_status":"closed","ping_status":"closed","template":"","meta":{"_acf_changed":false,"footnotes":""},"class_list":["post-204","page","type-page","status-publish","has-post-thumbnail","hentry"],"acf":[],"_links":{"self":[{"href":"https:\/\/verneri.net\/selko\/wp-json\/wp\/v2\/pages\/204","targetHints":{"allow":["GET"]}}],"collection":[{"href":"https:\/\/verneri.net\/selko\/wp-json\/wp\/v2\/pages"}],"about":[{"href":"https:\/\/verneri.net\/selko\/wp-json\/wp\/v2\/types\/page"}],"author":[{"embeddable":true,"href":"https:\/\/verneri.net\/selko\/wp-json\/wp\/v2\/users\/1"}],"replies":[{"embeddable":true,"href":"https:\/\/verneri.net\/selko\/wp-json\/wp\/v2\/comments?post=204"}],"version-history":[{"count":0,"href":"https:\/\/verneri.net\/selko\/wp-json\/wp\/v2\/pages\/204\/revisions"}],"up":[{"embeddable":true,"href":"https:\/\/verneri.net\/selko\/wp-json\/wp\/v2\/pages\/25"}],"wp:featuredmedia":[{"embeddable":true,"href":"https:\/\/verneri.net\/selko\/wp-json\/wp\/v2\/media\/14860"}],"wp:attachment":[{"href":"https:\/\/verneri.net\/selko\/wp-json\/wp\/v2\/media?parent=204"}],"curies":[{"name":"wp","href":"https:\/\/api.w.org\/{rel}","templated":true}]}}