{"id":206,"date":"2024-12-02T11:31:17","date_gmt":"2024-12-02T09:31:17","guid":{"rendered":"http:\/\/localhost\/verneri\/selko-dev\/hyvinvointi\/terveelliset-elamantavat\/kay-uimahallissa\/"},"modified":"2025-05-27T14:32:12","modified_gmt":"2025-05-27T11:32:12","slug":"kay-uimahallissa","status":"publish","type":"page","link":"https:\/\/verneri.net\/selko\/hyvinvointi\/terveys-ja-liikunta\/liiku-monipuolisesti\/kay-uimahallissa\/","title":{"rendered":"K\u00e4y uimahallissa"},"content":{"rendered":"<p>Uiminen on loistavaa liikuntaa! Se pirist\u00e4\u00e4 ja tekee hyv\u00e4\u00e4 koko vartalolle.<\/p>\n<p>Uimahallissa uimista voi harrastaa ymp\u00e4ri vuoden. Uimahallissa voi harrastaa my\u00f6s muuta vesiliikunta, kuten vesijumppaa ja vesijuoksua.<\/p>\n<p>Jos et osaa uida, voit menn\u00e4 uimakouluun. Uimakouluja j\u00e4rjestet\u00e4\u00e4n kaikenik\u00e4isille. Kysy uimakouluista uimahallista.<\/p>\n<p>T\u00e4ll\u00e4 sivulla kerrotaan, miten uimahallissa toimitaan.<\/p>\n<h2>Valitse sopiva uima-asu<\/h2>\n<p>Uimiseen tarvitset yleens\u00e4 vain uima-asun. Jos haluat, voit hankkia my\u00f6s uimalasit ja uimalakin.<\/p>\n<p>Hanki uimahalliin sopiva uima-asu ennen uimahalliin menoa.<\/p>\n<p>Uima-asun pit\u00e4\u00e4 olla ihonmy\u00f6t\u00e4inen eli se ei saa olla l\u00f6ys\u00e4. Uima-asussa ei saa olla taskuja.<\/p>\n<p>Uima-asun pit\u00e4\u00e4 olla puhdas, kun menet uimahalliin.<\/p>\n<p>Pue uima-asu p\u00e4\u00e4llesi vasta uimahallissa.<\/p>\n<h2>Maksa sis\u00e4\u00e4np\u00e4\u00e4symaksu<\/h2>\n<p>Kun menet uimahalliin, maksa sis\u00e4\u00e4np\u00e4\u00e4symaksu uimahallin kassalle tai maksuautomaattiin.<\/p>\n<p>Uimahallin sis\u00e4\u00e4np\u00e4\u00e4symaksu on yleens\u00e4 4-8 euroa. Yhdell\u00e4 sis\u00e4\u00e4np\u00e4\u00e4symaksulla saa uida yleens\u00e4 2 tuntia.<\/p>\n<p>Esimerkiksi el\u00e4kel\u00e4iset ja ty\u00f6tt\u00f6m\u00e4t saavat sis\u00e4\u00e4np\u00e4\u00e4symaksusta alennusta.<\/p>\n<p>Jos k\u00e4yt uimahallissa usein, sinun kannattaa ostaa kausikortti. Uimahallissa k\u00e4yminen on halvempaa, kun maksat kausikortilla. Voit ostaa kausikortin uimahallin kassalta.<\/p>\n<p>Kun maksat sis\u00e4\u00e4np\u00e4\u00e4symaksun, saat kassalta avaimen, rannekkeen tai kortin.<\/p>\n<p>Rannekkeella tai kortilla p\u00e4\u00e4set portista pukutiloihin eli pukuhuoneisiin.<\/p>\n<p>Kaikissa uimahallaissa ei ole porttia. Silloin p\u00e4\u00e4set pukutiloihin suoraan kassalta.<\/p>\n<h2>Vaihda uima-asu pukutiloissa<\/h2>\n<p>Pukutilat on tarkoitettu vaatteiden vaihtamiseen. Pukutiloissa on my\u00f6s vessat. Naisille ja miehille on omat pukutilat.<\/p>\n<p>Valitse pukutilasta kaappi, jossa s\u00e4ilyt\u00e4t vaatteesi ja tavarasi sill\u00e4 aikaa, kun peseydyt ja uit.<\/p>\n<p>Saat kaapin oven lukkoon rannekkeella, kortilla tai avaimella, jonka sait uimahallin kassalta.<\/p>\n<p>Jos sait kassalta kortin, laita se kaapin ovessa olevaan lokeroon. T\u00e4m\u00e4n j\u00e4lkeen voit lukita oven avaimella.<\/p>\n<p>Pid\u00e4 avain tai ranneke mukanasi, kun menet pesutiloihin ja uima-altaille.<\/p>\n<p>\u00c4l\u00e4 sy\u00f6 ev\u00e4it\u00e4 pukutiloissa. Uimahallissa on kahvio, jossa voi sy\u00f6d\u00e4 omia ev\u00e4it\u00e4 ja ostaa ruokaa.<\/p>\n<h2>Peseydy ennen uimista<\/h2>\n<p>Peseydy hyvin ennen kuin menet uima-altaaseen.<\/p>\n<p>Peseydy suihkussa ilman uima-asua.<\/p>\n<p>Jos olet meikannut, pese meikit pois.<\/p>\n<p>Huuhtele hiukset tai k\u00e4yt\u00e4 uimalakkia.<\/p>\n<h2>Mene saunaan ilman uima-asua<\/h2>\n<p>Uimahallin pesutiloissa on sauna.<\/p>\n<p>Jos menet saunaan, peseydy hyvin ennen saunaan menoa.<\/p>\n<p>Mene saunaan ilman uima-asua. J\u00e4t\u00e4 uima-asu suihkujen vieress\u00e4 olevaan hyllyyn. Voit menn\u00e4 saunaan pyyhe ymp\u00e4rill\u00e4si.<\/p>\n<p>Peseydy saunassa k\u00e4ynnin j\u00e4lkeen.<\/p>\n<h2>Huolehdi turvallisuudesta<\/h2>\n<p>Syv\u00e4\u00e4n altaaseen laskeudutaan yleens\u00e4 tikkaita pitkin.<\/p>\n<p>Uimahallin lattiat ovat m\u00e4r\u00e4t ja liukkaat. Siksi uimahallissa ei saa juosta.<\/p>\n<p>Syv\u00e4 allas on tarkoitettu niille, jotka osaavat uida.<\/p>\n<p>Yleens\u00e4 uima-altaaseen ei saa hyp\u00e4t\u00e4. Jos hypp\u00e4\u00e4minen on sallittu, uimahalli on merkinnyt erikseen paikat, joista saa hyp\u00e4t\u00e4. Uima-altaan reunoilta ei saa koskaan hyp\u00e4t\u00e4.<\/p>\n<p>Uimahallissa on uimavalvoja, joka huolehtii uimareiden turvallisuudesta.<\/p>\n<h2>Peseydy uimisen j\u00e4lkeen<\/h2>\n<p>K\u00e4y uimisen j\u00e4lkeen suihkussa.<\/p>\n<p>Huuhtele uima-asu suihkussa ja puristele se mahdollisimman kuivaksi.<\/p>\n<h2>Testaa tietosi<\/h2>\n<p>Tied\u00e4tk\u00f6, miten uimahallissa toimitaan? Testaa tietosi.<\/p>\n<p>Tee testi Vernerin sivuilla: Miten uimahallissa toimitaan?<\/p>\n<p><strong>Teksti:<\/strong> Jenni Sipil\u00e4<br \/>\n<strong>Kuva:<\/strong> Istockpoto<\/p>\n<p>Teksti perustuu Tule uimahalliin! -oppaaseen. Selkokielisen oppaan on julkaissut Suomen Uimaopetus- ja Hengenpelastusliitto ry.<\/p>\n<p>Voit tulostaa oppaan pdf-version t\u00e4st\u00e4 linkist\u00e4: <a href=\"https:\/\/verneri.net\/selko\/wp-content\/uploads\/sites\/2\/2025\/05\/tule-uimahalliin-opas-selkokieli.pdf\" target=\"_blank\" rel=\"noopener\">Tule uimahalliin! -opas<\/a><\/p>\n","protected":false},"excerpt":{"rendered":"<p>Uiminen on loistavaa liikuntaa! Se pirist\u00e4\u00e4 ja tekee hyv\u00e4\u00e4 koko vartalolle. Uimahallissa uimista voi harrastaa ymp\u00e4ri vuoden. Uimahallissa voi harrastaa [&hellip;]<\/p>\n","protected":false},"author":1,"featured_media":14860,"parent":204,"menu_order":661,"comment_status":"closed","ping_status":"closed","template":"","meta":{"_acf_changed":false,"footnotes":""},"class_list":["post-206","page","type-page","status-publish","has-post-thumbnail","hentry"],"acf":[],"_links":{"self":[{"href":"https:\/\/verneri.net\/selko\/wp-json\/wp\/v2\/pages\/206","targetHints":{"allow":["GET"]}}],"collection":[{"href":"https:\/\/verneri.net\/selko\/wp-json\/wp\/v2\/pages"}],"about":[{"href":"https:\/\/verneri.net\/selko\/wp-json\/wp\/v2\/types\/page"}],"author":[{"embeddable":true,"href":"https:\/\/verneri.net\/selko\/wp-json\/wp\/v2\/users\/1"}],"replies":[{"embeddable":true,"href":"https:\/\/verneri.net\/selko\/wp-json\/wp\/v2\/comments?post=206"}],"version-history":[{"count":0,"href":"https:\/\/verneri.net\/selko\/wp-json\/wp\/v2\/pages\/206\/revisions"}],"up":[{"embeddable":true,"href":"https:\/\/verneri.net\/selko\/wp-json\/wp\/v2\/pages\/204"}],"wp:featuredmedia":[{"embeddable":true,"href":"https:\/\/verneri.net\/selko\/wp-json\/wp\/v2\/media\/14860"}],"wp:attachment":[{"href":"https:\/\/verneri.net\/selko\/wp-json\/wp\/v2\/media?parent=206"}],"curies":[{"name":"wp","href":"https:\/\/api.w.org\/{rel}","templated":true}]}}