{"id":21,"date":"2024-11-26T14:04:45","date_gmt":"2024-11-26T12:04:45","guid":{"rendered":"http:\/\/localhost\/verneri\/selko-dev\/hyvinvointi\/opiskelu\/"},"modified":"2025-05-07T11:12:14","modified_gmt":"2025-05-07T08:12:14","slug":"opiskelu","status":"publish","type":"page","link":"https:\/\/verneri.net\/selko\/hyvinvointi\/opiskelu\/","title":{"rendered":"Opiskelu"},"content":{"rendered":"<p>Suunnitteletko opintoja? Haaveiletko uudesta ammatista?<\/p>\n<p>N\u00e4ilt\u00e4 sivuilta saat tietoa eri ammateista, opiskelusta ja tuesta opintoihin. Saat my\u00f6s vinkkej\u00e4 omien opintojen suunnitteluun.<\/p>\n","protected":false},"excerpt":{"rendered":"<p>Suunnitteletko opintoja? Haaveiletko uudesta ammatista? N\u00e4ilt\u00e4 sivuilta saat tietoa eri ammateista, opiskelusta ja tuesta opintoihin. Saat my\u00f6s vinkkej\u00e4 omien opintojen [&hellip;]<\/p>\n","protected":false},"author":1,"featured_media":0,"parent":8,"menu_order":445,"comment_status":"closed","ping_status":"closed","template":"","meta":{"_acf_changed":false,"footnotes":""},"class_list":["post-21","page","type-page","status-publish","hentry"],"acf":[],"_links":{"self":[{"href":"https:\/\/verneri.net\/selko\/wp-json\/wp\/v2\/pages\/21","targetHints":{"allow":["GET"]}}],"collection":[{"href":"https:\/\/verneri.net\/selko\/wp-json\/wp\/v2\/pages"}],"about":[{"href":"https:\/\/verneri.net\/selko\/wp-json\/wp\/v2\/types\/page"}],"author":[{"embeddable":true,"href":"https:\/\/verneri.net\/selko\/wp-json\/wp\/v2\/users\/1"}],"replies":[{"embeddable":true,"href":"https:\/\/verneri.net\/selko\/wp-json\/wp\/v2\/comments?post=21"}],"version-history":[{"count":0,"href":"https:\/\/verneri.net\/selko\/wp-json\/wp\/v2\/pages\/21\/revisions"}],"up":[{"embeddable":true,"href":"https:\/\/verneri.net\/selko\/wp-json\/wp\/v2\/pages\/8"}],"wp:attachment":[{"href":"https:\/\/verneri.net\/selko\/wp-json\/wp\/v2\/media?parent=21"}],"curies":[{"name":"wp","href":"https:\/\/api.w.org\/{rel}","templated":true}]}}