{"id":22,"date":"2024-11-26T14:04:46","date_gmt":"2024-11-26T12:04:46","guid":{"rendered":"http:\/\/localhost\/verneri\/selko-dev\/hyvinvointi\/palkkatyo\/"},"modified":"2025-11-21T16:34:35","modified_gmt":"2025-11-21T14:34:35","slug":"palkkatyo","status":"publish","type":"page","link":"https:\/\/verneri.net\/selko\/hyvinvointi\/palkkatyo\/","title":{"rendered":"Palkkaty\u00f6"},"content":{"rendered":"<p>Haaveiletko palkkaty\u00f6st\u00e4?<\/p>\n<p>N\u00e4ilt\u00e4 sivuilta saat tietoa palkkaty\u00f6st\u00e4 ja ohjeita ty\u00f6llistymiseen. Voit tutustua my\u00f6s nuorten ja aikuisten kokemuksiin ty\u00f6llistymisest\u00e4 ja ty\u00f6nteosta.<\/p>\n","protected":false},"excerpt":{"rendered":"<p>Haaveiletko palkkaty\u00f6st\u00e4? N\u00e4ilt\u00e4 sivuilta saat tietoa palkkaty\u00f6st\u00e4 ja ohjeita ty\u00f6llistymiseen. Voit tutustua my\u00f6s nuorten ja aikuisten kokemuksiin ty\u00f6llistymisest\u00e4 ja ty\u00f6nteosta.<\/p>\n","protected":false},"author":1,"featured_media":15095,"parent":8,"menu_order":446,"comment_status":"closed","ping_status":"closed","template":"","meta":{"_acf_changed":false,"footnotes":""},"class_list":["post-22","page","type-page","status-publish","has-post-thumbnail","hentry"],"acf":[],"_links":{"self":[{"href":"https:\/\/verneri.net\/selko\/wp-json\/wp\/v2\/pages\/22","targetHints":{"allow":["GET"]}}],"collection":[{"href":"https:\/\/verneri.net\/selko\/wp-json\/wp\/v2\/pages"}],"about":[{"href":"https:\/\/verneri.net\/selko\/wp-json\/wp\/v2\/types\/page"}],"author":[{"embeddable":true,"href":"https:\/\/verneri.net\/selko\/wp-json\/wp\/v2\/users\/1"}],"replies":[{"embeddable":true,"href":"https:\/\/verneri.net\/selko\/wp-json\/wp\/v2\/comments?post=22"}],"version-history":[{"count":0,"href":"https:\/\/verneri.net\/selko\/wp-json\/wp\/v2\/pages\/22\/revisions"}],"up":[{"embeddable":true,"href":"https:\/\/verneri.net\/selko\/wp-json\/wp\/v2\/pages\/8"}],"wp:featuredmedia":[{"embeddable":true,"href":"https:\/\/verneri.net\/selko\/wp-json\/wp\/v2\/media\/15095"}],"wp:attachment":[{"href":"https:\/\/verneri.net\/selko\/wp-json\/wp\/v2\/media?parent=22"}],"curies":[{"name":"wp","href":"https:\/\/api.w.org\/{rel}","templated":true}]}}