{"id":224,"date":"2020-09-17T15:23:56","date_gmt":"2020-09-17T12:23:56","guid":{"rendered":"http:\/\/localhost\/verneri\/selko-dev\/hyvinvointi\/paihteet\/testaa-kuinka-paljon-juot\/"},"modified":"2025-10-27T14:55:57","modified_gmt":"2025-10-27T12:55:57","slug":"testaa-kuinka-paljon-juot","status":"publish","type":"page","link":"https:\/\/verneri.net\/selko\/hyvinvointi\/terveys-ja-liikunta\/paihteet\/testaa-kuinka-paljon-juot\/","title":{"rendered":"Testaa kuinka paljon juot"},"content":{"rendered":"<p>Jokaisen kannattaa v\u00e4lill\u00e4 tarkistaa, kuinka paljon alkoholia juo.<\/p>\n<p>Liiallinen juominen on haitallista terveydelle.<\/p>\n<p>Tee alla oleva testi.<\/p>\n<p>Testin avulla saat tietoa siit\u00e4, onko juomisesi terveydelle haitallista.<\/p>\n<form id=\"frmAlkoholi\" name=\"frmAlkoholi\" method=\"post\" enctype=\"application\/x-www-form-urlencoded\" target=\"_self\">\r\n\r\n  <fieldset id=\"tahti-group\" name=\"tahti-group\" class=\"border rounded p-2 my-2\">\r\n    <legend class=\"bg-body-secondary p-2\">1. Kuinka usein juot olutta, viini\u00e4 tai muita alkoholijuomia?<\/legend>\r\n    <div>Laske my\u00f6s ne kerrat, jolloin olet juonut vain v\u00e4h\u00e4n.<\/div>\r\n    <div class=\"form-data\">\r\n      <div class=\"form-check my-2\">\r\n        <input type=\"checkbox\" class=\"form-check-input\" name=\"tahti[]\" id=\"tahti-0\" title=\"En juo ollenkaan\" value=\"0\">\r\n        <label for=\"tahti-0\">En juo ollenkaan<\/label>\r\n      <\/div>\r\n      <div class=\"form-check my-2\">\r\n        <input type=\"checkbox\" class=\"form-check-input\" name=\"tahti[]\" id=\"tahti-1\" title=\"Juon kerran kuukaudessa tai harvemmin\" value=\"1\">\r\n        <label class=\"form-check-label ms-2\" for=\"tahti-1\">Juon kerran kuukaudessa tai harvemmin<\/label>\r\n      <\/div>\r\n      <div class=\"form-check my-2\">\r\n        <input type=\"checkbox\" class=\"form-check-input\" name=\"tahti[]\" id=\"tahti-2\" title=\"Juon 2\u20134 kertaa kuukaudessa\" value=\"2\">\r\n        <label class=\"form-check-label ms-2\" for=\"tahti-2\">Juon 2\u20134 kertaa kuukaudessa<\/label>\r\n      <\/div>\r\n      <div class=\"form-check my-2\">\r\n        <input type=\"checkbox\" class=\"form-check-input\" name=\"tahti[]\" id=\"tahti-3\" title=\"Juon 2\u20133 kertaa viikossa\" value=\"3\">\r\n        <label class=\"form-check-label ms-2\" for=\"tahti-3\">Juon 2\u20133 kertaa viikossa<\/label>\r\n      <\/div>\r\n      <div class=\"form-check my-2\">\r\n        <input type=\"checkbox\" class=\"form-check-input\" name=\"tahti[]\" id=\"tahti-4\" title=\"Juon 4 kertaa viikossa tai useammin\" value=\"4\">\r\n        <label class=\"form-check-label ms-2\" for=\"tahti-4\">Juon 4 kertaa viikossa tai useammin<\/label>\r\n      <\/div>\r\n    <\/div>\r\n  <\/fieldset>\r\n\r\n  <fieldset id=\"kerralla-group\" name=\"kerralla-group\" class=\"border rounded p-2 my-2\">\r\n    <legend class=\"bg-body-secondary p-2\">2. Kuinka paljon juot kerralla?<\/legend>\r\n\r\n    <div class=\"d-flex flex-column flex-lg-row gap-2 w-100\">\r\n      <div class=\"form-data flex-grow-1\">\r\n        <div class=\"form-check my-2\">\r\n          <input type=\"checkbox\" class=\"form-check-input\" name=\"kerralla[]\" id=\"kerralla-0\" title=\"Juon 1\u20132 annosta\" value=\"0\">\r\n          <label class=\"form-check-label ms-2\" for=\"kerralla-0\">Juon 1\u20132 annosta<\/label>\r\n        <\/div>\r\n        <div class=\"form-check my-2\">\r\n          <input type=\"checkbox\" class=\"form-check-input\" name=\"kerralla[]\" id=\"kerralla-1\" title=\"Juon 3\u20134 annosta\" value=\"1\">\r\n          <label class=\"form-check-label ms-2\" for=\"kerralla-1\">Juon 3\u20134 annosta<\/label>\r\n        <\/div>\r\n        <div class=\"form-check my-2\">\r\n          <input type=\"checkbox\" class=\"form-check-input\" name=\"kerralla[]\" id=\"kerralla-2\" title=\"Juon 5\u20136 annosta\" value=\"2\">\r\n          <label class=\"form-check-label ms-2\" for=\"kerralla-2\">Juon 5\u20136 annosta<\/label>\r\n        <\/div>\r\n        <div class=\"form-check my-2\">\r\n          <input type=\"checkbox\" class=\"form-check-input\" name=\"kerralla[]\" id=\"kerralla-3\" title=\"Juon 7\u20139 annosta\" value=\"3\">\r\n          <label class=\"form-check-label ms-2\" for=\"kerralla-3\">Juon 7\u20139 annosta<\/label>\r\n        <\/div>\r\n        <div class=\"form-check my-2\">\r\n          <input type=\"checkbox\" class=\"form-check-input\" name=\"kerralla[]\" id=\"kerralla-4\" title=\"Juon 10 annosta\" value=\"4\">\r\n          <label class=\"form-check-label ms-2\" for=\"kerralla-4\">Juon 10 annosta<\/label>\r\n        <\/div>\r\n      <\/div>\r\n\r\n      <div class=\"form-info flex-grow-1 border rounded p-3 bg-warning-subtle\">\r\n        <strong>N\u00e4in testiss\u00e4 lasketaan 1 annos alkoholia:<\/strong><br><br>\r\n        <strong>1 annos<\/strong> = 1 pieni pullo tai t\u00f6lkki keskiolutta, siideri\u00e4 tai lonkeroa.<br>\r\n        <strong>1 annos<\/strong> = 1 pieni lasi viini\u00e4.<br>\r\n        <strong>1 annos<\/strong> = 1 pieni snapsilasi v\u00e4kev\u00e4\u00e4 viinaa.\r\n      <\/div>\r\n    <\/div>\r\n  <\/fieldset>\r\n\r\n  <fieldset id=\"usein-group\" name=\"usein-group\" class=\"border rounded p-2 my-2\">\r\n    <legend class=\"bg-body-secondary p-2\">3. Kuinka usein juot kerralla 6 annosta tai enemm\u00e4n?<\/legend>\r\n    <div class=\"form-data\">\r\n      <div class=\"form-check my-2\">\r\n        <input type=\"checkbox\" class=\"form-check-input\" name=\"yli[]\" id=\"yli-0\" title=\"En koskaan\" value=\"0\">\r\n        <label class=\"form-check-label ms-2\" for=\"yli-0\">En koskaan<\/label>\r\n      <\/div>\r\n      <div class=\"form-check my-2\">\r\n        <input type=\"checkbox\" class=\"form-check-input\" name=\"yli[]\" id=\"yli-1\" title=\"Harvemmin kuin kerran kuukaudessa\" value=\"1\">\r\n        <label class=\"form-check-label ms-2\" for=\"yli-1\">Harvemmin kuin kerran kuukaudessa<\/label>\r\n      <\/div>\r\n      <div class=\"form-check my-2\">\r\n        <input type=\"checkbox\" class=\"form-check-input\" name=\"yli[]\" id=\"yli-2\" title=\"Kerran kuukaudessa\" value=\"2\">\r\n        <label class=\"form-check-label ms-2\" for=\"yli-2\">Kerran kuukaudessa<\/label>\r\n      <\/div>\r\n      <div class=\"form-check my-2\">\r\n        <input type=\"checkbox\" class=\"form-check-input\" name=\"yli[]\" id=\"yli-3\" title=\"Kerran viikossa\" value=\"3\">\r\n        <label class=\"form-check-label ms-2\" for=\"yli-3\">Kerran viikossa<\/label>\r\n      <\/div>\r\n      <div class=\"form-check my-2\">\r\n        <input type=\"checkbox\" class=\"form-check-input\" name=\"yli[]\" id=\"yli-4\" title=\"Joka p\u00e4iv\u00e4 tai melkein joka p\u00e4iv\u00e4\" value=\"4\">\r\n        <label class=\"form-check-label ms-2\" for=\"yli-4\">Joka p\u00e4iv\u00e4 tai melkein joka p\u00e4iv\u00e4<\/label>\r\n      <\/div>\r\n    <\/div>\r\n  <\/fieldset>\r\n\r\n  <p><button type=\"button\" id=\"btn-laske\" name=\"btn-laske\" title=\"N\u00e4yt\u00e4 tulos\" class=\"btn btn-custom-black\">N\u00e4yt\u00e4 tulos<\/button><\/p>\r\n  <div class=\"form-result bg-body-secondary p-2 my-2 w-25\">\r\n    Pisteesi: <span name=\"pisteet\" id=\"pisteet\" class=\"pisteet\">0<\/span>\r\n  <\/div>\r\n<\/form>\n<p><strong>Saitko 0-4 pistett\u00e4?<\/strong><\/p>\n<p>Hienoa! Pisteesi eiv\u00e4t anna aihetta huoleen. Huolehdi, ett\u00e4 juomisesi ei lis\u00e4\u00e4nny.<\/p>\n<p><strong>Saitko 5 pistett\u00e4 tai enemm\u00e4n?<\/strong><\/p>\n<p>Juot alkoholia niin paljon, ett\u00e4 se voi olla haitallista terveydellesi.<\/p>\n<p><a href=\"https:\/\/verneri.net\/selko\/hyvinvointi\/terveys-ja-liikunta\/paihteet\/vahenna-juomista\/\">Lue, miten voit v\u00e4hent\u00e4\u00e4 juomistasi<\/a><\/p>\n<p><strong>L\u00e4hteet:<\/strong><\/p>\n<ul>\n<li><a href=\"https:\/\/ehyt.fi\/tuote\/selkokielinen-audit\/\" target=\"_blank\" rel=\"noopener noreferrer\">Selkokielinen Audit-testi<\/a> (ehyt.fi)<\/li>\n<li><a href=\"https:\/\/thl.fi\/aiheet\/alkoholi-tupakka-ja-riippuvuudet\/ehkaiseva-paihdetyo\/puheeksiotto-ja-mini-interventio\/alkoholin-kayton-puheeksiotto-ja-mini-interventio\" target=\"_blank\" rel=\"noopener noreferrer\">Alkoholi ja puheeksiotto<\/a> (thl.fi)<\/li>\n<\/ul>\n","protected":false},"excerpt":{"rendered":"<p>Jokaisen kannattaa v\u00e4lill\u00e4 tarkistaa, kuinka paljon alkoholia juo. Liiallinen juominen on haitallista terveydelle. Tee alla oleva testi. Testin avulla saat [&hellip;]<\/p>\n","protected":false},"author":1,"featured_media":0,"parent":26,"menu_order":39,"comment_status":"closed","ping_status":"closed","template":"","meta":{"_acf_changed":false,"footnotes":""},"class_list":["post-224","page","type-page","status-publish","hentry"],"acf":[],"_links":{"self":[{"href":"https:\/\/verneri.net\/selko\/wp-json\/wp\/v2\/pages\/224","targetHints":{"allow":["GET"]}}],"collection":[{"href":"https:\/\/verneri.net\/selko\/wp-json\/wp\/v2\/pages"}],"about":[{"href":"https:\/\/verneri.net\/selko\/wp-json\/wp\/v2\/types\/page"}],"author":[{"embeddable":true,"href":"https:\/\/verneri.net\/selko\/wp-json\/wp\/v2\/users\/1"}],"replies":[{"embeddable":true,"href":"https:\/\/verneri.net\/selko\/wp-json\/wp\/v2\/comments?post=224"}],"version-history":[{"count":0,"href":"https:\/\/verneri.net\/selko\/wp-json\/wp\/v2\/pages\/224\/revisions"}],"up":[{"embeddable":true,"href":"https:\/\/verneri.net\/selko\/wp-json\/wp\/v2\/pages\/26"}],"wp:attachment":[{"href":"https:\/\/verneri.net\/selko\/wp-json\/wp\/v2\/media?parent=224"}],"curies":[{"name":"wp","href":"https:\/\/api.w.org\/{rel}","templated":true}]}}