{"id":225,"date":"2024-12-02T11:42:03","date_gmt":"2024-12-02T09:42:03","guid":{"rendered":"http:\/\/localhost\/verneri\/selko-dev\/hyvinvointi\/paihteet\/tietoa-kannabiksesta\/"},"modified":"2025-05-06T13:43:29","modified_gmt":"2025-05-06T10:43:29","slug":"tietoa-kannabiksesta","status":"publish","type":"page","link":"https:\/\/verneri.net\/selko\/hyvinvointi\/terveys-ja-liikunta\/paihteet\/tietoa-kannabiksesta\/","title":{"rendered":"Tietoa kannabiksesta"},"content":{"rendered":"<p>Kannabis on kasvi, josta valmistetaan huumausainetta. Lue, miten kannabis vaikuttaa ja miten kannabiksesta voi kielt\u00e4yty\u00e4.<\/p>\n<h2>Kannabista poltetaan<\/h2>\n<p>Kannabiksesta valmistetaan huumausainetta.<\/p>\n<p>Marihuana ja hasis ovat kannabiksen eri muotoja.<\/p>\n<p>Kannabista k\u00e4ytet\u00e4\u00e4n monin eri tavoin. Kannabista poltetaan esimerkiksi s\u00e4tk\u00e4ss\u00e4 ja piipulla.<\/p>\n<h2>Kannabis vaikuttaa monin tavoin<\/h2>\n<p>Kannabis vaikuttaa eri ihmisiin eri tavoin.<\/p>\n<p>Kannabiksen vaikutukset riippuvat my\u00f6s siit\u00e4<\/p>\n<ul>\n<li>kuinka paljon kannabista on kerralla polttanut<\/li>\n<li>kuinka kauan kannabista on k\u00e4ytt\u00e4nyt.<\/li>\n<\/ul>\n<p>Jotkut ihmiset k\u00e4ytt\u00e4v\u00e4t kannabista, koska heille tulee siit\u00e4 hyv\u00e4 ja rento olo.<\/p>\n<p>Toisille ihmisille kannabis aiheuttaa ahdistusta, pelkoja ja sekavuutta.<\/p>\n<p>Kannabis aiheuttaa my\u00f6s lievi\u00e4 harhoja. Se heikent\u00e4\u00e4 ajan ja paikan tajua sek\u00e4 nopeuden ja et\u00e4isyyden tajua. Siksi kannabista k\u00e4ytt\u00e4nyt ihminen voi joutua esimerkiksi onnettomuuteen.<\/p>\n<p>Kannabis voi aiheuttaa my\u00f6s psykoosin.<\/p>\n<p>Kannabiksen pitk\u00e4aikainen k\u00e4ytt\u00f6 voi aiheuttaa vakavia mielenterveyden ongelmia. Ihminen voi esimerkiksi masentua ja ahdistua.<\/p>\n<p>Kannabiksen polttaminen vahingoittaa keuhkoja. Se voi aiheuttaa my\u00f6s sy\u00f6v\u00e4n tai syd\u00e4nsairauksia.<\/p>\n<p><strong>Pohdi:<\/strong> Miten sin\u00e4 rentoudut?<\/p>\n<h2>Kannabis on erityisen haitallista nuorille<\/h2>\n<p>Suurin osa nuorista ei ole kokeillut kannabista.<\/p>\n<p>Usein kannabista k\u00e4ytt\u00e4v\u00e4t ne nuoret, jotka juovat my\u00f6s paljon alkoholia. Nuoret saattavat kokeilla kannabista, kun he ovat humalassa.<\/p>\n<p>Nuoret voivat luulla, ett\u00e4 kannabiksen k\u00e4ytt\u00f6 on hienoa.<\/p>\n<p>Nuoret voivat my\u00f6s luulla, ett\u00e4 kannabiksen k\u00e4ytt\u00f6 ei ole haitallista.<\/p>\n<p>Kannabis on haitallisempaa nuorille kuin aikuisille. Nuoren aivot kehittyv\u00e4t. Kannabis voi h\u00e4irit\u00e4 nuoren aivojen kehityst\u00e4.<\/p>\n<p><strong>Pohdi:<\/strong><\/p>\n<ul>\n<li>K\u00e4ytt\u00e4v\u00e4tk\u00f6 sinun kaverisi kannabista?<\/li>\n<li>Mit\u00e4 teet, jos kaverisi polttaa kannabista?<\/li>\n<\/ul>\n<h2>Kannabis aiheuttaa riippuvuutta<\/h2>\n<p>Jotkut ihmiset k\u00e4ytt\u00e4v\u00e4t kannabista, koska siit\u00e4 tulee heille hyv\u00e4 olo.<\/p>\n<p>Jos kannabista k\u00e4ytt\u00e4\u00e4 usein, siit\u00e4 tulee riippuvaiseksi. Silloin tuntuu, ett\u00e4 on pakko k\u00e4ytt\u00e4\u00e4 kannabista.<\/p>\n<p>Jos kannabiksesta riippuvainen ihminen ei saa kannabista, h\u00e4nelle tulee vieroitusoireita.<\/p>\n<p>Vieroitusoireita ovat esimerkiksi<\/p>\n<ul>\n<li>unettomuus<\/li>\n<li>ruokahalun puute<\/li>\n<li>hikoilu<\/li>\n<li>levoton olo.<\/li>\n<\/ul>\n<p>Riippuvuus kannabikseen syntyy helpommin nuorelle kuin aikuiselle.<\/p>\n<h2>Kannabis on lailla kielletty<\/h2>\n<p>Ihmisi\u00e4 halutaan suojella kannabiksen haitoilta.<\/p>\n<p>Siksi Suomen laki kielt\u00e4\u00e4 kannabiksen<\/p>\n<ul>\n<li>k\u00e4yt\u00f6n<\/li>\n<li>kasvatuksen<\/li>\n<li>myynnin<\/li>\n<li>hallussapidon<\/li>\n<li>tarjoamisen kaverille.<\/li>\n<\/ul>\n<p>Jos nuori tai aikuinen j\u00e4\u00e4 kiinni kannabiksen k\u00e4yt\u00f6st\u00e4, h\u00e4n voi saada sakkoja.<\/p>\n<p>Koska kannabiksen k\u00e4ytt\u00f6 on rikos, siit\u00e4 tulee my\u00f6s merkint\u00e4 poliisin rekisteriin. Merkint\u00e4\u00a0voi vaikeuttaa p\u00e4\u00e4sy\u00e4 ty\u00f6h\u00f6n tai opiskelemaan.<\/p>\n<p><strong>Pohdi:<\/strong><\/p>\n<ul>\n<li>Mit\u00e4 kannabiksen kokeilemisesta voi seurata?<\/li>\n<li>Mit\u00e4 haittaa kannabiksen k\u00e4yt\u00f6st\u00e4 on?<\/li>\n<li>Mit\u00e4 teet, jos sinulle tarjotaan kannabista?<\/li>\n<\/ul>\n<h2>Kielt\u00e4ydy kannabiksesta<\/h2>\n<p>Joku saattaa tarjota sinulle kannabista.<\/p>\n<p>Kannabiksesta pit\u00e4\u00e4 aina kielt\u00e4yty\u00e4. Kannabiksen k\u00e4ytt\u00f6 on rikos.<\/p>\n<p>Kielt\u00e4ytyminen voi kuitenkin tuntua vaikealta.<\/p>\n<p>Jos joku tarjoaa sinulle kannabista, sano rohkeasti &#8221;ei kiitos&#8221;.<\/p>\n<p>Jos joku tarjoaa sinulle kannabista, juttele asiasta luotettavan aikuisen kanssa. Voit puhua asiasta vaikkapa opettajan, ohjaajan tai vanhemman kanssa.<\/p>\n<p>\u00c4l\u00e4 viet\u00e4 aikaa sellaisten ihmisten kanssa, jotka k\u00e4ytt\u00e4v\u00e4t kannabista.<\/p>\n<p>Mene vain sellaisiin juhliin, joissa ei k\u00e4ytet\u00e4 kannabista.<\/p>\n<p><strong>Pohdi:<\/strong><\/p>\n<ul>\n<li>Onko joku tarjonnut sinulle kannabista?<\/li>\n<li>Miten voit kielt\u00e4yty\u00e4 kannabiksesta?<\/li>\n<\/ul>\n<h2>Apua saa monesta paikasta<\/h2>\n<p>Kannabiksen k\u00e4yt\u00f6n lopettaminen voi olla vaikeaa. Siihen kannattaa pyyt\u00e4\u00e4 apua.<\/p>\n<p>Apua saa esimerkiksi<\/p>\n<ul>\n<li>koulun terveydenhoitajalta<\/li>\n<li>terveysasemalta<\/li>\n<li>nuorisoasemalta.<\/li>\n<\/ul>\n<p>Apua saa my\u00f6s EHYT ry:n P\u00e4ihdeneuvonnasta numerosta 0800 900 45.<\/p>\n<p>P\u00e4ihdeneuvontaan voi soittaa nimett\u00f6m\u00e4n\u00e4 ja mihin aikaan tahansa. Soittaminen ei maksa mit\u00e4\u00e4n.<\/p>\n<p><strong>Teksti:<\/strong> Selvis-hanke, 2021<br \/>\n<strong>Kuvat:<\/strong> Istock<\/p>\n<p><strong>L\u00e4hteet ja lis\u00e4tietoa:<\/strong><\/p>\n<ul>\n<li><a href=\"https:\/\/verneri.net\/selko\/wp-content\/uploads\/sites\/2\/2025\/05\/tietoa-kannabiksesta-selvis-2021.pdf\" target=\"_blank\" rel=\"noopener\">Tietoa kannabiksesta -opas<\/a> (pdf-tiedosto)<\/li>\n<li><a href=\"https:\/\/ehyt.fi\/\" target=\"_blank\" rel=\"noopener noreferrer\">Ehk\u00e4isev\u00e4 p\u00e4ihdety\u00f6 EHYT<\/a>\u00a0(ehyt.fi)<\/li>\n<li><a href=\"https:\/\/paihdelinkki.fi\/\" target=\"_blank\" rel=\"noopener\">P\u00e4ihdelinkki<\/a> (paihdelinkki.fi)<\/li>\n<li><a href=\"https:\/\/nuortenlinkki.fi\/\" target=\"_blank\" rel=\"noopener\">Nuortenlinkki<\/a> (nuortenlinkki.fi)<\/li>\n<\/ul>\n","protected":false},"excerpt":{"rendered":"<p>Kannabis on kasvi, josta valmistetaan huumausainetta. Lue, miten kannabis vaikuttaa ja miten kannabiksesta voi kielt\u00e4yty\u00e4. Kannabista poltetaan Kannabiksesta valmistetaan huumausainetta. [&hellip;]<\/p>\n","protected":false},"author":1,"featured_media":14904,"parent":26,"menu_order":729,"comment_status":"closed","ping_status":"closed","template":"","meta":{"_acf_changed":false,"footnotes":""},"class_list":["post-225","page","type-page","status-publish","has-post-thumbnail","hentry"],"acf":[],"_links":{"self":[{"href":"https:\/\/verneri.net\/selko\/wp-json\/wp\/v2\/pages\/225","targetHints":{"allow":["GET"]}}],"collection":[{"href":"https:\/\/verneri.net\/selko\/wp-json\/wp\/v2\/pages"}],"about":[{"href":"https:\/\/verneri.net\/selko\/wp-json\/wp\/v2\/types\/page"}],"author":[{"embeddable":true,"href":"https:\/\/verneri.net\/selko\/wp-json\/wp\/v2\/users\/1"}],"replies":[{"embeddable":true,"href":"https:\/\/verneri.net\/selko\/wp-json\/wp\/v2\/comments?post=225"}],"version-history":[{"count":0,"href":"https:\/\/verneri.net\/selko\/wp-json\/wp\/v2\/pages\/225\/revisions"}],"up":[{"embeddable":true,"href":"https:\/\/verneri.net\/selko\/wp-json\/wp\/v2\/pages\/26"}],"wp:featuredmedia":[{"embeddable":true,"href":"https:\/\/verneri.net\/selko\/wp-json\/wp\/v2\/media\/14904"}],"wp:attachment":[{"href":"https:\/\/verneri.net\/selko\/wp-json\/wp\/v2\/media?parent=225"}],"curies":[{"name":"wp","href":"https:\/\/api.w.org\/{rel}","templated":true}]}}