{"id":23,"date":"2024-11-26T14:04:46","date_gmt":"2024-11-26T12:04:46","guid":{"rendered":"http:\/\/localhost\/verneri\/selko-dev\/hyvinvointi\/digi\/"},"modified":"2025-09-06T14:28:05","modified_gmt":"2025-09-06T11:28:05","slug":"digipalvelut","status":"publish","type":"page","link":"https:\/\/verneri.net\/selko\/hyvinvointi\/digipalvelut\/","title":{"rendered":"Digipalvelut"},"content":{"rendered":"<p>Digipalvelu on palvelu, jota k\u00e4ytet\u00e4\u00e4n tietokoneella, k\u00e4nnyk\u00e4ll\u00e4 tai tabletilla.<\/p>\n<p>Digipalveluista on paljon iloa ja hy\u00f6ty\u00e4, kun k\u00e4yt\u00e4t niit\u00e4 turvallisesti.<\/p>\n<p>N\u00e4ilt\u00e4 sivuilta saat vinkkej\u00e4 digipalveluiden k\u00e4ytt\u00f6\u00f6n.<\/p>\n","protected":false},"excerpt":{"rendered":"<p>Digipalvelu on palvelu, jota k\u00e4ytet\u00e4\u00e4n tietokoneella, k\u00e4nnyk\u00e4ll\u00e4 tai tabletilla. Digipalveluista on paljon iloa ja hy\u00f6ty\u00e4, kun k\u00e4yt\u00e4t niit\u00e4 turvallisesti. N\u00e4ilt\u00e4 [&hellip;]<\/p>\n","protected":false},"author":1,"featured_media":16950,"parent":8,"menu_order":535,"comment_status":"closed","ping_status":"closed","template":"","meta":{"_acf_changed":false,"footnotes":""},"class_list":["post-23","page","type-page","status-publish","has-post-thumbnail","hentry"],"acf":[],"_links":{"self":[{"href":"https:\/\/verneri.net\/selko\/wp-json\/wp\/v2\/pages\/23","targetHints":{"allow":["GET"]}}],"collection":[{"href":"https:\/\/verneri.net\/selko\/wp-json\/wp\/v2\/pages"}],"about":[{"href":"https:\/\/verneri.net\/selko\/wp-json\/wp\/v2\/types\/page"}],"author":[{"embeddable":true,"href":"https:\/\/verneri.net\/selko\/wp-json\/wp\/v2\/users\/1"}],"replies":[{"embeddable":true,"href":"https:\/\/verneri.net\/selko\/wp-json\/wp\/v2\/comments?post=23"}],"version-history":[{"count":0,"href":"https:\/\/verneri.net\/selko\/wp-json\/wp\/v2\/pages\/23\/revisions"}],"up":[{"embeddable":true,"href":"https:\/\/verneri.net\/selko\/wp-json\/wp\/v2\/pages\/8"}],"wp:featuredmedia":[{"embeddable":true,"href":"https:\/\/verneri.net\/selko\/wp-json\/wp\/v2\/media\/16950"}],"wp:attachment":[{"href":"https:\/\/verneri.net\/selko\/wp-json\/wp\/v2\/media?parent=23"}],"curies":[{"name":"wp","href":"https:\/\/api.w.org\/{rel}","templated":true}]}}