{"id":24,"date":"2024-11-26T14:04:46","date_gmt":"2024-11-26T12:04:46","guid":{"rendered":"http:\/\/localhost\/verneri\/selko-dev\/hyvinvointi\/vapaa-aika\/"},"modified":"2025-09-08T12:11:24","modified_gmt":"2025-09-08T09:11:24","slug":"vapaa-aika","status":"publish","type":"page","link":"https:\/\/verneri.net\/selko\/hyvinvointi\/vapaa-aika\/","title":{"rendered":"Vapaa-aika"},"content":{"rendered":"<p>Kaipaatko kivaa tekemist\u00e4? Etsitk\u00f6 uutta harrastusta?<\/p>\n<p>N\u00e4ill\u00e4 sivuilla on vinkkej\u00e4 vapaa-aikaan.<\/p>\n<p>Voit l\u00e4hett\u00e4\u00e4 sivuille my\u00f6s omia kuviasi ja runojasi julkaistaviksi.<\/p>\n","protected":false},"excerpt":{"rendered":"<p>Kaipaatko kivaa tekemist\u00e4? Etsitk\u00f6 uutta harrastusta? N\u00e4ill\u00e4 sivuilla on vinkkej\u00e4 vapaa-aikaan. Voit l\u00e4hett\u00e4\u00e4 sivuille my\u00f6s omia kuviasi ja runojasi julkaistaviksi.<\/p>\n","protected":false},"author":1,"featured_media":16963,"parent":8,"menu_order":425,"comment_status":"closed","ping_status":"closed","template":"","meta":{"_acf_changed":false,"footnotes":""},"class_list":["post-24","page","type-page","status-publish","has-post-thumbnail","hentry"],"acf":[],"_links":{"self":[{"href":"https:\/\/verneri.net\/selko\/wp-json\/wp\/v2\/pages\/24","targetHints":{"allow":["GET"]}}],"collection":[{"href":"https:\/\/verneri.net\/selko\/wp-json\/wp\/v2\/pages"}],"about":[{"href":"https:\/\/verneri.net\/selko\/wp-json\/wp\/v2\/types\/page"}],"author":[{"embeddable":true,"href":"https:\/\/verneri.net\/selko\/wp-json\/wp\/v2\/users\/1"}],"replies":[{"embeddable":true,"href":"https:\/\/verneri.net\/selko\/wp-json\/wp\/v2\/comments?post=24"}],"version-history":[{"count":0,"href":"https:\/\/verneri.net\/selko\/wp-json\/wp\/v2\/pages\/24\/revisions"}],"up":[{"embeddable":true,"href":"https:\/\/verneri.net\/selko\/wp-json\/wp\/v2\/pages\/8"}],"wp:featuredmedia":[{"embeddable":true,"href":"https:\/\/verneri.net\/selko\/wp-json\/wp\/v2\/media\/16963"}],"wp:attachment":[{"href":"https:\/\/verneri.net\/selko\/wp-json\/wp\/v2\/media?parent=24"}],"curies":[{"name":"wp","href":"https:\/\/api.w.org\/{rel}","templated":true}]}}