{"id":25,"date":"2024-11-26T14:04:46","date_gmt":"2024-11-26T12:04:46","guid":{"rendered":"http:\/\/localhost\/verneri\/selko-dev\/hyvinvointi\/terveelliset-elamantavat\/"},"modified":"2025-10-06T11:49:56","modified_gmt":"2025-10-06T08:49:56","slug":"terveys-ja-liikunta","status":"publish","type":"page","link":"https:\/\/verneri.net\/selko\/hyvinvointi\/terveys-ja-liikunta\/","title":{"rendered":"Terveys ja liikunta"},"content":{"rendered":"<p>N\u00e4ill\u00e4 sivuilla on tietoa terveydest\u00e4 ja vinkkej\u00e4 terveellisiin el\u00e4m\u00e4ntapoihin.<\/p>\n<p>Voit lukea esimerkiksi<\/p>\n<ul>\n<li>p\u00e4ihteist\u00e4<\/li>\n<li>terveellisest\u00e4 ruokavaliosta<\/li>\n<li>liikunnasta<\/li>\n<li>unesta ja levosta.<\/li>\n<\/ul>\n<p>Sivuilla on tietoa my\u00f6s mielen hyvinvoinnista.<\/p>\n","protected":false},"excerpt":{"rendered":"<p>N\u00e4ill\u00e4 sivuilla on tietoa terveydest\u00e4 ja vinkkej\u00e4 terveellisiin el\u00e4m\u00e4ntapoihin. Voit lukea esimerkiksi p\u00e4ihteist\u00e4 terveellisest\u00e4 ruokavaliosta liikunnasta unesta ja levosta. Sivuilla [&hellip;]<\/p>\n","protected":false},"author":1,"featured_media":17342,"parent":8,"menu_order":669,"comment_status":"closed","ping_status":"closed","template":"","meta":{"_acf_changed":false,"footnotes":""},"class_list":["post-25","page","type-page","status-publish","has-post-thumbnail","hentry"],"acf":[],"_links":{"self":[{"href":"https:\/\/verneri.net\/selko\/wp-json\/wp\/v2\/pages\/25","targetHints":{"allow":["GET"]}}],"collection":[{"href":"https:\/\/verneri.net\/selko\/wp-json\/wp\/v2\/pages"}],"about":[{"href":"https:\/\/verneri.net\/selko\/wp-json\/wp\/v2\/types\/page"}],"author":[{"embeddable":true,"href":"https:\/\/verneri.net\/selko\/wp-json\/wp\/v2\/users\/1"}],"replies":[{"embeddable":true,"href":"https:\/\/verneri.net\/selko\/wp-json\/wp\/v2\/comments?post=25"}],"version-history":[{"count":0,"href":"https:\/\/verneri.net\/selko\/wp-json\/wp\/v2\/pages\/25\/revisions"}],"up":[{"embeddable":true,"href":"https:\/\/verneri.net\/selko\/wp-json\/wp\/v2\/pages\/8"}],"wp:featuredmedia":[{"embeddable":true,"href":"https:\/\/verneri.net\/selko\/wp-json\/wp\/v2\/media\/17342"}],"wp:attachment":[{"href":"https:\/\/verneri.net\/selko\/wp-json\/wp\/v2\/media?parent=25"}],"curies":[{"name":"wp","href":"https:\/\/api.w.org\/{rel}","templated":true}]}}