{"id":26,"date":"2024-11-26T14:04:46","date_gmt":"2024-11-26T12:04:46","guid":{"rendered":"http:\/\/localhost\/verneri\/selko-dev\/hyvinvointi\/paihteet\/"},"modified":"2025-05-22T15:40:07","modified_gmt":"2025-05-22T12:40:07","slug":"paihteet","status":"publish","type":"page","link":"https:\/\/verneri.net\/selko\/hyvinvointi\/terveys-ja-liikunta\/paihteet\/","title":{"rendered":"P\u00e4ihteet"},"content":{"rendered":"<p>P\u00e4ihteit\u00e4 ovat esimerkiksi alkoholi, tupakka, nuuska ja kannabis.<\/p>\n<p>N\u00e4ilt\u00e4 sivuilta saat tietoa p\u00e4ihteist\u00e4 ja ohjeita p\u00e4ihteiden k\u00e4yt\u00f6n v\u00e4hent\u00e4miseen tai lopettamiseen.<\/p>\n","protected":false},"excerpt":{"rendered":"<p>P\u00e4ihteit\u00e4 ovat esimerkiksi alkoholi, tupakka, nuuska ja kannabis. N\u00e4ilt\u00e4 sivuilta saat tietoa p\u00e4ihteist\u00e4 ja ohjeita p\u00e4ihteiden k\u00e4yt\u00f6n v\u00e4hent\u00e4miseen tai lopettamiseen.<\/p>\n","protected":false},"author":1,"featured_media":14927,"parent":25,"menu_order":699,"comment_status":"closed","ping_status":"closed","template":"","meta":{"_acf_changed":false,"footnotes":""},"class_list":["post-26","page","type-page","status-publish","has-post-thumbnail","hentry"],"acf":[],"_links":{"self":[{"href":"https:\/\/verneri.net\/selko\/wp-json\/wp\/v2\/pages\/26","targetHints":{"allow":["GET"]}}],"collection":[{"href":"https:\/\/verneri.net\/selko\/wp-json\/wp\/v2\/pages"}],"about":[{"href":"https:\/\/verneri.net\/selko\/wp-json\/wp\/v2\/types\/page"}],"author":[{"embeddable":true,"href":"https:\/\/verneri.net\/selko\/wp-json\/wp\/v2\/users\/1"}],"replies":[{"embeddable":true,"href":"https:\/\/verneri.net\/selko\/wp-json\/wp\/v2\/comments?post=26"}],"version-history":[{"count":0,"href":"https:\/\/verneri.net\/selko\/wp-json\/wp\/v2\/pages\/26\/revisions"}],"up":[{"embeddable":true,"href":"https:\/\/verneri.net\/selko\/wp-json\/wp\/v2\/pages\/25"}],"wp:featuredmedia":[{"embeddable":true,"href":"https:\/\/verneri.net\/selko\/wp-json\/wp\/v2\/media\/14927"}],"wp:attachment":[{"href":"https:\/\/verneri.net\/selko\/wp-json\/wp\/v2\/media?parent=26"}],"curies":[{"name":"wp","href":"https:\/\/api.w.org\/{rel}","templated":true}]}}