{"id":269,"date":"2018-05-03T15:00:48","date_gmt":"2018-05-03T12:00:48","guid":{"rendered":"http:\/\/localhost\/verneri\/selko-dev\/tietosuojaseloste\/"},"modified":"2025-12-02T11:04:33","modified_gmt":"2025-12-02T09:04:33","slug":"tietosuojaselosteet","status":"publish","type":"page","link":"https:\/\/verneri.net\/selko\/tietosuojaselosteet\/","title":{"rendered":"Tietosuojaselosteet"},"content":{"rendered":"<p>T\u00e4ll\u00e4 sivulla on tietoa Vernerin selkosivujen tietosuojasta ja ev\u00e4steiden k\u00e4yt\u00f6st\u00e4.<\/p>\n<p>Sivulla on<\/p>\n<ul>\n<li>kirjeenvaihtopalstan tietosuojaseloste<\/li>\n<li>kuvakilpailun tietosuojaseloste<\/li>\n<li>tietoa ev\u00e4stek\u00e4yt\u00e4nn\u00f6ist\u00e4.<\/li>\n<\/ul>\n<p>Vernerin uutiskirjeen tietosuojaseloste on Kehitysvammaliiton sivuilla: <a href=\"https:\/\/www.kehitysvammaliitto.fi\/wp-content\/uploads\/2020\/04\/tietosuojaseloste-kehitysvammaliitto-verneri-net-uutiskirje.pdf\" target=\"_blank\" rel=\"noopener\">Vernerin uutiskirjeen tietosuojaseloste<\/a> (pdf-tiedosto)<\/p>\n<h2>Kirjeenvaihtopalstan tietosuojaseloste<\/h2>\n<p>Yleinen tietosuoja-asetus (EU 679\/2016)<\/p>\n<h3>1. Rekisterin pit\u00e4j\u00e4<\/h3>\n<p>Kehitysvammaliitto ry \/ Y-tunnus: 0116608-8<br \/>\nLinnoitustie 2 B<br \/>\n02600 ESPOO<br \/>\nPuhelin: 09 348 090 (vaihde)<\/p>\n<h3>2. Rekisteriasioiden yhteyshenkil\u00f6<\/h3>\n<p>Nimi: Jenni Sipil\u00e4<br \/>\nPuhelin: 044 357 4841<br \/>\nS\u00e4hk\u00f6posti: jenni.sipila (\u00e4t) kvl.fi<\/p>\n<h3>3. Tietosuojavastaava<\/h3>\n<p>Nimi: Marko Peltom\u00e4ki<br \/>\nPuhelin: 09 3480 9262<br \/>\nS\u00e4hk\u00f6posti: marko.peltomaki (\u00e4t) kvl.fi<\/p>\n<h3>4. Rekisterin nimi<\/h3>\n<p>Verneri.net &#8211; kirjeenvaihto<\/p>\n<h3>5. Henkil\u00f6tietojen k\u00e4sittelyn oikeusperusteet ja tarkoitus<\/h3>\n<p>Henkil\u00f6tietojen k\u00e4sittelyn perusteena on henkil\u00f6n suostumus.<\/p>\n<p>Rekisterin tietoja k\u00e4ytet\u00e4\u00e4n kirjeenvaihtoilmoitusten julkaisuun ja kirjeiden eteenp\u00e4in toimittamiseen.<\/p>\n<h3>6. Rekisterin tietosis\u00e4lt\u00f6, tallennettavat tiedot<\/h3>\n<p>Koko nimi, s\u00e4hk\u00f6postiosoite ja\/tai kotiosoite.<\/p>\n<h3>7. S\u00e4\u00e4nn\u00f6nmukaiset tietol\u00e4hteet<\/h3>\n<p>Tiedot saadaan suoraan rekister\u00f6it\u00e4v\u00e4lt\u00e4 tai h\u00e4nen puolestaan toimivalta henkil\u00f6lt\u00e4.<\/p>\n<h3>8. Tietojen luovuttamien ja siirt\u00e4minen EU:n tai ETA:n ulkopuolelle<\/h3>\n<p>Tietoja ei siirret\u00e4 EU:n tai ETA:n ulkopuolelle, eik\u00e4 niit\u00e4 luovuteta ulkopuoliselle taholle pois lukien palveluntarjoajamme hallitsema ja turvaama palvelin, johon henkil\u00f6tiedot tallennetaan.<\/p>\n<p>Tietoja voidaan kuitenkin luovuttaa toimivaltaisten viranomaisten tai muiden tahojen esitt\u00e4mien vaatimusten edellytt\u00e4m\u00e4ll\u00e4, voimassaolevaan lains\u00e4\u00e4d\u00e4nt\u00f6\u00f6n perustuvalla tavalla.<\/p>\n<h3>9. Rekisterin suojauksen periaatteet ja tietojen s\u00e4ilytys<\/h3>\n<p>S\u00e4hk\u00f6inen rekisteri on suojattu nykyaikaisten teknisten ratkaisujen avulla (palomuurit, henkil\u00f6kohtaiset tunnukset ja salasanat, palveluntarjoajan muut tekniset ratkaisut). Manuaalinen kirjeposti s\u00e4ilytet\u00e4\u00e4n lukitussa kaapissa.<\/p>\n<p>K\u00e4ytt\u00f6oikeus rekisteriin on vain niill\u00e4 Kehitysvammaliitossa ty\u00f6suhteessa olevilla henkil\u00f6ill\u00e4, jotka tarvitsevat kyseisi\u00e4 tietoja ty\u00f6teht\u00e4viens\u00e4 hoitamiseen. Kyseisill\u00e4 henkil\u00f6ill\u00e4 on salassapitovelvollisuus ja omat henkil\u00f6kohtaiset tunnukset ja salasanat. Tietoja s\u00e4ilytet\u00e4\u00e4n puoli vuotta, yht\u00e4 kauan kuin kirjeenvaihtoilmoitus on voimassa Verneri.net-palvelussa.<\/p>\n<h3>10. Tarkastusoikeus, kielto-oikeus ja rekisterist\u00e4 poistuminen<\/h3>\n<p>Rekister\u00f6idyll\u00e4 on oikeus tarkastaa itse\u00e4\u00e4n koskevat henkil\u00f6rekisteriin tallennetut tiedot ja vaatia virheellisen tiedon oikaisua tai poistamista, mik\u00e4li sille on lailliset perusteet. Rekister\u00f6idyll\u00e4 on my\u00f6s oikeus peruuttaa suostumus tai muuttaa sit\u00e4.<\/p>\n<p>Rekister\u00f6idyll\u00e4 on yleisen tietosuoja-asetuksen (EU 679\/2016) mukaan oikeus vastustaa tai pyyt\u00e4\u00e4 tietojen k\u00e4sittelyn rajoittamista sek\u00e4 tehd\u00e4 valitus henkil\u00f6tietojen k\u00e4sittelyst\u00e4 valvontaviranomaiselle.<\/p>\n<p>Erityisist\u00e4 henkil\u00f6kohtaisista syist\u00e4 rekister\u00f6idyll\u00e4 on oikeus my\u00f6s vastustaa itseens\u00e4 kohdistuvaa profilointia ja muita k\u00e4sittelytoimia silloin, kun tietojen k\u00e4sittelemisen perusteena on rekister\u00f6idyn ja rekisterinpit\u00e4j\u00e4n v\u00e4linen asiakassuhde. Rekisterinpit\u00e4j\u00e4 voi kielt\u00e4yty\u00e4 toteuttamasta vastustuspyynt\u00f6\u00e4 laissa m\u00e4\u00e4r\u00e4tyin perustein. Rekister\u00f6idyll\u00e4 on my\u00f6s oikeus maksutta vastustaa tietojen k\u00e4sittely\u00e4, mukaan lukien profilointia niilt\u00e4 osin kuin se liittyy suoramarkkinointiin.<\/p>\n<p>Kaikki t\u00e4t\u00e4 selostetta koskevat yhteydenotot ja pyynn\u00f6t tulee esitt\u00e4\u00e4 kirjallisesti tai henkil\u00f6kohtaisesti kohdassa (2) nimetylle rekisteriasioiden yhteyshenkil\u00f6lle.<\/p>\n<p>Rekisteriin tallennettu henkil\u00f6 voi poistua rekisterist\u00e4 ottamalla yhteytt\u00e4 kohdassa (2) ilmoitettuun rekisteriasioiden yhteyshenkil\u00f6\u00f6n.<\/p>\n<h3>11. Tietosuojaselosteen muuttaminen<\/h3>\n<p>Kehitysvammaliitto ry. pid\u00e4tt\u00e4\u00e4 oikeuden muuttaa t\u00e4t\u00e4 tietosuojaselostetta.<\/p>\n<p>T\u00e4m\u00e4 tietosuojaseloste on p\u00e4ivitetty 5.9.2025.<\/p>\n<h2>Vernerin kuvakilpailun tietosuojaseloste<\/h2>\n<p>T\u00e4ss\u00e4 tietosuojaselosteessa kerrotaan, mit\u00e4 henkil\u00f6tietoja Vernerin kuvakilpailun osallistujista ker\u00e4t\u00e4\u00e4n ja mit\u00e4 henkil\u00f6tiedoilla tehd\u00e4\u00e4n.<\/p>\n<p>Yleinen tietosuoja-asetus (EU 679\/2016)<\/p>\n<h3>1. Rekisterinpit\u00e4j\u00e4<\/h3>\n<p>Kehitysvammaliitto ry<br \/>\nLinnoitustie 2 B<br \/>\n02600 Espoo<br \/>\nY-tunnus: 0116608-8<br \/>\nPuhelin: (09) 348 090 (vaihde)<\/p>\n<h3>2. Yhteyshenkil\u00f6 rekisteriin liittyviss\u00e4 asioissa<\/h3>\n<p>Nimi: Jenni Sipil\u00e4<br \/>\nPuhelin: 044 3574841<br \/>\nS\u00e4hk\u00f6posti: jenni.sipila (\u00e4t) kvl.fi<\/p>\n<p>Voit kysy\u00e4 yhteyshenkil\u00f6lt\u00e4 lis\u00e4tietoa t\u00e4st\u00e4 selosteesta tai henkil\u00f6tietojesi k\u00e4yt\u00f6st\u00e4.<\/p>\n<h3>3. Tietosuojavastaava<\/h3>\n<p>Nimi: Marko Peltom\u00e4ki<br \/>\nPuhelin: (09) 3480 9262<br \/>\nS\u00e4hk\u00f6posti: marko.peltomaki (\u00e4t) kvl.fi<\/p>\n<h3>4. Rekisterin nimi<\/h3>\n<p>Vernerin kuvakilpailun osallistujat<\/p>\n<h3>5. Mihin tarkoituksiin rekisteri\u00e4 k\u00e4ytet\u00e4\u00e4n?<\/h3>\n<p>Ker\u00e4\u00e4mme ja k\u00e4sittelemme vain sellaisia henkil\u00f6tietojasi, joita tarvitaan, jotta voit osallistua Vernerin kuvakilpailuun. Vernerin kuvakilpailu on tarkoitettu nuorille ja aikuisille, jotka tarvitsevat tukea ymm\u00e4rt\u00e4misess\u00e4.<\/p>\n<p>K\u00e4sittelemme ja k\u00e4yt\u00e4mme henkil\u00f6tietojasi, jotta voimme<\/p>\n<ul>\n<li>ottaa sinuun yhteytt\u00e4, jos voitat kilpailussa palkinnon<\/li>\n<li>kertoa voittajien nimet Vernerin sivuilla.<\/li>\n<\/ul>\n<h3>6. Mink\u00e4laisia tietoja rekisteri sis\u00e4lt\u00e4\u00e4?<\/h3>\n<p>Rekisteri sis\u00e4lt\u00e4\u00e4 seuraavat tiedot:<\/p>\n<ul>\n<li>koko nimi tai nimimerkki<\/li>\n<li>s\u00e4hk\u00f6postiosoite ja\/tai kotiosoite ja\/tai puhelinnumero<\/li>\n<li>IP-osoite<\/li>\n<\/ul>\n<h3>7. Miten henkil\u00f6tietoja ker\u00e4t\u00e4\u00e4n?<\/h3>\n<p>Ker\u00e4\u00e4mme sinusta ne tiedot, jotka ilmoitat, kun osallistut kilpailuun. IP-osoite ker\u00e4t\u00e4\u00e4n automaattisesti p\u00e4\u00e4telaitteen antaman tiedon mukaan.<\/p>\n<h3>8. Miten henkil\u00f6tietoja s\u00e4ilytet\u00e4\u00e4n ja suojataan?<\/h3>\n<p>S\u00e4hk\u00f6inen rekisteri on suojattu nykyaikaisten teknisten ratkaisujen avulla (palomuurit, henkil\u00f6kohtaiset tunnukset ja salasanat, palveluntarjoajan muut tekniset ratkaisut).<\/p>\n<p>K\u00e4ytt\u00f6oikeus rekisteriin on vain niill\u00e4 Kehitysvammaliitossa ty\u00f6suhteessa olevilla henkil\u00f6ill\u00e4, jotka tarvitsevat kyseisi\u00e4 tietoja ty\u00f6teht\u00e4viens\u00e4 hoitamiseen. Kyseisill\u00e4 henkil\u00f6ill\u00e4 on salassapitovelvollisuus ja omat henkil\u00f6kohtaiset tunnukset ja salasanat.<\/p>\n<p>Henkil\u00f6tietoja s\u00e4ilytet\u00e4\u00e4n niin kauan kuin kilpailun voittajat on valittu sek\u00e4 vuosi sen j\u00e4lkeen. Henkil\u00f6tietoja voidaan s\u00e4ilytt\u00e4\u00e4 kauemmin, jos se on perusteltua.<\/p>\n<h3>9. Tietojen luovuttaminen ulkopuolisille tahoille tai siirt\u00e4minen EU:n tai ETA:n ulkopuolelle<\/h3>\n<p>Henkil\u00f6tietoja ei luovuteta ulkopuolisille tahoille eik\u00e4 siirret\u00e4 Euroopan unionin tai Euroopan talousalueen ulkopuolelle, jos se ei ole palvelun teknisen toteuttamisen vuoksi tarpeellista.<\/p>\n<p>Ulkopuoliset henkil\u00f6t saavat k\u00e4ytt\u00e4\u00e4 henkil\u00f6tietoja Kehitysvammaliiton luvalla vain kuvataidekilpailun ja piirustusohjelman kehitt\u00e4miseen.<\/p>\n<p>Henkil\u00f6tietoja voidaan kuitenkin luovuttaa eteenp\u00e4in, jos viranomainen tai laki vaatii.<\/p>\n<h3>10. Mit\u00e4 oikeuksia rekister\u00f6idyll\u00e4 on omiin henkil\u00f6tietoihinsa?<\/h3>\n<p>Rekister\u00f6ityn\u00e4 sinulla on oikeus:<\/p>\n<ul>\n<li>tarkastaa, mit\u00e4 henkil\u00f6tietoja sinusta on tallennettu kuvataidekilpailun rekisteriin<\/li>\n<li>saada virheellinen henkil\u00f6tietosi korjattua<\/li>\n<li>saada henkil\u00f6tietosi poistettua rekisterist\u00e4, jos Kehitysvammaliitolla ei ole en\u00e4\u00e4 perustetta jatkaa tietojen k\u00e4ytt\u00f6\u00e4<\/li>\n<li>peruuttaa mahdolliset suostumuksesi henkil\u00f6tietojesi k\u00e4ytt\u00f6\u00f6n<\/li>\n<li>vastustaa henkil\u00f6tietojesi k\u00e4ytt\u00f6\u00e4<\/li>\n<li>rajoittaa henkil\u00f6tietojesi k\u00e4ytt\u00f6\u00e4<\/li>\n<li>saada tietosi siirretty\u00e4 j\u00e4rjestelm\u00e4st\u00e4 toiseen<\/li>\n<li>vastustaa itse\u00e4si koskevaa profilointia<\/li>\n<li>tehd\u00e4 valitus Kehitysvammaliiton toiminnasta tietosuojavaltuutetun toimistoon.<\/li>\n<\/ul>\n<p>Voit tehd\u00e4 oikeuksiasi koskevan pyynn\u00f6n ottamalla yhteytt\u00e4 kohdassa 2 mainittuun yhteyshenkil\u00f6\u00f6n.<\/p>\n<h3>11. Mink\u00e4 maan lains\u00e4\u00e4d\u00e4nt\u00f6\u00e4 henkil\u00f6tietojen k\u00e4sittelyyn sovelletaan?<\/h3>\n<p>Henkil\u00f6rekisteriin ja siihen sis\u00e4ltyvien henkil\u00f6tietojen k\u00e4sittelyyn sovelletaan Suomen lains\u00e4\u00e4d\u00e4nt\u00f6\u00e4 sek\u00e4 suoraan Suomessa sovellettavaa EU:n lains\u00e4\u00e4d\u00e4nt\u00f6\u00e4, kuten EU:n tietosuoja-asetusta.<\/p>\n<h3>12. Miten voimme p\u00e4ivitt\u00e4\u00e4 t\u00e4t\u00e4 tietosuojaselostetta?<\/h3>\n<p>Henkil\u00f6tietojen k\u00e4sittelyyn voi tulla muutoksia, kun kehit\u00e4mme kilpailua ja piirustusohjelmaa. P\u00e4ivit\u00e4mme tarvittaessa tietosuojaselosteen vastaamaan muutoksia. Muutokset voivat perustua my\u00f6s lains\u00e4\u00e4d\u00e4nn\u00f6n muutoksiin.<\/p>\n<p>Ilmoitamme sinulle, jos alamme k\u00e4ytt\u00e4\u00e4 henkil\u00f6tietojasi muuhun tarkoitukseen kuin siihen, johon henkil\u00f6tietosi ker\u00e4ttiin. Ilmoitamme asiasta ja uudesta tietosuojaselosteesta etuk\u00e4teen. Jos tietosuojaselosteeseen tulee muita muutoksia, ilmoitamme niist\u00e4 verkkosivuillamme.<\/p>\n<p>T\u00e4m\u00e4 tietosuojaseloste on p\u00e4ivitetty 2.12.2025.<\/p>\n<h2>Ev\u00e4steiden k\u00e4ytt\u00f6 verkkopalvelussa<\/h2>\n<p>Vernerin selkosivuilla k\u00e4ytet\u00e4\u00e4n ev\u00e4steit\u00e4 palvelun toiminnan varmistamiseksi ja k\u00e4ytt\u00e4jien k\u00e4ytt\u00f6kokemuksen parantamiseksi.<\/p>\n<h3>Mik\u00e4 on ev\u00e4ste?<\/h3>\n<p>Ev\u00e4ste (cookie) on pieni teksitiedosto, jonka verkkopalvelu l\u00e4hett\u00e4\u00e4 ja tallentaa laitteeseesi. Ev\u00e4steet eiv\u00e4t vahingoita laitettasi. Ev\u00e4steet tunnistavat laitteesi, kun tulet palveluun ja liikut sen sis\u00e4ll\u00e4.<\/p>\n<h3>Miten ev\u00e4steit\u00e4 k\u00e4ytet\u00e4\u00e4n Verneriss\u00e4?<\/h3>\n<p>Verneriss\u00e4 k\u00e4ytet\u00e4\u00e4n ev\u00e4steit\u00e4 palvelun toiminnan varmistamiseksi ja k\u00e4ytt\u00e4jien k\u00e4ytt\u00f6kokemuksen parantamiseksi.<\/p>\n<p>Toiminnallisten ev\u00e4steiden avulla verkkopalvelu toimii teknisesti suunnitellulla tavalla. Ev\u00e4steiden avulla pystymme varmistamaan palvelun sujuvan ja turvallisen k\u00e4yt\u00f6n.<\/p>\n<p>Analytiikkaev\u00e4steiden avulla ker\u00e4\u00e4mme tietoa verkkopalvelun k\u00e4yt\u00f6st\u00e4. Tiedon ker\u00e4\u00e4misen tarkoituksena on kehitt\u00e4\u00e4 palvelua vastaamaan paremmin k\u00e4ytt\u00e4jien tarpeita. Tietoa ker\u00e4t\u00e4\u00e4n esimerkiksi k\u00e4vij\u00e4m\u00e4\u00e4rist\u00e4, selaimista, k\u00e4ytt\u00f6j\u00e4rjestelmist\u00e4 ja siit\u00e4, mist\u00e4 palveluun on tultu.<\/p>\n<p>Ker\u00e4tty tieto on anonyymia eli nimet\u00f6nt\u00e4. Sit\u00e4 ei yhdistet\u00e4 yksitt\u00e4iseen k\u00e4ytt\u00e4j\u00e4\u00e4n.<\/p>\n<h3>Miten ev\u00e4steiden k\u00e4ytt\u00f6\u00e4 voi hallita?<\/h3>\n<p>Voit hallita ev\u00e4steiden k\u00e4ytt\u00f6\u00e4 tai halutessasi est\u00e4\u00e4 ne kokonaan laitteesi selaimen asetuksista.<\/p>\n<p>Jos est\u00e4t ev\u00e4steiden k\u00e4yt\u00f6n kokonaan, se saattaa haitata sivuston k\u00e4ytt\u00f6\u00e4.<\/p>\n","protected":false},"excerpt":{"rendered":"<p>T\u00e4ll\u00e4 sivulla on tietoa Vernerin selkosivujen tietosuojasta ja ev\u00e4steiden k\u00e4yt\u00f6st\u00e4. Sivulla on kirjeenvaihtopalstan tietosuojaseloste kuvakilpailun tietosuojaseloste tietoa ev\u00e4stek\u00e4yt\u00e4nn\u00f6ist\u00e4. Vernerin uutiskirjeen [&hellip;]<\/p>\n","protected":false},"author":1,"featured_media":0,"parent":0,"menu_order":1053,"comment_status":"closed","ping_status":"closed","template":"","meta":{"_acf_changed":false,"footnotes":""},"class_list":["post-269","page","type-page","status-publish","hentry"],"acf":[],"_links":{"self":[{"href":"https:\/\/verneri.net\/selko\/wp-json\/wp\/v2\/pages\/269","targetHints":{"allow":["GET"]}}],"collection":[{"href":"https:\/\/verneri.net\/selko\/wp-json\/wp\/v2\/pages"}],"about":[{"href":"https:\/\/verneri.net\/selko\/wp-json\/wp\/v2\/types\/page"}],"author":[{"embeddable":true,"href":"https:\/\/verneri.net\/selko\/wp-json\/wp\/v2\/users\/1"}],"replies":[{"embeddable":true,"href":"https:\/\/verneri.net\/selko\/wp-json\/wp\/v2\/comments?post=269"}],"version-history":[{"count":0,"href":"https:\/\/verneri.net\/selko\/wp-json\/wp\/v2\/pages\/269\/revisions"}],"wp:attachment":[{"href":"https:\/\/verneri.net\/selko\/wp-json\/wp\/v2\/media?parent=269"}],"curies":[{"name":"wp","href":"https:\/\/api.w.org\/{rel}","templated":true}]}}