{"id":28,"date":"2024-11-26T16:21:05","date_gmt":"2024-11-26T14:21:05","guid":{"rendered":"http:\/\/localhost\/verneri\/selko-dev\/hyvinvointi\/vammaisuus\/kehitysvammaisuus\/"},"modified":"2025-10-23T19:20:54","modified_gmt":"2025-10-23T16:20:54","slug":"kehitysvammaisuus","status":"publish","type":"page","link":"https:\/\/verneri.net\/selko\/hyvinvointi\/vammaisuus\/kehitysvammaisuus\/","title":{"rendered":"Kehitysvammaisuus"},"content":{"rendered":"<p>Kehitysvamma on yksi ihmisen monista ominaisuuksista. Kehitysvamma vaikuttaa siihen, miten ihminen oppii ja ymm\u00e4rt\u00e4\u00e4 uusia asioita.<\/p>\n<p>Kehitysvammainen ihminen voi tarvita esimerkiksi enemm\u00e4n aikaa ja tukea oppimiseen.<\/p>\n<p>Jokaisella on my\u00f6s omat vahvuutensa. Kaikilla on mahdollisuus kehitty\u00e4 ja oppia uutta.<\/p>\n<h2>Jokainen tarvitsee omanlaistaan tukea<\/h2>\n<p>Yksil\u00f6llinen tuki auttaa kehitysvammaista ihmist\u00e4 el\u00e4m\u00e4\u00e4n sellaista el\u00e4m\u00e4\u00e4 kuin h\u00e4n itse haluaa.<\/p>\n<p>Tukea voi saada esimerkiksi<\/p>\n<ul>\n<li>omista asioista p\u00e4\u00e4tt\u00e4miseen<\/li>\n<li>ihmissuhteisiin<\/li>\n<li>opiskeluun<\/li>\n<li>ty\u00f6ss\u00e4 k\u00e4ymiseen<\/li>\n<li>raha-asioiden hoitoon<\/li>\n<li>arjen asioihin, kuten ruuanlaittoon, siivoamiseen ja ostosten tekoon.<\/li>\n<\/ul>\n<h2>Kehitysvammat vaihtelevat lievist\u00e4 vaikeisiin<\/h2>\n<p>Kehitysvammat vaihtelevat lievist\u00e4 oppimisvaikeuksista vaikeisiin vammoihin.<\/p>\n<p>Moni liev\u00e4sti kehitysvammainen aikuinen asuu omassa kodissa, k\u00e4y t\u00f6iss\u00e4 ja el\u00e4\u00e4 omann\u00e4k\u00f6ist\u00e4\u00e4n el\u00e4m\u00e4\u00e4.<\/p>\n<p>Vaikeasti kehitysvammainen ihminen tarvitsee paljon apua p\u00e4ivitt\u00e4isiin asioihin.<\/p>\n<h2>Syyt\u00e4 ei aina tiedet\u00e4<\/h2>\n<p>Monet asiat voivat aiheuttaa kehitysvamman.<\/p>\n<p>Ihmisell\u00e4 voi olla kehitysvamma syntyess\u00e4\u00e4n. Lapsi voi vammautua my\u00f6s synnytyksen aikana. Lis\u00e4ksi lapsuuden sairaus tai tapaturma voi aiheuttaa kehitysvamman.<\/p>\n<p>Aina ei tiedet\u00e4, mik\u00e4 kehitysvamman on aiheuttanut.<\/p>\n<p>Suomessa on noin 50 000 ihmist\u00e4, joilla on kehitysvamma.<\/p>\n<p><strong>Teksti ja kuva: <\/strong>Jenni Sipil\u00e4<\/p>\n","protected":false},"excerpt":{"rendered":"<p>Kehitysvamma on yksi ihmisen monista ominaisuuksista. Kehitysvamma vaikuttaa siihen, miten ihminen oppii ja ymm\u00e4rt\u00e4\u00e4 uusia asioita. Kehitysvammainen ihminen voi tarvita [&hellip;]<\/p>\n","protected":false},"author":1,"featured_media":16947,"parent":13,"menu_order":25,"comment_status":"closed","ping_status":"closed","template":"","meta":{"_acf_changed":false,"footnotes":""},"class_list":["post-28","page","type-page","status-publish","has-post-thumbnail","hentry"],"acf":[],"_links":{"self":[{"href":"https:\/\/verneri.net\/selko\/wp-json\/wp\/v2\/pages\/28","targetHints":{"allow":["GET"]}}],"collection":[{"href":"https:\/\/verneri.net\/selko\/wp-json\/wp\/v2\/pages"}],"about":[{"href":"https:\/\/verneri.net\/selko\/wp-json\/wp\/v2\/types\/page"}],"author":[{"embeddable":true,"href":"https:\/\/verneri.net\/selko\/wp-json\/wp\/v2\/users\/1"}],"replies":[{"embeddable":true,"href":"https:\/\/verneri.net\/selko\/wp-json\/wp\/v2\/comments?post=28"}],"version-history":[{"count":0,"href":"https:\/\/verneri.net\/selko\/wp-json\/wp\/v2\/pages\/28\/revisions"}],"up":[{"embeddable":true,"href":"https:\/\/verneri.net\/selko\/wp-json\/wp\/v2\/pages\/13"}],"wp:featuredmedia":[{"embeddable":true,"href":"https:\/\/verneri.net\/selko\/wp-json\/wp\/v2\/media\/16947"}],"wp:attachment":[{"href":"https:\/\/verneri.net\/selko\/wp-json\/wp\/v2\/media?parent=28"}],"curies":[{"name":"wp","href":"https:\/\/api.w.org\/{rel}","templated":true}]}}