{"id":294,"date":"2024-12-17T15:53:52","date_gmt":"2024-12-17T13:53:52","guid":{"rendered":"http:\/\/localhost\/verneri\/selko-dev\/kirjeenvaihto\/nain-lahetat-ilmoituksen\/"},"modified":"2025-12-08T19:33:36","modified_gmt":"2025-12-08T17:33:36","slug":"laheta-oma-ilmoitus","status":"publish","type":"page","link":"https:\/\/verneri.net\/selko\/kirjeenvaihto\/laheta-oma-ilmoitus\/","title":{"rendered":"L\u00e4het\u00e4 oma ilmoitus"},"content":{"rendered":"<p>Kun l\u00e4het\u00e4t ilmoituksen kirjepalstalle, kerro ilmoituksessa, millaista seuraa etsit. Voit etsi\u00e4 esimerkiksi kaveria kirjoittelemaan tai soittelemaan. Voit etsi\u00e4 my\u00f6s seurustelukumppania.<\/p>\n<p>Kerro ilmoituksessa lyhyesti itsest\u00e4si. Kerro esimerkiksi ik\u00e4si, miss\u00e4 asut ja mit\u00e4 tykk\u00e4\u00e4t tehd\u00e4.<\/p>\n<p>Kerro my\u00f6s nimimerkkisi. Julkaisemme sen ilmoituksessasi.<\/p>\n<p>Muista laittaa mukaan s\u00e4hk\u00f6postiosoitteesi tai kotiosoitteesi, jotta voimme l\u00e4hett\u00e4\u00e4 vastaukset sinulle. Emme julkaise yhteystietojasi ilmoituksessa.<\/p>\n<p>L\u00e4het\u00e4 ilmoitus s\u00e4hk\u00f6postilla osoitteeseen <strong>verneri(at)kvl.fi<\/strong>.<\/p>\n<p>Voit l\u00e4hett\u00e4\u00e4 my\u00f6s kirjeen Vernerin osoitteeseen:<\/p>\n<p>Kehitysvammaliitto\/Verneri<br \/>\nLinnoitustie 2 B<br \/>\n02600 Espoo<\/p>\n<p>Ilmoitukset ovat voimassa 2 kuukautta.<\/p>\n","protected":false},"excerpt":{"rendered":"<p>Kun l\u00e4het\u00e4t ilmoituksen kirjepalstalle, kerro ilmoituksessa, millaista seuraa etsit. Voit etsi\u00e4 esimerkiksi kaveria kirjoittelemaan tai soittelemaan. Voit etsi\u00e4 my\u00f6s seurustelukumppania. [&hellip;]<\/p>\n","protected":false},"author":1,"featured_media":14636,"parent":6,"menu_order":29,"comment_status":"closed","ping_status":"closed","template":"","meta":{"_acf_changed":false,"footnotes":""},"class_list":["post-294","page","type-page","status-publish","has-post-thumbnail","hentry"],"acf":[],"_links":{"self":[{"href":"https:\/\/verneri.net\/selko\/wp-json\/wp\/v2\/pages\/294","targetHints":{"allow":["GET"]}}],"collection":[{"href":"https:\/\/verneri.net\/selko\/wp-json\/wp\/v2\/pages"}],"about":[{"href":"https:\/\/verneri.net\/selko\/wp-json\/wp\/v2\/types\/page"}],"author":[{"embeddable":true,"href":"https:\/\/verneri.net\/selko\/wp-json\/wp\/v2\/users\/1"}],"replies":[{"embeddable":true,"href":"https:\/\/verneri.net\/selko\/wp-json\/wp\/v2\/comments?post=294"}],"version-history":[{"count":0,"href":"https:\/\/verneri.net\/selko\/wp-json\/wp\/v2\/pages\/294\/revisions"}],"up":[{"embeddable":true,"href":"https:\/\/verneri.net\/selko\/wp-json\/wp\/v2\/pages\/6"}],"wp:featuredmedia":[{"embeddable":true,"href":"https:\/\/verneri.net\/selko\/wp-json\/wp\/v2\/media\/14636"}],"wp:attachment":[{"href":"https:\/\/verneri.net\/selko\/wp-json\/wp\/v2\/media?parent=294"}],"curies":[{"name":"wp","href":"https:\/\/api.w.org\/{rel}","templated":true}]}}