{"id":295,"date":"2024-12-17T15:53:52","date_gmt":"2024-12-17T13:53:52","guid":{"rendered":"http:\/\/localhost\/verneri\/selko-dev\/kirjeenvaihto\/nain-vastaat-ilmoitukseen\/"},"modified":"2025-04-01T10:46:56","modified_gmt":"2025-04-01T07:46:56","slug":"vastaa-ilmoitukseen","status":"publish","type":"page","link":"https:\/\/verneri.net\/selko\/kirjeenvaihto\/vastaa-ilmoitukseen\/","title":{"rendered":"Vastaa ilmoitukseen"},"content":{"rendered":"<p>Voit vastata kirjeenvaihtopalstan ilmoituksiin s\u00e4hk\u00f6postilla tai kirjeell\u00e4.<\/p>\n<h2>N\u00e4in vastaat ilmoitukseen s\u00e4hk\u00f6postilla<\/h2>\n<p>Kirjoita s\u00e4hk\u00f6postiin sen henkil\u00f6n nimi tai nimimerkki, jolle vastaat.<\/p>\n<p>Kerro s\u00e4hk\u00f6postissa lyhyesti itsest\u00e4si. Kerro esimerkiksi nimesi, ik\u00e4si ja kotikaupunkisi.<\/p>\n<p>L\u00e4het\u00e4 s\u00e4hk\u00f6posti osoitteeseen verneri(at)kvl.fi.<\/p>\n<p>L\u00e4het\u00e4mme vastauksesi ja s\u00e4hk\u00f6postiosoitteesi ilmoittajalle. Emme l\u00e4het\u00e4 puhelinnumeroa, kuvaa tai muita henkil\u00f6kohtaisia tietoja.<\/p>\n<h2>N\u00e4in vastaat ilmoitukseen kirjeell\u00e4<\/h2>\n<p>Kerro kirjeess\u00e4 itsest\u00e4si. Kerro esimerkiksi nimesi, ik\u00e4si ja mit\u00e4 tykk\u00e4\u00e4t tehd\u00e4.<\/p>\n<p>Kerro kirjeess\u00e4 my\u00f6s, mihin osoitteeseen sinulle voi vastata.<\/p>\n<p>Kirjoita kirjekuoreen sen henkil\u00f6n nimi tai nimimerkki, jolle vastaat.<\/p>\n<p>L\u00e4het\u00e4 kirje Vernerin osoitteeseen:<\/p>\n<p>Kehitysvammaliitto\/Verneri<br \/>\nLinnoitustie 2 B<br \/>\n02600 Espoo<\/p>\n<p>Me l\u00e4het\u00e4mme kirjeesi ilmoittajalle.<\/p>\n","protected":false},"excerpt":{"rendered":"<p>Voit vastata kirjeenvaihtopalstan ilmoituksiin s\u00e4hk\u00f6postilla tai kirjeell\u00e4. N\u00e4in vastaat ilmoitukseen s\u00e4hk\u00f6postilla Kirjoita s\u00e4hk\u00f6postiin sen henkil\u00f6n nimi tai nimimerkki, jolle vastaat. [&hellip;]<\/p>\n","protected":false},"author":1,"featured_media":14635,"parent":6,"menu_order":27,"comment_status":"closed","ping_status":"closed","template":"","meta":{"_acf_changed":false,"footnotes":""},"class_list":["post-295","page","type-page","status-publish","has-post-thumbnail","hentry"],"acf":[],"_links":{"self":[{"href":"https:\/\/verneri.net\/selko\/wp-json\/wp\/v2\/pages\/295","targetHints":{"allow":["GET"]}}],"collection":[{"href":"https:\/\/verneri.net\/selko\/wp-json\/wp\/v2\/pages"}],"about":[{"href":"https:\/\/verneri.net\/selko\/wp-json\/wp\/v2\/types\/page"}],"author":[{"embeddable":true,"href":"https:\/\/verneri.net\/selko\/wp-json\/wp\/v2\/users\/1"}],"replies":[{"embeddable":true,"href":"https:\/\/verneri.net\/selko\/wp-json\/wp\/v2\/comments?post=295"}],"version-history":[{"count":0,"href":"https:\/\/verneri.net\/selko\/wp-json\/wp\/v2\/pages\/295\/revisions"}],"up":[{"embeddable":true,"href":"https:\/\/verneri.net\/selko\/wp-json\/wp\/v2\/pages\/6"}],"wp:featuredmedia":[{"embeddable":true,"href":"https:\/\/verneri.net\/selko\/wp-json\/wp\/v2\/media\/14635"}],"wp:attachment":[{"href":"https:\/\/verneri.net\/selko\/wp-json\/wp\/v2\/media?parent=295"}],"curies":[{"name":"wp","href":"https:\/\/api.w.org\/{rel}","templated":true}]}}