{"id":296,"date":"2017-08-28T11:15:47","date_gmt":"2017-08-28T08:15:47","guid":{"rendered":"http:\/\/localhost\/verneri\/selko-dev\/kirjeenvaihto\/vinkit-kirjeenvaihtoon\/"},"modified":"2025-11-11T08:11:39","modified_gmt":"2025-11-11T06:11:39","slug":"vinkit-kirjeenvaihtoon","status":"publish","type":"page","link":"https:\/\/verneri.net\/selko\/kirjeenvaihto\/vinkit-kirjeenvaihtoon\/","title":{"rendered":"Vinkit kirjeenvaihtoon"},"content":{"rendered":"<p>Vernerin kirjepalstalla voit etsi\u00e4 kaveria esimerkiksi kirjoittelemaan tai soittelemaan. Voit etsi\u00e4 my\u00f6s seurustelukumppania.<\/p>\n<p>Voit l\u00e4hett\u00e4\u00e4 palstalle oman ilmoituksen tai vastata muiden ilmoituksiin.<\/p>\n<p>T\u00e4ll\u00e4 sivulla on vinkkej\u00e4 kirjeenvaihtoon.<\/p>\n<h2>Ole rehellinen<\/h2>\n<p>Tuomaksen vinkit oman ilmoituksen tekemiseen:<\/p>\n<ul>\n<li>Kerro itsest\u00e4si.<\/li>\n<li>Ole rehellinen.<\/li>\n<li>Kerro harrastuksistasi.<\/li>\n<li>Kerro miss\u00e4 p\u00e4in Suomea asut.<\/li>\n<li>Kerro, milt\u00e4 alueelta haet seuraa.<\/li>\n<li>Kerro mink\u00e4 ik\u00e4ist\u00e4 seuraa etsit, esimerkiksi 30-40 vuotta.<\/li>\n<li>\u00c4l\u00e4 luota heti kaikkiin.<\/li>\n<\/ul>\n<p><strong>Kirjoittaja:<\/strong> Tuomas Reinikainen, 2021<\/p>\n<h2>Tapaa julkisella paikalla<\/h2>\n<p>Netin seuranhakuilmoitukset ovat hyv\u00e4 tapa tutustua ihmisiin.<\/p>\n<p>Kun tutustut ihmisiin netiss\u00e4, muista my\u00f6s turvallisuus.<\/p>\n<p>Jos harkitset uuden nettitutun tapaamista, soitelkaa ensin puhelimella.<\/p>\n<p>Ennen tapaamista voitte my\u00f6s mietti\u00e4, onko teill\u00e4 yhteisi\u00e4 tuttuja. Yhteiset tutut ovat hyv\u00e4 tapa varmistaa toisen henkil\u00f6llisyys.<\/p>\n<p>Jos uusi nettituttu ehdottaa tapaamista salaisesti, \u00e4l\u00e4 suostu.<\/p>\n<p>Jos tapaat uuden nettitutun:<\/p>\n<ul>\n<li>kerro tapaamisesta etuk\u00e4teen luotettavalle henkil\u00f6lle<\/li>\n<li>sovi tapaaminen julkiselle paikalle, kuten kahvilaan<\/li>\n<li>ota tapaamiseen mukaan luotettava henkil\u00f6 tai k\u00e4nnykk\u00e4<\/li>\n<li>poistu paikalta heti, jos tapaamasi henkil\u00f6 tai tilanne ep\u00e4ilytt\u00e4\u00e4 sinua.<\/li>\n<\/ul>\n<p><strong>Kirjoittaja:<\/strong> Jenni Sipil\u00e4, 2025<\/p>\n<h2>Varo huijaria<\/h2>\n<p>Huijari on petollinen ihminen. H\u00e4n haluaa huijata toisia.<\/p>\n<p>Jokaisen kannattaa olla varovainen, sill\u00e4 huijarit ovat taitavia.<\/p>\n<p>Huijarit haluavat rahaa. \u00c4l\u00e4 l\u00e4het\u00e4 rahaa ihmiselle, jota et tunne.<\/p>\n<p>Oikea pankki tai kauppa ei pyyd\u00e4 henkil\u00f6kohtaisia tietoja s\u00e4hk\u00f6postilla.<\/p>\n<p>Huijari voi my\u00f6s sanoa, ett\u00e4 h\u00e4n ihailee tai rakastaa sinua. Mieti silloin, miksi joku tuntematon ihminen sanoo sellaisia asioita.<\/p>\n<p>Joskus huijari voi pyyt\u00e4\u00e4 sinua soittamaan outoon numeroon. \u00c4l\u00e4 soita, jos et tunne numeroa.<\/p>\n<p>Jos ep\u00e4ilet huijausta, kerro asiasta luotettavalle ihmiselle. Joskus on tarpeen ottaa yhteytt\u00e4 poliisiin.<\/p>\n<p><em>Vinkit on julkaistu Leija-lehden numerossa 1\/2023.<\/em><\/p>\n<h2>\u00c4l\u00e4 vastaa huijarille<\/h2>\n<p>Minua huijattiin. Yksi poika v\u00e4itti kiven kovaan, ett\u00e4 rakastaa minua, mutta h\u00e4n halusi vain pelikaverin.<\/p>\n<p>T\u00e4m\u00e4 sama tyyppi on huijannut muitakin.<\/p>\n<p>\u00c4lk\u00e4\u00e4 vastatko huijareille.<\/p>\n<p><strong>Kirjoittaja:<\/strong> Sini, 2022<\/p>\n<h2>Tutustu rauhassa<\/h2>\n<p>Hennan vinkit seuranhakuun:<\/p>\n<ul>\n<li>\u00c4l\u00e4 heti kirjoita kirjeess\u00e4 rakastan sinua.<\/li>\n<li>\u00c4l\u00e4 luota kirjeenvaihtokavereihin heti.<\/li>\n<li>\u00c4l\u00e4 anna heti puhelinnumeroa.<\/li>\n<li>Pyyd\u00e4 apua kirjeen kirjoittamiseen.<\/li>\n<\/ul>\n<p><strong>Kirjoittaja:<\/strong> Henna Koskela, 2020<\/p>\n<h2>Kerro itsest\u00e4si<\/h2>\n<p>Miten laatia hyv\u00e4 ilmoitus Vernerin seuranhakupalstalle?<\/p>\n<p>Kai Lehto antaa muutamia vinkkej\u00e4:<\/p>\n<p>Seuranhakuilmoituksessa on hyv\u00e4, jos ilmoittaja kertoo, onko h\u00e4n t\u00f6iss\u00e4 ja millaisella ty\u00f6paikalla.<\/p>\n<p>My\u00f6s harrastuksista kannattaa aina kertoa. Voit l\u00f6yt\u00e4\u00e4 kaverin, jolla on sama tai samanlainen harrastus.<\/p>\n<p>Kerro, millaisesta musiikista pid\u00e4t ja millaisia tv-sarjoja seuraat.<\/p>\n<p>Mielest\u00e4ni on t\u00e4rke\u00e4\u00e4 kertoa my\u00f6s, miten asuu ja tuleeko itsen\u00e4isesti toimeen. Voit kertoa, asutko asumisyksik\u00f6ss\u00e4 tai itsen\u00e4isesti vaikkapa kerrostalossa.<\/p>\n<p>Vernerin seuranhakuilmoituksia julkaistaan my\u00f6s Leija-lehdess\u00e4. Kun l\u00e4het\u00e4t ilmoituksen Verneriin, kerro samalla, jos haluat ilmoituksen my\u00f6s Leijaan.<\/p>\n<p><strong>Kirjoittaja:<\/strong> Kai Lehto<\/p>\n<p>Julkaistu Leija-Lehdess\u00e4 4\/2017<\/p>\n<h2>Jaa oma vinkkisi<\/h2>\n<p>Onko sinulla vinkkej\u00e4 kirjeenvaihtoon? L\u00e4het\u00e4 ne meille.<\/p>\n<p>Julkaisemme vinkkej\u00e4 Verneriss\u00e4 ja Leija-lehdess\u00e4.<\/p>\n<p>L\u00e4het\u00e4 vinkkisi s\u00e4hk\u00f6postilla osoitteeseen verneri(at)kvl.fi.<\/p>\n<p><a href=\"https:\/\/verneri.net\/selko\/hyvinvointi\/digipalvelut\/turvallisesti-netissa\/\">Lue my\u00f6s ohjeet turvalliseen netin k\u00e4ytt\u00f6\u00f6n<\/a><\/p>\n","protected":false},"excerpt":{"rendered":"<p>Vernerin kirjepalstalla voit etsi\u00e4 kaveria esimerkiksi kirjoittelemaan tai soittelemaan. Voit etsi\u00e4 my\u00f6s seurustelukumppania. Voit l\u00e4hett\u00e4\u00e4 palstalle oman ilmoituksen tai vastata [&hellip;]<\/p>\n","protected":false},"author":1,"featured_media":14682,"parent":6,"menu_order":35,"comment_status":"closed","ping_status":"closed","template":"","meta":{"_acf_changed":false,"footnotes":""},"class_list":["post-296","page","type-page","status-publish","has-post-thumbnail","hentry"],"acf":[],"_links":{"self":[{"href":"https:\/\/verneri.net\/selko\/wp-json\/wp\/v2\/pages\/296","targetHints":{"allow":["GET"]}}],"collection":[{"href":"https:\/\/verneri.net\/selko\/wp-json\/wp\/v2\/pages"}],"about":[{"href":"https:\/\/verneri.net\/selko\/wp-json\/wp\/v2\/types\/page"}],"author":[{"embeddable":true,"href":"https:\/\/verneri.net\/selko\/wp-json\/wp\/v2\/users\/1"}],"replies":[{"embeddable":true,"href":"https:\/\/verneri.net\/selko\/wp-json\/wp\/v2\/comments?post=296"}],"version-history":[{"count":0,"href":"https:\/\/verneri.net\/selko\/wp-json\/wp\/v2\/pages\/296\/revisions"}],"up":[{"embeddable":true,"href":"https:\/\/verneri.net\/selko\/wp-json\/wp\/v2\/pages\/6"}],"wp:featuredmedia":[{"embeddable":true,"href":"https:\/\/verneri.net\/selko\/wp-json\/wp\/v2\/media\/14682"}],"wp:attachment":[{"href":"https:\/\/verneri.net\/selko\/wp-json\/wp\/v2\/media?parent=296"}],"curies":[{"name":"wp","href":"https:\/\/api.w.org\/{rel}","templated":true}]}}