{"id":45,"date":"2023-04-12T09:56:54","date_gmt":"2023-04-12T06:56:54","guid":{"rendered":"http:\/\/localhost\/verneri\/selko-dev\/hyvinvointi\/vammaisten-oikeudet\/helpot-digipalvelut\/"},"modified":"2025-12-11T15:27:28","modified_gmt":"2025-12-11T13:27:28","slug":"vammaissopimus-turvaa-oikeudet","status":"publish","type":"page","link":"https:\/\/verneri.net\/selko\/hyvinvointi\/vammaisten-oikeudet\/vammaissopimus-turvaa-oikeudet\/","title":{"rendered":"Vammaissopimus turvaa oikeudet"},"content":{"rendered":"<p>Ihmisoikeudet ovat perusoikeuksia. Ne kuuluvat kaikille.<\/p>\n<p>Ihmisoikeudet on m\u00e4\u00e4ritelty maiden v\u00e4lisiss\u00e4 sopimuksissa, kuten Yhdistyneiden kansakuntien eli YK:n vammaissopimuksessa.<\/p>\n<p>Vammaissopimus takaa vammaisille ihmisille samat oikeudet kuin muille.<\/p>\n<p>N\u00e4it\u00e4 oikeuksia ovat esimerkiksi<\/p>\n<ul>\n<li>oikeus osallistua ja vaikuttaa<\/li>\n<li>oikeus omann\u00e4k\u00f6iseen asumiseen<\/li>\n<li>oikeus k\u00e4ytt\u00e4\u00e4 samoja palveluja kuin muut<\/li>\n<li>oikeus saada ty\u00f6st\u00e4 palkkaa<\/li>\n<li>oikeus parisuhteeseen ja perheen perustamiseen.<\/li>\n<\/ul>\n<h2>Ket\u00e4\u00e4n ei saa syrji\u00e4<\/h2>\n<p>Vammaissopimus kielt\u00e4\u00e4 syrjinn\u00e4n. Vammaisia ihmisi\u00e4 ei saa kohdella huonommin kuin muita.<\/p>\n<p>Vammaisia ihmisi\u00e4 pit\u00e4\u00e4 kohdella yhdenvertaisesti eli samalla tavoin kuin muita.<\/p>\n<h2>Erilainen kohtelu on sallittua<\/h2>\n<p>Vammaisia ihmisi\u00e4 saa kohdella eri tavoin kuin muita, jos tarkoitus on hyv\u00e4.<\/p>\n<p>Vammainen ihminen voi saada esimerkiksi palveluja, joita muut eiv\u00e4t saa. Palveluiden tarkoitus on tukea vammaisten ihmisten yhdenvertaisuutta.<\/p>\n<p>Vammainen ihminen voi saada esimerkiksi kuljetuspalvelua, joka auttaa h\u00e4nt\u00e4 liikkumaan. Vapaus liikkua on ihmisoikeus, joka kuuluu my\u00f6s vammaisille.<\/p>\n<h2>Suomen pit\u00e4\u00e4 noudattaa vammaissopimusta<\/h2>\n<p>Vammaissopimus tuli Suomessa voimaan vuonna 2016. Suomen pit\u00e4\u00e4 siis noudattaa vammaissopimusta.<\/p>\n<p>Vammaissopimus on osa Suomen lains\u00e4\u00e4d\u00e4nt\u00f6\u00e4. Viranomaisten pit\u00e4\u00e4 ottaa kaikessa toiminnassa huomioon vammaisten ihmisten oikeudet.<\/p>\n<p><strong>Teksti:<\/strong> Jenni Sipil\u00e4, 2023<\/p>\n<p><em>Kysytt\u00e4v\u00e4\u00e4 vammaisten oikeuksista?<\/em><\/p>\n<p><a href=\"https:\/\/verneri.net\/selko\/verkko-kerttu\/kysy-kertulta\/\">Kysy Kertulta<\/a><\/p>\n<p><strong>L\u00e4hteet ja lis\u00e4tietoa selkokielell\u00e4:<\/strong><\/p>\n<ul>\n<li><a href=\"http:\/\/urn.fi\/URN:ISBN:978-952-00-2359-1\" target=\"_blank\" rel=\"noopener\">Vammaissopimus selkokielell\u00e4<\/a> (urn.fi)<\/li>\n<li><a href=\"https:\/\/julkaisut.valtioneuvosto.fi\/bitstream\/handle\/10024\/164966\/2023_STM_17_J.pdf?sequence=1&amp;isAllowed=\" target=\"_blank\" rel=\"noopener\">Vammaissopimuksen selkoversio<\/a> (valtioneuvosto.fi)<\/li>\n<li><a href=\"https:\/\/valtioneuvosto.fi\/documents\/1271139\/48496178\/EU%20vammaisstrategia%20selkokieli.pdf\/e07a687d-3116-420e-051a-709b004896c5\/EU%20vammaisstrategia%20selkokieli.pdf\" target=\"_blank\" rel=\"noopener\">EU:n vammaisstrategian selkoversio<\/a> (valtioneuvosto.fi)<\/li>\n<li><a href=\"https:\/\/www.tukiliitto.fi\/oikeudet\/perus-ja-ihmisoikeudet\/\" target=\"_blank\" rel=\"noopener\">Perus- ja ihmisoikeudet<\/a> (tukiliitto.fi)<\/li>\n<\/ul>\n","protected":false},"excerpt":{"rendered":"<p>Ihmisoikeudet ovat perusoikeuksia. Ne kuuluvat kaikille. Ihmisoikeudet on m\u00e4\u00e4ritelty maiden v\u00e4lisiss\u00e4 sopimuksissa, kuten Yhdistyneiden kansakuntien eli YK:n vammaissopimuksessa. Vammaissopimus takaa [&hellip;]<\/p>\n","protected":false},"author":1,"featured_media":0,"parent":15,"menu_order":20,"comment_status":"closed","ping_status":"closed","template":"","meta":{"_acf_changed":false,"footnotes":""},"class_list":["post-45","page","type-page","status-publish","hentry"],"acf":[],"_links":{"self":[{"href":"https:\/\/verneri.net\/selko\/wp-json\/wp\/v2\/pages\/45","targetHints":{"allow":["GET"]}}],"collection":[{"href":"https:\/\/verneri.net\/selko\/wp-json\/wp\/v2\/pages"}],"about":[{"href":"https:\/\/verneri.net\/selko\/wp-json\/wp\/v2\/types\/page"}],"author":[{"embeddable":true,"href":"https:\/\/verneri.net\/selko\/wp-json\/wp\/v2\/users\/1"}],"replies":[{"embeddable":true,"href":"https:\/\/verneri.net\/selko\/wp-json\/wp\/v2\/comments?post=45"}],"version-history":[{"count":0,"href":"https:\/\/verneri.net\/selko\/wp-json\/wp\/v2\/pages\/45\/revisions"}],"up":[{"embeddable":true,"href":"https:\/\/verneri.net\/selko\/wp-json\/wp\/v2\/pages\/15"}],"wp:attachment":[{"href":"https:\/\/verneri.net\/selko\/wp-json\/wp\/v2\/media?parent=45"}],"curies":[{"name":"wp","href":"https:\/\/api.w.org\/{rel}","templated":true}]}}