{"id":46,"date":"2023-11-08T09:17:36","date_gmt":"2023-11-08T07:17:36","guid":{"rendered":"http:\/\/localhost\/verneri\/selko-dev\/hyvinvointi\/vammaisten-oikeudet\/julkilausuma-itsemaaraamisesta\/"},"modified":"2026-02-24T13:29:53","modified_gmt":"2026-02-24T11:29:53","slug":"oikeus-lukea","status":"publish","type":"page","link":"https:\/\/verneri.net\/selko\/hyvinvointi\/vammaisten-oikeudet\/oikeus-lukea\/","title":{"rendered":"Oikeus lukea"},"content":{"rendered":"<p>Jokaisella on oikeus lukea.<\/p>\n<p>Lukemalla saat tietoa asioista, jotka ovat sinulle t\u00e4rkeit\u00e4. Lukeminen on my\u00f6s mukava tapa viett\u00e4\u00e4 aikaa.<\/p>\n<h2>Selkokielt\u00e4 on helppo lukea<\/h2>\n<p>Selkokieli on selke\u00e4\u00e4 ja ymm\u00e4rrett\u00e4v\u00e4\u00e4 kielt\u00e4. Sit\u00e4 on helppo lukea.<\/p>\n<p>Selkokielell\u00e4 on kirjoitettu<\/p>\n<ul>\n<li>kirjoja<\/li>\n<li>lehti\u00e4<\/li>\n<li>esitteit\u00e4 ja oppaita<\/li>\n<li>verkkosivuja.<\/li>\n<\/ul>\n<h2>Lainaa selkokirjoja kirjastosta<\/h2>\n<p>Voit lainata selkokirjoja kirjastosta. Monessa kirjastossa on selkokirjoille oma hylly.<\/p>\n<p>Tunnistat selkokirjat selkologosta, jossa on musta nuoli.<\/p>\n<h2>Uutisia selkokielell\u00e4<\/h2>\n<p>Selkosanomat on selkokielinen uutislehti. Selkosanomissa on tietoa ajankohtaisista asioista Suomessa ja ulkomailla.<\/p>\n<p>Selkosanomat ilmestyy netiss\u00e4 ja painettuna.<\/p>\n<p><strong>Katso video Selkosanomista:<\/strong><\/p>\n<p><iframe loading=\"lazy\" title=\"Selkosanomat \u2013 helppo juttu!\" width=\"500\" height=\"281\" src=\"https:\/\/www.youtube.com\/embed\/PRjrggBgZBo?wmode=transparent&amp;rel=0&amp;feature=oembed\" frameborder=\"0\" allow=\"accelerometer; autoplay; clipboard-write; encrypted-media; gyroscope; picture-in-picture; web-share\" referrerpolicy=\"strict-origin-when-cross-origin\" allowfullscreen><\/iframe><\/p>\n<p><a href=\"https:\/\/selkosanomat.fi\/\" target=\"_blank\" rel=\"noopener\">P\u00e4\u00e4set selkosanomien verkkolehteen t\u00e4st\u00e4 linkist\u00e4<\/a> (selkosanomat.fi)<\/p>\n<p>My\u00f6s Yleisradion verkkosivuilla on uutisia selkokielell\u00e4.<\/p>\n<p><a href=\"https:\/\/yle.fi\/selkouutiset\" target=\"_blank\" rel=\"noopener\">P\u00e4\u00e4set Ylen selkouutisiin t\u00e4st\u00e4 linkist\u00e4<\/a> (yle.fi)<\/p>\n<h2>Papunetissa on verkkokirjoja<\/h2>\n<p>Papunetissa voit lukea selkokielisi\u00e4 verkkokirjoja.<\/p>\n<p><a href=\"https:\/\/papunet.net\/materiaalit\/selkokieliset-verkkokirjat\/\" target=\"_blank\" rel=\"noopener\">P\u00e4\u00e4set Papunetin verkkokirjoihin t\u00e4st\u00e4 linkist\u00e4<\/a> (papunet.net)<\/p>\n<h2>Kun lukeminen ei suju<\/h2>\n<p>Kaikki eiv\u00e4t osaa lukea itse. Silloin voi pyyt\u00e4\u00e4 toista ihmist\u00e4 lukemaan \u00e4\u00e4neen. \u00c4\u00e4neen lukemista on mukava kuunnella, vaikka osaisi itsekin lukea.<\/p>\n<p>\u00c4\u00e4nikirja on kirja, jonka voit kuunnella. \u00c4\u00e4nikirjat ovat yleens\u00e4 cd-levyj\u00e4 tai tiedostoja, jotka tallennetaan tietokoneelle.<\/p>\n<p>\u00c4\u00e4nikirjoja voit lainata kirjastoista ja ostaa kaupoista.<\/p>\n<h2>Uudet selkokirjat<\/h2>\n<p>Selkokirjaesitteess\u00e4 kerrotaan uusista selkokirjoista.<\/p>\n<p>Esitteess\u00e4 on selkokirjoja, jotka sopivat aikuisille, nuorille ja lapsille. Kirjat voivat olla hauskoja, j\u00e4nnitt\u00e4vi\u00e4 tai pelottavia. Niiss\u00e4 on mukana my\u00f6s historiaa, taikaa ja supervoimia.<\/p>\n<p><a href=\"https:\/\/verneri.net\/selko\/wp-content\/uploads\/sites\/2\/2026\/02\/selkokirjaesite_25-26_saavutettava.pdf\" target=\"_blank\" rel=\"noopener\">Tutustu selkokirjaesitteeseen<\/a> (pdf-tiedosto)<\/p>\n<p><strong>Teksti:<\/strong> Jenni Sipil\u00e4, 2026<\/p>\n","protected":false},"excerpt":{"rendered":"<p>Jokaisella on oikeus lukea. Lukemalla saat tietoa asioista, jotka ovat sinulle t\u00e4rkeit\u00e4. Lukeminen on my\u00f6s mukava tapa viett\u00e4\u00e4 aikaa. Selkokielt\u00e4 [&hellip;]<\/p>\n","protected":false},"author":1,"featured_media":14914,"parent":15,"menu_order":268,"comment_status":"closed","ping_status":"closed","template":"","meta":{"_acf_changed":false,"footnotes":""},"class_list":["post-46","page","type-page","status-publish","has-post-thumbnail","hentry"],"acf":[],"_links":{"self":[{"href":"https:\/\/verneri.net\/selko\/wp-json\/wp\/v2\/pages\/46","targetHints":{"allow":["GET"]}}],"collection":[{"href":"https:\/\/verneri.net\/selko\/wp-json\/wp\/v2\/pages"}],"about":[{"href":"https:\/\/verneri.net\/selko\/wp-json\/wp\/v2\/types\/page"}],"author":[{"embeddable":true,"href":"https:\/\/verneri.net\/selko\/wp-json\/wp\/v2\/users\/1"}],"replies":[{"embeddable":true,"href":"https:\/\/verneri.net\/selko\/wp-json\/wp\/v2\/comments?post=46"}],"version-history":[{"count":0,"href":"https:\/\/verneri.net\/selko\/wp-json\/wp\/v2\/pages\/46\/revisions"}],"up":[{"embeddable":true,"href":"https:\/\/verneri.net\/selko\/wp-json\/wp\/v2\/pages\/15"}],"wp:featuredmedia":[{"embeddable":true,"href":"https:\/\/verneri.net\/selko\/wp-json\/wp\/v2\/media\/14914"}],"wp:attachment":[{"href":"https:\/\/verneri.net\/selko\/wp-json\/wp\/v2\/media?parent=46"}],"curies":[{"name":"wp","href":"https:\/\/api.w.org\/{rel}","templated":true}]}}