{"id":48,"date":"2023-02-01T14:22:03","date_gmt":"2023-02-01T12:22:03","guid":{"rendered":"http:\/\/localhost\/verneri\/selko-dev\/hyvinvointi\/vammaisten-oikeudet\/ketaan-ei-saa-syrjia\/"},"modified":"2025-05-28T14:56:53","modified_gmt":"2025-05-28T11:56:53","slug":"ilmoita-syrjinnasta","status":"publish","type":"page","link":"https:\/\/verneri.net\/selko\/hyvinvointi\/vammaisten-oikeudet\/ilmoita-syrjinnasta\/","title":{"rendered":"Ilmoita syrjinn\u00e4st\u00e4"},"content":{"rendered":"<p>Suomessa kaikki ihmiset ovat yhdenvertaisia eli samanarvoisia.<\/p>\n<p>Ket\u00e4\u00e4n ei saa syrji\u00e4 esimerkiksi vamman tai seksuaalisen suuntautumisen takia.<\/p>\n<p>Syrjint\u00e4\u00e4 on se, ett\u00e4 ihmist\u00e4 kohdellaan huonommin kuin muita jonkin henkil\u00f6kohtaisen ominaisuuden takia.<\/p>\n<p>Syrjint\u00e4 kiellet\u00e4\u00e4n ihmisoikeussopimuksissa ja Suomen lains\u00e4\u00e4d\u00e4nn\u00f6ss\u00e4.<\/p>\n<h2>Erilainen kohtelu on sallittua<\/h2>\n<p>Ihmisi\u00e4 on lupa kohdella eri tavoin kuin muita, jos tarkoitus on hyv\u00e4. Esimerkiksi vammainen ihminen voi saada palveluja, joita muut eiv\u00e4t saa.<\/p>\n<h2>Haluatko ilmoittaa syrjinn\u00e4st\u00e4?<\/h2>\n<p>Sinulla on oikeus valittaa, jos olet kokenut syrjint\u00e4\u00e4. Voit ottaa yhteytt\u00e4 yhdenvertaisuusvaltuutettuun.<\/p>\n<p>Yhdenvertaisuusvaltuutettu auttaa ja antaa neuvoja. Apu ei maksa mit\u00e4\u00e4n.<\/p>\n<p>Voit soittaa yhdenvertaisuusvaltuutetun puhelinpalveluun numeroon 0295 666 817. Puhelinpalvelu on auki arkip\u00e4ivisin kello 10-12.<\/p>\n<p>Voit l\u00e4hett\u00e4\u00e4 kirjeen yhdenvertaisuusvaltuutetun toimistoon:<\/p>\n<p>Yhdenvertaisuusvaltuutetun toimisto<br \/>\nPL 24<br \/>\n00023 Valtioneuvosto<\/p>\n<p>Voit l\u00e4hett\u00e4\u00e4 s\u00e4hk\u00f6postin osoitteessa yvv(at)oikeus.fi.<\/p>\n<p>Tai voit t\u00e4ytt\u00e4\u00e4 lomakkeen Yhdenvertaisuusvaltuutetun nettisivuilla.<\/p>\n<p><a href=\"https:\/\/turvaviesti.om.fi\/YVVyhteydenotto\" target=\"_blank\" rel=\"noopener\">P\u00e4\u00e4set yhdenvertaisuusvaltuutetun sivuille t\u00e4st\u00e4 linkist\u00e4<\/a> (turvaviesti.om)<\/p>\n<p>Ota yhteytt\u00e4 mahdollisimman pian syrjinn\u00e4n j\u00e4lkeen.<\/p>\n<p>Jos olet kokenut syrjint\u00e4\u00e4 ty\u00f6paikallasi tai kun olet hakenut t\u00f6it\u00e4, ota yhteytt\u00e4 ty\u00f6nsuojeluviranomaiseen.<\/p>\n<p>Jos olet kokenut syrjint\u00e4\u00e4 terveydenhuollossa tai sosiaalihuollossa, voit tehd\u00e4 kantelun paikalliselle potilas- tai sosiaaliasiamiehelle.<\/p>\n<p>Jos koet, ett\u00e4 viranomaiset ovat syrjineet sinua, voit tehd\u00e4 kantelun eduskunnan oikeusasiamiehelle.<\/p>\n<p>Jos olet ep\u00e4varma, kenelt\u00e4 kysy\u00e4 apua, ota yhteytt\u00e4 yhdenvertaisuusvaltuutettuun.<\/p>\n<p><strong>Teksti:<\/strong> Mira Vihmo<br \/>\n<strong>Kuva:<\/strong> Jenni Sipil\u00e4<\/p>\n<p><strong>Lue lis\u00e4\u00e4 selkokielell\u00e4:<\/strong> <a href=\"https:\/\/www.tukiliitto.fi\/oikeudet\/yhdenvertaisuus\/\" target=\"_blank\" rel=\"noopener\">Ket\u00e4\u00e4n ei saa syrji\u00e4<\/a> (tukiliitto.fi)<\/p>\n","protected":false},"excerpt":{"rendered":"<p>Suomessa kaikki ihmiset ovat yhdenvertaisia eli samanarvoisia. Ket\u00e4\u00e4n ei saa syrji\u00e4 esimerkiksi vamman tai seksuaalisen suuntautumisen takia. Syrjint\u00e4\u00e4 on se, [&hellip;]<\/p>\n","protected":false},"author":1,"featured_media":0,"parent":15,"menu_order":271,"comment_status":"closed","ping_status":"closed","template":"","meta":{"_acf_changed":false,"footnotes":""},"class_list":["post-48","page","type-page","status-publish","hentry"],"acf":[],"_links":{"self":[{"href":"https:\/\/verneri.net\/selko\/wp-json\/wp\/v2\/pages\/48","targetHints":{"allow":["GET"]}}],"collection":[{"href":"https:\/\/verneri.net\/selko\/wp-json\/wp\/v2\/pages"}],"about":[{"href":"https:\/\/verneri.net\/selko\/wp-json\/wp\/v2\/types\/page"}],"author":[{"embeddable":true,"href":"https:\/\/verneri.net\/selko\/wp-json\/wp\/v2\/users\/1"}],"replies":[{"embeddable":true,"href":"https:\/\/verneri.net\/selko\/wp-json\/wp\/v2\/comments?post=48"}],"version-history":[{"count":0,"href":"https:\/\/verneri.net\/selko\/wp-json\/wp\/v2\/pages\/48\/revisions"}],"up":[{"embeddable":true,"href":"https:\/\/verneri.net\/selko\/wp-json\/wp\/v2\/pages\/15"}],"wp:attachment":[{"href":"https:\/\/verneri.net\/selko\/wp-json\/wp\/v2\/media?parent=48"}],"curies":[{"name":"wp","href":"https:\/\/api.w.org\/{rel}","templated":true}]}}