{"id":485,"date":"2024-12-19T23:33:30","date_gmt":"2024-12-19T21:33:30","guid":{"rendered":"http:\/\/localhost\/verneri\/selko-dev\/neuvonta\/verkko-kerttu\/kysy-kertulta\/"},"modified":"2025-10-23T20:04:04","modified_gmt":"2025-10-23T17:04:04","slug":"kysy-kertulta","status":"publish","type":"page","link":"https:\/\/verneri.net\/selko\/verkko-kerttu\/kysy-kertulta\/","title":{"rendered":"Kysy Kertulta"},"content":{"rendered":"<p>Kysy Kertulta asioista, joista olet kiinnostunut. Voit kysy\u00e4 vaikkapa harrastuksista, ty\u00f6st\u00e4 tai seurustelusta.<\/p>\n<p>Kerttu vastaa kysymyksiin noin viikon sis\u00e4ll\u00e4. Aivan kaikkiin kysymyksiin Kerttu ei valitettavasti pysty vastaamaan.<\/p>\n<p><strong>N\u00e4in kysyt Verkko-Kertulta:<\/strong><\/p>\n<ol>\n<li>Kirjoita kysymykselle otsikko<\/li>\n<li>Kirjoita kysymys<\/li>\n<li>Paina L\u00e4het\u00e4 kysymys -painiketta<\/li>\n<\/ol>\n","protected":false},"excerpt":{"rendered":"<p>Kysy Kertulta asioista, joista olet kiinnostunut. Voit kysy\u00e4 vaikkapa harrastuksista, ty\u00f6st\u00e4 tai seurustelusta. Kerttu vastaa kysymyksiin noin viikon sis\u00e4ll\u00e4. Aivan [&hellip;]<\/p>\n","protected":false},"author":1,"featured_media":14605,"parent":11,"menu_order":104,"comment_status":"closed","ping_status":"closed","template":"page-sivu-neuvonta-lomake.php","meta":{"_acf_changed":false,"footnotes":""},"class_list":["post-485","page","type-page","status-publish","has-post-thumbnail","hentry"],"acf":[],"_links":{"self":[{"href":"https:\/\/verneri.net\/selko\/wp-json\/wp\/v2\/pages\/485","targetHints":{"allow":["GET"]}}],"collection":[{"href":"https:\/\/verneri.net\/selko\/wp-json\/wp\/v2\/pages"}],"about":[{"href":"https:\/\/verneri.net\/selko\/wp-json\/wp\/v2\/types\/page"}],"author":[{"embeddable":true,"href":"https:\/\/verneri.net\/selko\/wp-json\/wp\/v2\/users\/1"}],"replies":[{"embeddable":true,"href":"https:\/\/verneri.net\/selko\/wp-json\/wp\/v2\/comments?post=485"}],"version-history":[{"count":0,"href":"https:\/\/verneri.net\/selko\/wp-json\/wp\/v2\/pages\/485\/revisions"}],"up":[{"embeddable":true,"href":"https:\/\/verneri.net\/selko\/wp-json\/wp\/v2\/pages\/11"}],"wp:featuredmedia":[{"embeddable":true,"href":"https:\/\/verneri.net\/selko\/wp-json\/wp\/v2\/media\/14605"}],"wp:attachment":[{"href":"https:\/\/verneri.net\/selko\/wp-json\/wp\/v2\/media?parent=485"}],"curies":[{"name":"wp","href":"https:\/\/api.w.org\/{rel}","templated":true}]}}