{"id":55,"date":"2022-12-08T13:36:31","date_gmt":"2022-12-08T11:36:31","guid":{"rendered":"http:\/\/localhost\/verneri\/selko-dev\/hyvinvointi\/vammaisten-oikeudet\/oikeus-osallisuuteen\/"},"modified":"2025-12-11T15:28:22","modified_gmt":"2025-12-11T13:28:22","slug":"oikeus-osallistua","status":"publish","type":"page","link":"https:\/\/verneri.net\/selko\/hyvinvointi\/vammaisten-oikeudet\/oikeus-osallistua\/","title":{"rendered":"Oikeus osallistua"},"content":{"rendered":"<p>Vammaissopimuksen mukaan vammaisella ihmisell\u00e4 on oikeus osallisuuteen. Osallisuus tarkoittaa osallistumista ja vaikuttamista omiin ja yhteisiin asioihin.<\/p>\n<p>Sinulla on oikeus<\/p>\n<ul>\n<li>asua siell\u00e4 miss\u00e4 muutkin<\/li>\n<li>osallistua l\u00e4hiyhteis\u00f6si toimintaan<\/li>\n<li>k\u00e4ytt\u00e4\u00e4 samoja palveluita kuin muut<\/li>\n<li>p\u00e4\u00e4tt\u00e4\u00e4 omista asioista<\/li>\n<li>vaikuttaa yhteisiin asioihin<\/li>\n<li>saada riitt\u00e4v\u00e4sti tukea osallistumiseen.<\/li>\n<\/ul>\n<h2>Yhdess\u00e4 muiden kanssa<\/h2>\n<p>Vammaissopimuksen mukaan sinulla on oikeus asua ja el\u00e4\u00e4 siell\u00e4, miss\u00e4 muutkin. On t\u00e4rke\u00e4\u00e4, ett\u00e4 voit osallistua l\u00e4hiyhteis\u00f6si toimintaan.<\/p>\n<p>L\u00e4hiyhteis\u00f6 tarkoittaa aluetta, jossa asut ja liikut p\u00e4ivitt\u00e4in. Se tarkoittaa kotisi l\u00e4hell\u00e4 olevia palveluita ja ihmisi\u00e4, jotka asuvat l\u00e4hell\u00e4si.<\/p>\n<p>Palveluita ovat esimerkiksi kaupat, kirjasto ja uimahalli. Palveluiden pit\u00e4\u00e4 olla esteett\u00f6mi\u00e4 eli sellaisia, ett\u00e4 kaikki voivat k\u00e4ytt\u00e4\u00e4 niit\u00e4.<\/p>\n<h2>Tietoa mahdollisuuksista<\/h2>\n<p>Sinulla on oikeus saada tietoa sinulle t\u00e4rkeist\u00e4 asioista, kuten asumisen vaihtoehdoista ja mahdollisuuksista harrastaa.<\/p>\n<p>On t\u00e4rke\u00e4\u00e4, ett\u00e4 saat tietoa juuri sinulle sopivalla tavalla. Voit saada tietoa esimerkiksi selkokielell\u00e4, kuvilla tai tulkattuna.<\/p>\n<p>Kun saat riitt\u00e4v\u00e4sti tietoa mahdollisuuksista, sinun on helpompi tehd\u00e4 p\u00e4\u00e4t\u00f6ksi\u00e4 ja osallistua.<\/p>\n<h2>Tukea osallistumiseen<\/h2>\n<p>Osallistuminen yhteisiin asioihin ei ole aina helppoa. Siksi sinulla on oikeus saada tukea osallistumiseen.<\/p>\n<p>Voit saada tukea esimerkiksi<\/p>\n<ul>\n<li>valintojen ja p\u00e4\u00e4t\u00f6ksien tekemiseen<\/li>\n<li>kaupassak\u00e4yntiin<\/li>\n<li>ihmisten tapaamiseen<\/li>\n<li>harrastuksiin<\/li>\n<li>\u00e4\u00e4nest\u00e4miseen.<\/li>\n<\/ul>\n<p>Voit saada tukea esimerkiksi<\/p>\n<ul>\n<li>kaverilta<\/li>\n<li>naapurilta<\/li>\n<li>tukihenkil\u00f6lt\u00e4<\/li>\n<li>avustajalta<\/li>\n<li>ohjaajalta.<\/li>\n<\/ul>\n<h2>Oma \u00e4\u00e4ni kuuluviin<\/h2>\n<p>Sinulla on oikeus kertoa mielipiteesi ja vaikuttaa sinulle t\u00e4rkeisiin asioihin.<\/p>\n<p>Voit vaikuttaa esimerkiksi<\/p>\n<ul>\n<li>kertomalla kokemuksistasi<\/li>\n<li>osallistumalla j\u00e4rjest\u00f6jen toimintaan<\/li>\n<li>kirjoittamalla mielipidekirjoituksen.<\/li>\n<\/ul>\n<p>Sinulla on oikeus osallistua my\u00f6s poliittiseen toimintaan. Voit esimerkiksi \u00e4\u00e4nest\u00e4\u00e4\u00a0ja asettua ehdokkaaksi vaaleissa.<\/p>\n<p><strong>Teksti:<\/strong> Jenni Sipil\u00e4, 2023<\/p>\n<p><em>Kysytt\u00e4v\u00e4\u00e4 vammaisten oikeuksista tai osallisuudesta?<\/em><\/p>\n<p><a href=\"https:\/\/verneri.net\/selko\/verkko-kerttu\/kysy-kertulta\/\">Kysy Kertulta<\/a><\/p>\n<p><strong>L\u00e4hteet ja lis\u00e4tietoa selkokielell\u00e4:<\/strong><\/p>\n<ul>\n<li><a href=\"https:\/\/verneri.net\/selko\/hyvinvointi\/vammaisten-oikeudet\/oikeus-osallistua\/minun-osallisuuteni\/\">Minun osallisuuteni<\/a><\/li>\n<li><a href=\"http:\/\/urn.fi\/URN:ISBN:978-952-00-2359-1\" target=\"_blank\" rel=\"noopener\">YK:n vammaissopimus selkokielell\u00e4<\/a> (urn.fi)<\/li>\n<li><a href=\"https:\/\/julkaisut.valtioneuvosto.fi\/bitstream\/handle\/10024\/164966\/2023_STM_17_J.pdf?sequence=1&amp;isAllowed=\" target=\"_blank\" rel=\"noopener\">Vammaissopimuksen selkoversio<\/a> (valtioneuvosto.fi)<\/li>\n<\/ul>\n","protected":false},"excerpt":{"rendered":"<p>Vammaissopimuksen mukaan vammaisella ihmisell\u00e4 on oikeus osallisuuteen. Osallisuus tarkoittaa osallistumista ja vaikuttamista omiin ja yhteisiin asioihin. Sinulla on oikeus asua [&hellip;]<\/p>\n","protected":false},"author":1,"featured_media":14802,"parent":15,"menu_order":26,"comment_status":"closed","ping_status":"closed","template":"","meta":{"_acf_changed":false,"footnotes":""},"class_list":["post-55","page","type-page","status-publish","has-post-thumbnail","hentry"],"acf":[],"_links":{"self":[{"href":"https:\/\/verneri.net\/selko\/wp-json\/wp\/v2\/pages\/55","targetHints":{"allow":["GET"]}}],"collection":[{"href":"https:\/\/verneri.net\/selko\/wp-json\/wp\/v2\/pages"}],"about":[{"href":"https:\/\/verneri.net\/selko\/wp-json\/wp\/v2\/types\/page"}],"author":[{"embeddable":true,"href":"https:\/\/verneri.net\/selko\/wp-json\/wp\/v2\/users\/1"}],"replies":[{"embeddable":true,"href":"https:\/\/verneri.net\/selko\/wp-json\/wp\/v2\/comments?post=55"}],"version-history":[{"count":0,"href":"https:\/\/verneri.net\/selko\/wp-json\/wp\/v2\/pages\/55\/revisions"}],"up":[{"embeddable":true,"href":"https:\/\/verneri.net\/selko\/wp-json\/wp\/v2\/pages\/15"}],"wp:featuredmedia":[{"embeddable":true,"href":"https:\/\/verneri.net\/selko\/wp-json\/wp\/v2\/media\/14802"}],"wp:attachment":[{"href":"https:\/\/verneri.net\/selko\/wp-json\/wp\/v2\/media?parent=55"}],"curies":[{"name":"wp","href":"https:\/\/api.w.org\/{rel}","templated":true}]}}