{"id":58,"date":"2019-09-08T13:08:47","date_gmt":"2019-09-08T10:08:47","guid":{"rendered":"http:\/\/localhost\/verneri\/selko-dev\/hyvinvointi\/vammaisten-oikeudet\/omannakoinen-asuminen\/"},"modified":"2025-12-11T15:32:48","modified_gmt":"2025-12-11T13:32:48","slug":"oikeus-omannakoiseen-asumiseen","status":"publish","type":"page","link":"https:\/\/verneri.net\/selko\/hyvinvointi\/vammaisten-oikeudet\/oikeus-omannakoiseen-asumiseen\/","title":{"rendered":"Oikeus omann\u00e4k\u00f6iseen asumiseen"},"content":{"rendered":"<p>Vammaissopimuksen mukaan vammaisella ihmisell\u00e4 on oikeus asua ja el\u00e4\u00e4, kuten h\u00e4n itse haluaa.<\/p>\n<p>Sinulla on siis oikeus valita<\/p>\n<ul>\n<li>miss\u00e4 asut<\/li>\n<li>miten asut<\/li>\n<li>kenen kanssa asut.<\/li>\n<\/ul>\n<h2>Monenlaisia vaihtoehtoja<\/h2>\n<p><span data-contrast=\"none\">Ihmiset viihtyv\u00e4t erilaisissa kodeissa ja haluavat el\u00e4\u00e4 eri tavoin.<\/span><\/p>\n<p>Voit asua esimerkiksi<\/p>\n<ul>\n<li>yksin omassa kodissa<\/li>\n<li>yhdess\u00e4 yst\u00e4v\u00e4n tai puolison kanssa<\/li>\n<li>ryhm\u00e4kodissa yhdess\u00e4 muiden kanssa.<\/li>\n<\/ul>\n<p>Osa muuttaa vanhempiensa luota omaan kotiin jo nuorena, osa aikuisena.<\/p>\n<h2>Omann\u00e4k\u00f6inen arki<\/h2>\n<p>Oma koti on paikka, jossa saat el\u00e4\u00e4 omann\u00e4k\u00f6ist\u00e4 el\u00e4m\u00e4\u00e4.<\/p>\n<p>Sinulla on oikeus p\u00e4\u00e4tt\u00e4\u00e4 esimerkiksi<\/p>\n<ul>\n<li>milloin alat nukkumaan ja milloin her\u00e4\u00e4t<\/li>\n<li>milloin peseydyt<\/li>\n<li>milloin ja miss\u00e4 sy\u00f6t<\/li>\n<li>milloin siivoat ja teet muita kotiaskareita<\/li>\n<li>mit\u00e4 tekee vapaa-ajalla<\/li>\n<li>milloin tulet kotiin.<\/li>\n<\/ul>\n<p>Sinulla on oikeus tehd\u00e4 my\u00f6s virheit\u00e4 ja v\u00e4\u00e4ri\u00e4 valintoja. Niist\u00e4 oppii.<\/p>\n<h2>Tukea asumiseen<\/h2>\n<p>Omann\u00e4k\u00f6inen asuminen ja arki onnistuu, kun saat oikeanlaista tukea.<\/p>\n<p>Voit saada tukea esimerkiksi<\/p>\n<ul>\n<li>kotit\u00f6ihin<\/li>\n<li>laskujen maksamiseen<\/li>\n<li>kaupassa k\u00e4yntiin<\/li>\n<li>opiskeluun<\/li>\n<li>ty\u00f6ntekoon<\/li>\n<li>harrastamiseen<\/li>\n<li>ihmissuhteisiin.<\/li>\n<\/ul>\n<p>Voit saada tukea<\/p>\n<ul>\n<li>kaverilta<\/li>\n<li>naapurilta<\/li>\n<li>l\u00e4heiselt\u00e4<\/li>\n<li>ohjaajalta<\/li>\n<li>tukihenkil\u00f6lt\u00e4<\/li>\n<li>avustajalta.<\/li>\n<\/ul>\n<p>Jos kaipaat lis\u00e4\u00e4 tukea, juttele asiasta esimerkiksi l\u00e4heisen ihmisen, sosiaality\u00f6ntekij\u00e4n tai ohjaajan kanssa. Miettik\u00e4\u00e4 yhdess\u00e4, miten tuki j\u00e4rjestyy.<\/p>\n<h2>Tukea muuttamiseen<\/h2>\n<p>Sinulla on oikeus saada tukea my\u00f6s silloin, kun suunnittelet muuttoa ja muutat uuteen kotiin.<\/p>\n<p>On t\u00e4rke\u00e4\u00e4, ett\u00e4 saat riitt\u00e4v\u00e4sti tietoa siit\u00e4, millaisia asumisen vaihtoehtoja sinulla on. Voit jutella tarjolla olevista asunnoista ja palveluista esimerkiksi sosiaality\u00f6ntekij\u00e4n tai ohjaajan kanssa.<\/p>\n<p>Hyvinvointialue voi j\u00e4rjest\u00e4\u00e4 sinulle muuttamista varten my\u00f6s valmennusta. Valmennuksessa voit valmistautua muuttoon ja opetella muuttoon liittyvi\u00e4 taitoja.<\/p>\n<p>Valmennuksessa voit opetella ja harjoitella esimerkiksi<\/p>\n<ul>\n<li>siivoamista<\/li>\n<li>ruuanlaittoa<\/li>\n<li>digipalveluiden k\u00e4ytt\u00e4mist\u00e4<\/li>\n<li>raha-asioiden hoitamista<\/li>\n<li>joukkoliikenteen k\u00e4ytt\u00e4mist\u00e4.<\/li>\n<\/ul>\n<h2>N\u00e4in min\u00e4 haluan asua<\/h2>\n<p>Alla on asumiseen ja arkeen liittyvi\u00e4 kysymyksi\u00e4. Kysymysten avulla voit pohtia, onko arkesi sellaista kuin haluat.<\/p>\n<p>Pohdi ensin, millainen sinusta on hyv\u00e4 p\u00e4iv\u00e4:<\/p>\n<ul>\n<li>Monelta her\u00e4\u00e4t?<\/li>\n<li>Mit\u00e4 sy\u00f6t aamupalaksi?<\/li>\n<li>Miss\u00e4 k\u00e4yt t\u00f6iss\u00e4 tai opiskelemassa?<\/li>\n<li>Keit\u00e4 tapaat ja mit\u00e4 teet vapaa-ajalla?<\/li>\n<li>Milloin siivoat?<\/li>\n<li>Mit\u00e4 sy\u00f6t p\u00e4iv\u00e4lliseksi ja iltapalaksi?<\/li>\n<li>Monelta alat nukkumaan?<\/li>\n<\/ul>\n<p>Sujuvatko p\u00e4iv\u00e4si niin kuin itse haluat? Haluatko muuttaa arjessasi jotain?<\/p>\n<p>Jos toivot asumiseen tai arkeen muutosta, juttele asiasta l\u00e4heisen ihmisen, sosiaality\u00f6ntekij\u00e4n tai ohjaajan kanssa. Miettik\u00e4\u00e4 yhdess\u00e4, miten muutos onnistuu.<\/p>\n<p><em>Kysytt\u00e4v\u00e4\u00e4 vammaisten oikeuksista tai asumisesta?<\/em><\/p>\n<p><a href=\"https:\/\/verneri.net\/selko\/verkko-kerttu\/kysy-kertulta\/\">Kysy Kertulta<\/a><\/p>\n<p><strong>L\u00e4hteet ja lis\u00e4tietoa selkokielell\u00e4:<\/strong><\/p>\n<ul>\n<li><a href=\"https:\/\/verneri.net\/selko\/hyvinvointi\/asuminen\/monta-tapaa-asua\/\">Monta tapaa asua<\/a><\/li>\n<li><a href=\"https:\/\/verneri.net\/selko\/hyvinvointi\/apua-ja-tukea-arkeen\/asumisen-tuki\/\" rel=\"noopener\">Asumisen tuki<\/a><\/li>\n<li><a href=\"https:\/\/www.aspa.fi\/tietoa-aspasta\/tapamme-toimia\/asukkaan-oikeudet\/\" target=\"_blank\" rel=\"noopener\">Aspa: Asukkaan oikeuksien opas<\/a> (aspa.fi)<\/li>\n<li><a href=\"https:\/\/www.tukiliitto.fi\/oikeudet\/asuminen\/\" target=\"_blank\" rel=\"noopener\">Asuminen<\/a> (tukiliitto.fi)<\/li>\n<li><a href=\"http:\/\/urn.fi\/URN:ISBN:978-952-00-2359-1\" target=\"_blank\" rel=\"noopener\">YK:n vammaissopimus selkokielell\u00e4<\/a> (urn.fi)<\/li>\n<\/ul>\n<p><strong>Kuva:<\/strong> iStock<\/p>\n","protected":false},"excerpt":{"rendered":"<p>Vammaissopimuksen mukaan vammaisella ihmisell\u00e4 on oikeus asua ja el\u00e4\u00e4, kuten h\u00e4n itse haluaa. Sinulla on siis oikeus valita miss\u00e4 asut [&hellip;]<\/p>\n","protected":false},"author":1,"featured_media":17011,"parent":15,"menu_order":36,"comment_status":"closed","ping_status":"closed","template":"","meta":{"_acf_changed":false,"footnotes":""},"class_list":["post-58","page","type-page","status-publish","has-post-thumbnail","hentry"],"acf":[],"_links":{"self":[{"href":"https:\/\/verneri.net\/selko\/wp-json\/wp\/v2\/pages\/58","targetHints":{"allow":["GET"]}}],"collection":[{"href":"https:\/\/verneri.net\/selko\/wp-json\/wp\/v2\/pages"}],"about":[{"href":"https:\/\/verneri.net\/selko\/wp-json\/wp\/v2\/types\/page"}],"author":[{"embeddable":true,"href":"https:\/\/verneri.net\/selko\/wp-json\/wp\/v2\/users\/1"}],"replies":[{"embeddable":true,"href":"https:\/\/verneri.net\/selko\/wp-json\/wp\/v2\/comments?post=58"}],"version-history":[{"count":0,"href":"https:\/\/verneri.net\/selko\/wp-json\/wp\/v2\/pages\/58\/revisions"}],"up":[{"embeddable":true,"href":"https:\/\/verneri.net\/selko\/wp-json\/wp\/v2\/pages\/15"}],"wp:featuredmedia":[{"embeddable":true,"href":"https:\/\/verneri.net\/selko\/wp-json\/wp\/v2\/media\/17011"}],"wp:attachment":[{"href":"https:\/\/verneri.net\/selko\/wp-json\/wp\/v2\/media?parent=58"}],"curies":[{"name":"wp","href":"https:\/\/api.w.org\/{rel}","templated":true}]}}